{"id":29436,"date":"2020-04-08T12:03:24","date_gmt":"2020-04-08T12:03:24","guid":{"rendered":"https:\/\/www.conferento.com\/?page_id=29436"},"modified":"2025-02-03T10:05:30","modified_gmt":"2025-02-03T10:05:30","slug":"impressum-2","status":"publish","type":"page","link":"https:\/\/www.conferento.com\/pt-pt\/impressum-2\/","title":{"rendered":"Cunho"},"content":{"rendered":"<div class=\"wpb-content-wrapper\"><p>[vc_row full_width=&#8221;stretch_row&#8221; css=&#8221;.vc_custom_1586338568590{background-color: #ffffff !important;}&#8221;][vc_column width=&#8221;1\/2&#8243;][vc_raw_html]JTNDaDElMjBzdHlsZSUzRCUyMnRleHQtYWxpZ24lM0ElMjBsZWZ0JTNCJTIyJTNFJTNDc3BhbiUyMHN0eWxlJTNEJTIyY29sb3IlM0ElMjByZ2JhJTI4MCUyQzAlMkMwJTJDMC44NyUyOSUzQiUyMiUzRURldGFsaGVzJTIwZGUlMjBjb250YXRvJTNDJTJGc3BhbiUzRSUzQyUyRmgxJTNF[\/vc_raw_html][vc_separator color=&#8221;custom&#8221; align=&#8221;align_left&#8221; border_width=&#8221;3&#8243; el_width=&#8221;10&#8243; css=&#8221;.vc_custom_1586336971411{margin-top: -15px !important;}&#8221; accent_color=&#8221;#6e98e3&#8243;][vc_column_text]<img loading=\"lazy\" decoding=\"async\" class=\"alignleft wp-image-29399 size-full\" src=\"https:\/\/www.conferento.com\/wp-content\/uploads\/2020\/04\/conf-contact5.svg\" alt=\"\" width=\"40\" height=\"55\" \/> <b style=\"font-size: 16px;\">Telefone<\/b><br \/>\n+49 176 377 090 70[\/vc_column_text][vc_column_text]<img loading=\"lazy\" decoding=\"async\" class=\"alignleft wp-image-29399 size-full\" src=\"https:\/\/www.conferento.com\/wp-content\/uploads\/2020\/04\/conf-contact3.svg\" alt=\"\" width=\"40\" height=\"55\" \/> <b style=\"font-size: 16px;\">E-mail<\/b><br \/>\ninfo@conferento.com[\/vc_column_text][vc_column_text]<img loading=\"lazy\" decoding=\"async\" class=\"alignleft wp-image-29399 size-full\" src=\"https:\/\/www.conferento.com\/wp-content\/uploads\/2020\/04\/conf-contact2.svg\" alt=\"\" width=\"40\" height=\"55\" \/> <b style=\"font-size: 16px;\">Site<\/b><br \/>\nwww.conferento.com[\/vc_column_text][vc_column_text css=&#8221;&#8221;]<img loading=\"lazy\" decoding=\"async\" class=\"alignleft wp-image-29399 size-full\" src=\"https:\/\/www.conferento.com\/wp-content\/uploads\/2020\/04\/conf-contact4.svg\" alt=\"\" width=\"40\" height=\"55\" \/> <b style=\"font-size: 16px;\">Morada<\/b><br \/>\nInnsbrucker Bundesstra\u00dfe 36\/3 \u2022 A-5020 Salzburg[\/vc_column_text][vc_column_text]<img loading=\"lazy\" decoding=\"async\" class=\"alignleft wp-image-29399 size-full\" src=\"https:\/\/www.conferento.com\/wp-content\/uploads\/2020\/04\/conf-contact1.svg\" alt=\"\" width=\"40\" height=\"55\" \/> <b style=\"font-size: 16px;\">Hor\u00e1rio de expediente<\/b><br \/>\nSegunda a sexta-feira, das 9h \u00e0s 17h[\/vc_column_text][\/vc_column][vc_column width=&#8221;1\/2&#8243;][vc_raw_html]JTNDaDElMjBzdHlsZSUzRCUyMnRleHQtYWxpZ24lM0ElMjBsZWZ0JTNCJTIyJTNFJTNDc3BhbiUyMHN0eWxlJTNEJTIyY29sb3IlM0ElMjByZ2JhJTI4MCUyQzAlMkMwJTJDMC44NyUyOSUzQiUyMiUzRUN1bmhvJTNDJTJGc3BhbiUzRSUzQyUyRmgxJTNF[\/vc_raw_html][vc_separator color=&#8221;custom&#8221; align=&#8221;align_left&#8221; border_width=&#8221;3&#8243; el_width=&#8221;10&#8243; css=&#8221;.vc_custom_1586336982078{margin-top: -15px !important;}&#8221; accent_color=&#8221;#6e98e3&#8243;][vc_column_text css=&#8221;&#8221;]<img loading=\"lazy\" decoding=\"async\" class=\"alignnone size-full wp-image-29440\" src=\"https:\/\/www.conferento.com\/wp-content\/uploads\/2020\/04\/cinco-logo.svg\" alt=\"\" width=\"239\" height=\"34\" \/><\/p>\n<p>Software GmbH<br \/>\nInnsbrucker Bundesstra\u00dfe 36\/3<br \/>\nA-5020 Salzburg<\/p>\n<p><strong>CEO:<\/strong><br \/>\n<img loading=\"lazy\" decoding=\"async\" class=\"alignnone size-full wp-image-29448\" src=\"https:\/\/www.conferento.com\/wp-content\/uploads\/2020\/04\/GF.png\" alt=\"\" width=\"85\" height=\"14\" srcset=\"https:\/\/www.conferento.com\/wp-content\/uploads\/2020\/04\/GF.png 85w, https:\/\/www.conferento.com\/wp-content\/uploads\/2020\/04\/GF-24x4.png 24w, https:\/\/www.conferento.com\/wp-content\/uploads\/2020\/04\/GF-36x6.png 36w, https:\/\/www.conferento.com\/wp-content\/uploads\/2020\/04\/GF-48x8.png 48w\" sizes=\"auto, (max-width: 85px) 100vw, 85px\" \/><\/p>\n<p><strong>Registro de companhia:<\/strong><br \/>\nLandesgericht Salzburg<\/p>\n<p><strong>N\u00famero de registro corporativo:<\/strong><br \/>\nFN 36 11 49 b<\/p>\n<p><strong>N\u00fameros fiscais:<\/strong><br \/>\nUID: ATU66522355<br \/>\nSt-Nr.: 149\/0589[\/vc_column_text][\/vc_column][\/vc_row][vc_row][vc_column][vc_separator css=&#8221;.vc_custom_1586349285541{margin-top: -15px !important;margin-bottom: 25px !important;}&#8221;][vc_column_text]<strong>Informa\u00e7\u00f5es obrigat\u00f3rias de acordo com o Artigo 13 do GDPR <\/strong><\/p>\n<p style=\"font-size: 12px; line-height: 14px;\">No caso do primeiro contato, somos obrigados, nos termos dos artigos 12 e 13 do GDPR, a fornecer as seguintes informa\u00e7\u00f5es obrigat\u00f3rias de prote\u00e7\u00e3o de dados: Se voc\u00ea entrar em contato por e-mail, processaremos seus dados pessoais apenas na medida em que o processamento existe interesse leg\u00edtimo (Artigo 6 (1) (f) GDPR), voc\u00ea consentiu com o tratamento de dados (Artigo 6 (1) (a) GDPR), o processamento para o in\u00edcio, justificativa, conte\u00fado ou modifica\u00e7\u00e3o de uma rela\u00e7\u00e3o jur\u00eddica entre Voc\u00ea e n\u00f3s somos obrigados (Artigo 6 (1) (b) GDPR) ou qualquer outra norma legal que permita o processamento. Seus dados pessoais permanecem conosco at\u00e9 que voc\u00ea nos solicite a exclus\u00e3o, revogue seu consentimento para o armazenamento ou a finalidade do armazenamento de dados seja omitida (por exemplo, ap\u00f3s a conclus\u00e3o de sua preocupa\u00e7\u00e3o). As disposi\u00e7\u00f5es legais obrigat\u00f3rias \u2013 em particular os per\u00edodos de reten\u00e7\u00e3o fiscal e comercial \u2013 permanecem inalteradas. Voc\u00ea tem o direito de, a qualquer momento, receber informa\u00e7\u00f5es sobre a origem, o destinat\u00e1rio e a finalidade dos seus dados pessoais armazenados gratuitamente. Voc\u00ea tamb\u00e9m tem direito de oposi\u00e7\u00e3o, portabilidade de dados e direito de apelar \u00e0 autoridade reguladora apropriada. Voc\u00ea tamb\u00e9m pode solicitar a retifica\u00e7\u00e3o, exclus\u00e3o e, sob certas circunst\u00e2ncias, a restri\u00e7\u00e3o do processamento de seus dados pessoais. Consulte nossa <a href=\"https:\/\/www.conferento.com\/pt-pt\/datenschutz\">Pol\u00edtica de Privacidade<\/a> para obter detalhes. Pode contactar o nosso respons\u00e1vel pela prote\u00e7\u00e3o de dados em datenschutz@cincomedia.eu.<\/p>\n<p>[\/vc_column_text][vc_raw_html]JTNDaDElMjBzdHlsZSUzRCUyMnRleHQtYWxpZ24lM0ElMjBsZWZ0JTNCJTIyJTNFJTNDc3BhbiUyMHN0eWxlJTNEJTIyY29sb3IlM0ElMjByZ2JhJTI4MCUyQzAlMkMwJTJDMC44NyUyOSUzQiUyMiUzRUNyJUMzJUE5ZGl0b3MlMjBkYXMlMjBmb3RvcyUzQyUyRnNwYW4lM0UlM0MlMkZoMSUzRQ==[\/vc_raw_html][vc_separator color=&#8221;custom&#8221; align=&#8221;align_left&#8221; border_width=&#8221;3&#8243; el_width=&#8221;10&#8243; css=&#8221;.vc_custom_1586336982078{margin-top: -15px !important;}&#8221; accent_color=&#8221;#6e98e3&#8243;][vc_column_text]<\/p>\n<div style=\"font-size: 12px; line-height: 14px;\">Imagem Slider Home P\u00e1gina Inicial \u00a9 monkeybusinessimages | www.istockphoto.com Tela inicial \u00a9 courtneyk | www.istockphoto.com Sala de confer\u00eancias \u00a9 Dmitry Koksharov | Hot\u00e9is Fotolia.com \u00a9 kasto &#8211; Centro de escrit\u00f3rios Fotolia.com \u00a9 mooshny &#8211; Localiza\u00e7\u00f5es Fotolia.com \u00a9 pisotskii &#8211; Fotolia.com \u00a9 mooshny | Fotolia.com \u00a9 kasto | Fotolia.com Iniciar imagem \/ banner \u00a9 monkeybusinessimages | istockphoto.com Panorama de Berlim no lado de Berlim: Panorama com a ponte Oberbaum em Berlim \u00a9 draghicich &#8211; Fotolia.com Berlim &#8211; Port\u00e3o de Brandenburgo \u00a9 noppasin wongchum &#8211; Bigstock\u00ae Dresden Panorama no lado de Dresden: Panorama Dresden \u00a9 Imagens de viagens no mundo &#8211; Fotolia.com Panorama de D\u00fcsseldorf no lado de D\u00fcsseldorf: Panorama D\u00fcsseldorf \u00a9 Igor Tarasov &#8211; Fotolia.com Frankfurt Panorama no lado de Frankfurt: Panorama Frankfurt \u00a9 eyetronic &#8211; Fotolia.com Hamburgo Panorama no lado de Hamburgo: Panorama Hamburgo \u00a9 thorabeti &#8211; Fotolia.com Col\u00f4nia Panorama no lado de Col\u00f4nia : Panorama Cologne \u00a9 SeanPavonePhoto &#8211; Fotolia.com Panorama de Leipzig no lado de Leipzig: Panorama de Leipzig \u00a9 industrieblick &#8211; Fotolia.com Panorama de Maiorca no lado de Maiorca: Panorama Mallorca \u00a9 photobeginner &#8211; Fotolia.com Panorama de Munique no lado de Munique: Panorama Munich \u00a9 davis &#8211; Fotolia.com Panorama de Estugarda no lado de Estugarda: Panorama Estugarda \u00a9 thorabeti &#8211; Fotolia.com How`s Business Gr oup Reuni\u00e3o Estrat\u00e9gia de discuss\u00e3o Conceito de trabalho \u00a9 Rawpixel.com | P\u00e1gina inicial do Fotolia.com P\u00e1gina inicial Ingl\u00eas &#8211; Cingapura \u00a9 pixabay.com Graham-H CC0 Creative Commons P\u00e1gina inicial Ingl\u00eas &#8211; Nova York \u00a9 pixabay.com Fotos-livres da CC0 Home do Creative Commons Franc\u00eas &#8211; Paris \u00a9 pixabay.com TheDigitalArtist CC0 Home do Creative Commons Franc\u00eas &#8211; Marselha \u00a9 pixabay .com Samuel Samuel homepage do Creative Commons franc\u00eas &#8211; Lyon \u00a9 pixabay.com akmd homepage do Creative Commons franc\u00eas &#8211; Bruxelas \u00a9 pixabay.com dimitrisvetsikas1969 homepage do Creative Commons franc\u00eas &#8211; Bruxelas \u00a9 pixabay.com dimitrisvetsikas1969 homepage do Creative Commons franc\u00eas &#8211; Nice \u00a9 pixabay.com hpgruesen CC0 Home do Creative Commons Italiano &#8211; G\u00eanova \u00a9 pixabay.com neufal54 CC0 Home do Creative Commons Italiano &#8211; G\u00eanova \u00a9 pixabay.com neufal54 CC0 Home do Creative Commons Italiano &#8211; Turim \u00a9 pixabay.com SplitShire CC0S Home do Creative Commons Espanhol &#8211; M\u00e1laga \u00a9 pixabay.com postcardtrip CC0 Creative Commons S P\u00e1gina inicial Portugu\u00eas &#8211; Nova York \u00a9 pixabay.com Pexels CC0 Creative Commons P\u00e1gina inicial Ingl\u00eas &#8211; Cingapura \u00a9 pixabay.com tpsdave CC0 Creative Home Italiano &#8211; Bolonha \u00a9 pixabay.com alex1965 CC0 Creative Commons Inicial Italiano &#8211; Bolonha \u00a9 pixabay.com RitaMichelon CC0 Creative Home Italiano &#8211; Bolonha \u00a9 pixabay.com DEZALB CC0 P\u00e1gina inicial do Creative Commons Italiano &#8211; G\u00eanova \u00a9 pixabay.com dexmac Homepage do Creative Commons Italiano &#8211; G\u00eanova \u00a9 pixabay.com dexmac Homepage do Creative Commons English &#8211; Budapeste \u00a9 pixabay.com nextvoyage CC0 p\u00e1gina inicial do Creative Commons Portugu\u00eas &#8211; Budapeste \u00a9 pixabay.com AdamHillTravel CC0 Creative Commons P\u00e1gina inicial Portugu\u00eas &#8211; Budapeste \u00a9 pixabay.com DUOTONE_ CC0 Creative Commons &#8211; Como funciona &#8211; 2mmedia &#8211; stock.adobe.com Photographee.eu &#8211; stock.adobe.com NDABCREATIVITY &#8211; stock.adobe.com<\/div>\n<p>[\/vc_column_text][\/vc_column][\/vc_row]<\/p>\n<\/div>","protected":false},"excerpt":{"rendered":"<p>[vc_row full_width=&#8221;stretch_row&#8221; css=&#8221;.vc_custom_1586338568590{background-color: #ffffff !important;}&#8221;][vc_column width=&#8221;1\/2&#8243;][vc_raw_html]JTNDaDElMjBzdHlsZSUzRCUyMnRleHQtYWxpZ24lM0ElMjBsZWZ0JTNCJTIyJTNFJTNDc3BhbiUyMHN0eWxlJTNEJTIyY29sb3IlM0ElMjByZ2JhJTI4MCUyQzAlMkMwJTJDMC44NyUyOSUzQiUyMiUzRURldGFsaGVzJTIwZGUlMjBjb250YXRvJTNDJTJGc3BhbiUzRSUzQyUyRmgxJTNF[\/vc_raw_html][vc_separator color=&#8221;custom&#8221; align=&#8221;align_left&#8221; border_width=&#8221;3&#8243; el_width=&#8221;10&#8243; css=&#8221;.vc_custom_1586336971411{margin-top: -15px !important;}&#8221; accent_color=&#8221;#6e98e3&#8243;][vc_column_text] Telefone +49 176 377 090 70[\/vc_column_text][vc_column_text] E-mail info@conferento.com[\/vc_column_text][vc_column_text] Site www.conferento.com[\/vc_column_text][vc_column_text css=&#8221;&#8221;] Morada Innsbrucker Bundesstra\u00dfe 36\/3 \u2022 A-5020 Salzburg[\/vc_column_text][vc_column_text] Hor\u00e1rio de expediente Segunda a sexta-feira, das 9h \u00e0s 17h[\/vc_column_text][\/vc_column][vc_column width=&#8221;1\/2&#8243;][vc_raw_html]JTNDaDElMjBzdHlsZSUzRCUyMnRleHQtYWxpZ24lM0ElMjBsZWZ0JTNCJTIyJTNFJTNDc3BhbiUyMHN0eWxlJTNEJTIyY29sb3IlM0ElMjByZ2JhJTI4MCUyQzAlMkMwJTJDMC44NyUyOSUzQiUyMiUzRUN1bmhvJTNDJTJGc3BhbiUzRSUzQyUyRmgxJTNF[\/vc_raw_html][vc_separator color=&#8221;custom&#8221; align=&#8221;align_left&#8221; border_width=&#8221;3&#8243; el_width=&#8221;10&#8243; css=&#8221;.vc_custom_1586336982078{margin-top: -15px !important;}&#8221; accent_color=&#8221;#6e98e3&#8243;][vc_column_text css=&#8221;&#8221;] Software GmbH Innsbrucker &hellip; <br \/><a href=\"https:\/\/www.conferento.com\/pt-pt\/impressum-2\/\" class=\"more-link\">Continue reading <span class=\"screen-reader-text\">Cunho<\/span><\/a><\/p>\n","protected":false},"author":1,"featured_media":0,"parent":0,"menu_order":0,"comment_status":"closed","ping_status":"closed","template":"","meta":{"inline_featured_image":false,"footnotes":""},"class_list":["post-29436","page","type-page","status-publish","hentry"],"_links":{"self":[{"href":"https:\/\/www.conferento.com\/pt-pt\/wp-json\/wp\/v2\/pages\/29436","targetHints":{"allow":["GET"]}}],"collection":[{"href":"https:\/\/www.conferento.com\/pt-pt\/wp-json\/wp\/v2\/pages"}],"about":[{"href":"https:\/\/www.conferento.com\/pt-pt\/wp-json\/wp\/v2\/types\/page"}],"author":[{"embeddable":true,"href":"https:\/\/www.conferento.com\/pt-pt\/wp-json\/wp\/v2\/users\/1"}],"replies":[{"embeddable":true,"href":"https:\/\/www.conferento.com\/pt-pt\/wp-json\/wp\/v2\/comments?post=29436"}],"version-history":[{"count":1,"href":"https:\/\/www.conferento.com\/pt-pt\/wp-json\/wp\/v2\/pages\/29436\/revisions"}],"predecessor-version":[{"id":39300,"href":"https:\/\/www.conferento.com\/pt-pt\/wp-json\/wp\/v2\/pages\/29436\/revisions\/39300"}],"wp:attachment":[{"href":"https:\/\/www.conferento.com\/pt-pt\/wp-json\/wp\/v2\/media?parent=29436"}],"curies":[{"name":"wp","href":"https:\/\/api.w.org\/{rel}","templated":true}]}}