{"id":25427,"date":"2017-09-01T01:45:35","date_gmt":"2017-09-01T01:45:35","guid":{"rendered":"https:\/\/www.conferento.com\/anbieter-informationen"},"modified":"2020-07-03T05:29:24","modified_gmt":"2020-07-03T05:29:24","slug":"anuncie-e-alugue-a-sala-de-conferencias-do-espaco-de-coworking-gratuitamente","status":"publish","type":"page","link":"https:\/\/www.conferento.com\/pt-pt\/anuncie-e-alugue-a-sala-de-conferencias-do-espaco-de-coworking-gratuitamente\/","title":{"rendered":"Anuncie e alugue a sala de confer\u00eancias do espa\u00e7o de coworking gratuitamente"},"content":{"rendered":"<div class=\"wpb-content-wrapper\"><p>[vc_row][vc_column][vc_empty_space height=&#8221;30px&#8221;][vc_raw_html css=&#8221;.vc_custom_1586414822383{margin-top: -15px !important;}&#8221;]JTNDaDElMjBzdHlsZSUzRCUyMnRleHQtYWxpZ24lM0ElMjBjZW50ZXIlM0IlMjIlM0UlM0NzcGFuJTIwc3R5bGUlM0QlMjJjb2xvciUzQSUyMHJnYmElMjgwJTJDMCUyQzAlMkMwLjg3JTI5JTNCJTIyJTNFUHVibGlxdWUlMjBlc3BhJUMzJUE3byUyMGVtJTIwMyUyMGV0YXBhcyUzQyUyRnNwYW4lM0UlM0MlMkZoMSUzRQ==[\/vc_raw_html][vc_separator color=&#8221;custom&#8221; border_width=&#8221;3&#8243; el_width=&#8221;10&#8243; accent_color=&#8221;#6e98e3&#8243; css=&#8221;.vc_custom_1586163362749{margin-top: -15px !important;}&#8221;][vc_empty_space height=&#8221;5px&#8221;][\/vc_column][\/vc_row][vc_row full_width=&#8221;stretch_row&#8221; equal_height=&#8221;yes&#8221; css=&#8221;.vc_custom_1586162603580{background-color: #f2f2f2 !important;}&#8221;][vc_column][vc_row_inner][vc_column_inner width=&#8221;3\/12&#8243;][vc_empty_space height=&#8221;60px&#8221; el_class=&#8221;hidden-sm hidden-xs&#8221;][vc_empty_space height=&#8221;70px&#8221;][apus_steps_work title=&#8221;Registo&#8221; image=&#8221;241&#8243; style=&#8221;top&#8221; description=&#8221;Primeiro, registre-se com o formul\u00e1rio de inscri\u00e7\u00e3o ou envie-nos um e-mail com seus dados de contato!&#8221;][\/vc_column_inner][vc_column_inner width=&#8221;2\/12&#8243;][vc_empty_space height=&#8221;60px&#8221; el_class=&#8221;hidden-sm hidden-xs&#8221;][vc_empty_space height=&#8221;80px&#8221;][vc_single_image image=&#8221;244&#8243; img_size=&#8221;full&#8221; el_class=&#8221;hidden-sm hidden-xs&#8221;][\/vc_column_inner][vc_column_inner width=&#8221;2\/12&#8243;][apus_steps_work title=&#8221;Inserir espa\u00e7os&#8221; image=&#8221;242&#8243; style=&#8221;bottom&#8221; description=&#8221;Selecione sua categoria e liste seus quartos, servi\u00e7os e ofertas nela!&#8221;][\/vc_column_inner][vc_column_inner width=&#8221;2\/12&#8243;][vc_empty_space height=&#8221;80px&#8221; el_class=&#8221;hidden-sm hidden-xs&#8221;][vc_empty_space height=&#8221;90px&#8221; el_class=&#8221;hidden-sm hidden-xs&#8221;][vc_empty_space height=&#8221;90px&#8221;][vc_single_image image=&#8221;245&#8243; img_size=&#8221;full&#8221; el_class=&#8221;hidden-sm hidden-xs&#8221;][\/vc_column_inner][vc_column_inner width=&#8221;3\/12&#8243;][vc_empty_space height=&#8221;70px&#8221; el_class=&#8221;hidden-sm hidden-xs&#8221;][vc_empty_space height=&#8221;60px&#8221;][apus_steps_work title=&#8221;Publicar&#8221; image=&#8221;243&#8243; style=&#8221;top&#8221; description=&#8221;Coloque essas ofertas on-line com um clique do mouse e a partir de agora voc\u00ea estar\u00e1 presente com a nossa oferta para nossos clientes.&#8221;][\/vc_column_inner][\/vc_row_inner][vc_column_text]<!--?php esc_html_e( 'Register','apuslisting' ); ?-->[\/vc_column_text][\/vc_column][\/vc_row][vc_row][vc_column][vc_raw_html]JTNDZGl2JTIwc3R5bGUlM0QlMjJ0ZXh0LWFsaWduJTNBY2VudGVyJTNCJTIyJTNFJTBBJTNDYSUyMGhyZWYlM0QlMjJodHRwcyUzQSUyRiUyRnd3dy5jb25mZXJlbnRvLmNvbSUyRnB0LXB0JTJGcmVnaXN0cmllcmVuJTIyJTIwY2xhc3MlM0QlMjJhcHVzLXVzZXItcmVnaXN0ZXIlMjB3ZWwtdXNlciUyMGFkZC1saXN0aW5nJTIyJTNFUmVnaXN0cmUtc2UlMjBhZ29yYSUzQyUyRmElM0UlMEElM0MlMkZkaXYlM0UlMEE=[\/vc_raw_html][vc_empty_space height=&#8221;95px&#8221;][\/vc_column][\/vc_row]<\/p>\n<\/div>","protected":false},"excerpt":{"rendered":"<p>[vc_row][vc_column][vc_empty_space height=&#8221;30px&#8221;][vc_raw_html css=&#8221;.vc_custom_1586414822383{margin-top: -15px !important;}&#8221;]JTNDaDElMjBzdHlsZSUzRCUyMnRleHQtYWxpZ24lM0ElMjBjZW50ZXIlM0IlMjIlM0UlM0NzcGFuJTIwc3R5bGUlM0QlMjJjb2xvciUzQSUyMHJnYmElMjgwJTJDMCUyQzAlMkMwLjg3JTI5JTNCJTIyJTNFUHVibGlxdWUlMjBlc3BhJUMzJUE3byUyMGVtJTIwMyUyMGV0YXBhcyUzQyUyRnNwYW4lM0UlM0MlMkZoMSUzRQ==[\/vc_raw_html][vc_separator color=&#8221;custom&#8221; border_width=&#8221;3&#8243; el_width=&#8221;10&#8243; accent_color=&#8221;#6e98e3&#8243; css=&#8221;.vc_custom_1586163362749{margin-top: -15px !important;}&#8221;][vc_empty_space height=&#8221;5px&#8221;][\/vc_column][\/vc_row][vc_row full_width=&#8221;stretch_row&#8221; equal_height=&#8221;yes&#8221; css=&#8221;.vc_custom_1586162603580{background-color: #f2f2f2 !important;}&#8221;][vc_column][vc_row_inner][vc_column_inner width=&#8221;3\/12&#8243;][vc_empty_space height=&#8221;60px&#8221; el_class=&#8221;hidden-sm hidden-xs&#8221;][vc_empty_space height=&#8221;70px&#8221;][apus_steps_work title=&#8221;Registo&#8221; image=&#8221;241&#8243; style=&#8221;top&#8221; description=&#8221;Primeiro, registre-se com o formul\u00e1rio de inscri\u00e7\u00e3o ou envie-nos um e-mail com seus dados de contato!&#8221;][\/vc_column_inner][vc_column_inner width=&#8221;2\/12&#8243;][vc_empty_space height=&#8221;60px&#8221; el_class=&#8221;hidden-sm hidden-xs&#8221;][vc_empty_space height=&#8221;80px&#8221;][vc_single_image image=&#8221;244&#8243; img_size=&#8221;full&#8221; el_class=&#8221;hidden-sm hidden-xs&#8221;][\/vc_column_inner][vc_column_inner width=&#8221;2\/12&#8243;][apus_steps_work title=&#8221;Inserir espa\u00e7os&#8221; image=&#8221;242&#8243; &hellip; <br \/><a href=\"https:\/\/www.conferento.com\/pt-pt\/anuncie-e-alugue-a-sala-de-conferencias-do-espaco-de-coworking-gratuitamente\/\" class=\"more-link\">Continue reading <span class=\"screen-reader-text\">Anuncie e alugue a sala de confer\u00eancias do espa\u00e7o de coworking gratuitamente<\/span><\/a><\/p>\n","protected":false},"author":1,"featured_media":0,"parent":0,"menu_order":0,"comment_status":"closed","ping_status":"closed","template":"","meta":{"inline_featured_image":false,"footnotes":""},"class_list":["post-25427","page","type-page","status-publish","hentry"],"_links":{"self":[{"href":"https:\/\/www.conferento.com\/pt-pt\/wp-json\/wp\/v2\/pages\/25427","targetHints":{"allow":["GET"]}}],"collection":[{"href":"https:\/\/www.conferento.com\/pt-pt\/wp-json\/wp\/v2\/pages"}],"about":[{"href":"https:\/\/www.conferento.com\/pt-pt\/wp-json\/wp\/v2\/types\/page"}],"author":[{"embeddable":true,"href":"https:\/\/www.conferento.com\/pt-pt\/wp-json\/wp\/v2\/users\/1"}],"replies":[{"embeddable":true,"href":"https:\/\/www.conferento.com\/pt-pt\/wp-json\/wp\/v2\/comments?post=25427"}],"version-history":[{"count":0,"href":"https:\/\/www.conferento.com\/pt-pt\/wp-json\/wp\/v2\/pages\/25427\/revisions"}],"wp:attachment":[{"href":"https:\/\/www.conferento.com\/pt-pt\/wp-json\/wp\/v2\/media?parent=25427"}],"curies":[{"name":"wp","href":"https:\/\/api.w.org\/{rel}","templated":true}]}}