{"id":25275,"date":"2018-04-13T11:03:28","date_gmt":"2018-04-13T11:03:28","guid":{"rendered":"https:\/\/www.conferento.com\/so-funktioniert-es"},"modified":"2020-04-18T04:33:01","modified_gmt":"2020-04-18T04:33:01","slug":"e-assim-que-funciona","status":"publish","type":"page","link":"https:\/\/www.conferento.com\/pt-pt\/e-assim-que-funciona\/","title":{"rendered":"\u00c9 assim que funciona"},"content":{"rendered":"<div class=\"wpb-content-wrapper\"><p>[vc_row full_width=&#8221;stretch_row&#8221; css=&#8221;.vc_custom_1586593140832{margin-top: 35px !important;}&#8221;][vc_column][vc_column_text]<\/p>\n<h1 style=\"text-align: center;\"><span style=\"color: rgba(0,0,0,0.87);\">Encontre o local perfeito para o seu evento ou trabalho de reuni\u00e3o<\/span><\/h1>\n<p>[\/vc_column_text][vc_separator color=&#8221;custom&#8221; border_width=&#8221;3&#8243; el_width=&#8221;10&#8243; accent_color=&#8221;#6e98e3&#8243; css=&#8221;.vc_custom_1586593179923{margin-top: -15px !important;}&#8221;][\/vc_column][\/vc_row][vc_row][vc_column width=&#8221;1\/2&#8243;][vc_single_image image=&#8221;29698&#8243; img_size=&#8221;350&#215;350&#8243; alignment=&#8221;center&#8221;][\/vc_column][vc_column width=&#8221;1\/2&#8243;][vc_column_text]<strong>Aqui voc\u00ea encontrar\u00e1 uma vis\u00e3o geral dos provedores para todos os tipos de salas de confer\u00eancia. De uma pequena sala de reuni\u00f5es em um centro de escrit\u00f3rios, uma sala de confer\u00eancias em um hotel, uma sala em um espa\u00e7o de trabalho ou um grande sal\u00e3o para um evento especial. Queremos tornar a pesquisa o mais f\u00e1cil poss\u00edvel para voc\u00ea. <\/strong><\/p>\n<p>Abaixo, voc\u00ea encontrar\u00e1 informa\u00e7\u00f5es importantes e dicas \u00fateis sobre como chegar \u00e0 sala de reuni\u00e3o ou local da confer\u00eancia desejada com apenas alguns cliques do mouse. Tamb\u00e9m ficar\u00edamos felizes em ajud\u00e1-lo se voc\u00ea n\u00e3o conseguir obter as informa\u00e7\u00f5es necess\u00e1rias aqui.<\/p>\n<p>Reserve diretamente e economize! Se voc\u00ea encontrou o local certo da confer\u00eancia, sala de confer\u00eancia ou reuni\u00e3o, reserve esta oferta diretamente e sem desvios do respectivo fornecedor.[\/vc_column_text][\/vc_column][\/vc_row][vc_row css=&#8221;.vc_custom_1586593922483{margin-top: 30px !important;}&#8221;][vc_column][vc_column_text]<\/p>\n<h1 style=\"text-align: center;\"><span style=\"color: rgba(0,0,0,0.87);\">\u00c9 assim que funciona<\/span><\/h1>\n<p>[\/vc_column_text][vc_separator color=&#8221;custom&#8221; border_width=&#8221;3&#8243; el_width=&#8221;10&#8243; accent_color=&#8221;#6e98e3&#8243; css=&#8221;.vc_custom_1586593179923{margin-top: -15px !important;}&#8221;][\/vc_column][\/vc_row][vc_row full_width=&#8221;stretch_row&#8221; css=&#8221;.vc_custom_1586596235532{margin-top: 20px !important;}&#8221;][vc_column width=&#8221;1\/3&#8243;][vc_single_image image=&#8221;24819&#8243; img_size=&#8221;full&#8221; alignment=&#8221;center&#8221;][vc_column_text]<img loading=\"lazy\" decoding=\"async\" class=\"alignnone size-full wp-image-24801 imgab\" src=\"https:\/\/www.conferento.com\/wp-content\/uploads\/2020\/01\/step4.png\" alt=\"\" width=\"155\" height=\"35\" srcset=\"https:\/\/www.conferento.com\/wp-content\/uploads\/2020\/01\/step4.png 155w, https:\/\/www.conferento.com\/wp-content\/uploads\/2020\/01\/step4-150x35.png 150w, https:\/\/www.conferento.com\/wp-content\/uploads\/2020\/01\/step4-24x5.png 24w, https:\/\/www.conferento.com\/wp-content\/uploads\/2020\/01\/step4-36x8.png 36w, https:\/\/www.conferento.com\/wp-content\/uploads\/2020\/01\/step4-48x11.png 48w\" sizes=\"auto, (max-width: 155px) 100vw, 155px\" \/>[\/vc_column_text][vc_column_text]<\/p>\n<h3 style=\"text-align: center;\">Digite a localiza\u00e7\u00e3o<\/h3>\n<p style=\"text-align: center;\">Basta digitar o pa\u00eds, regi\u00e3o ou c\u00f3digo postal, cidade ou endere\u00e7o planejado e selecionar e especificar o local desejado ..<\/p>\n<p>[\/vc_column_text][vc_empty_space height=&#8221;20px&#8221;][\/vc_column][vc_column width=&#8221;1\/3&#8243;][vc_single_image image=&#8221;24813&#8243; img_size=&#8221;full&#8221; alignment=&#8221;center&#8221;][vc_column_text]<img loading=\"lazy\" decoding=\"async\" class=\"alignnone size-full wp-image-24801 imgab\" src=\"https:\/\/www.conferento.com\/wp-content\/uploads\/2020\/01\/step4.png\" alt=\"\" width=\"155\" height=\"35\" srcset=\"https:\/\/www.conferento.com\/wp-content\/uploads\/2020\/01\/step4.png 155w, https:\/\/www.conferento.com\/wp-content\/uploads\/2020\/01\/step4-150x35.png 150w, https:\/\/www.conferento.com\/wp-content\/uploads\/2020\/01\/step4-24x5.png 24w, https:\/\/www.conferento.com\/wp-content\/uploads\/2020\/01\/step4-36x8.png 36w, https:\/\/www.conferento.com\/wp-content\/uploads\/2020\/01\/step4-48x11.png 48w\" sizes=\"auto, (max-width: 155px) 100vw, 155px\" \/>[\/vc_column_text][vc_column_text]<\/p>\n<h3 style=\"text-align: center;\">Escolha uma categoria<\/h3>\n<p style=\"text-align: center;\">Escolha entre as v\u00e1rias categorias e ofertas e filtre seu espa\u00e7o de acordo com o n\u00famero de pessoas, a ocasi\u00e3o e o equipamento ..<\/p>\n<p>[\/vc_column_text][vc_empty_space height=&#8221;20px&#8221;][\/vc_column][vc_column width=&#8221;1\/3&#8243;][vc_single_image image=&#8221;24807&#8243; img_size=&#8221;full&#8221; alignment=&#8221;center&#8221;][vc_column_text]<\/p>\n<h3 style=\"text-align: center;\">Encontre espa\u00e7os<\/h3>\n<p style=\"text-align: center;\">Selecione seu espa\u00e7o e reserve diretamente on-line ou entre em contato diretamente com o respectivo fornecedor ..<\/p>\n<p>[\/vc_column_text][vc_empty_space height=&#8221;20px&#8221;][\/vc_column][\/vc_row][vc_row][vc_column][vc_column_text]<\/p>\n<p style=\"text-align: center;\"><a style=\"background: #fa2121; border-radius: 3px; padding: 8px 20px; color: white; font-size: 14px; font-weight: 600; text-align: center; text-decoration: none; display: inline-block;\" href=\"https:\/\/www.conferento.com\/pt-pt\/listings\">Todas as ofertas<\/a><\/p>\n<p>[\/vc_column_text][vc_empty_space height=&#8221;60px&#8221;][\/vc_column][\/vc_row][vc_row][vc_column][vc_column_text]<\/p>\n<h1 style=\"text-align: center;\"><span style=\"color: rgba(0,0,0,0.87);\">Suas vantagens<\/span><\/h1>\n<p>[\/vc_column_text][vc_separator color=&#8221;custom&#8221; border_width=&#8221;3&#8243; el_width=&#8221;10&#8243; accent_color=&#8221;#6e98e3&#8243; css=&#8221;.vc_custom_1586593179923{margin-top: -15px !important;}&#8221;][vc_empty_space height=&#8221;20px&#8221;][\/vc_column][\/vc_row][vc_row full_width=&#8221;stretch_row&#8221; css=&#8221;.vc_custom_1586676629140{margin-top: -20px !important;background-color: #f2f2f2 !important;}&#8221;][vc_column width=&#8221;1\/2&#8243;][vc_column_text css=&#8221;.vc_custom_1587184001307{margin-top: 0px !important;margin-right: 0px !important;margin-bottom: 0px !important;margin-left: 0px !important;border-top-width: 0px !important;padding-top: 0px !important;padding-right: 0px !important;padding-bottom: 0px !important;padding-left: 0px !important;}&#8221;]<\/p>\n<div style=\"float: left; width: 100px; height: 120px; margin-right: 15px;\"><img loading=\"lazy\" decoding=\"async\" class=\"size-full wp-image-29568 alignnone\" src=\"https:\/\/www.conferento.com\/wp-content\/uploads\/2020\/04\/correct.svg\" alt=\"\" width=\"80\" height=\"80\" \/><\/div>\n<div>\n<h3>Grande oferta<\/h3>\n<p>Encontre o local certo para todas as ocasi\u00f5es: salas de confer\u00eancia e semin\u00e1rio \u2022 salas de confer\u00eancia \u2022 hot\u00e9is para confer\u00eancias \u2022 escrit\u00f3rios diurnos ..<\/p>\n<\/div>\n<p>[\/vc_column_text][\/vc_column][vc_column width=&#8221;1\/2&#8243;][vc_column_text css=&#8221;.vc_custom_1587183952078{margin-top: 0px !important;margin-right: 0px !important;margin-bottom: 0px !important;margin-left: 0px !important;border-top-width: 0px !important;padding-top: 0px !important;padding-right: 0px !important;padding-bottom: 0px !important;padding-left: 0px !important;}&#8221;]<\/p>\n<div style=\"float: left; width: 100px; height: 120px; margin-right: 15px;\"><img loading=\"lazy\" decoding=\"async\" class=\"size-full wp-image-29568 alignnone\" src=\"https:\/\/www.conferento.com\/wp-content\/uploads\/2020\/04\/correct.svg\" alt=\"\" width=\"80\" height=\"80\" \/><\/div>\n<div>\n<h3>Melhor pre\u00e7o garantido<\/h3>\n<p>Voc\u00ea sempre encontrar\u00e1 os melhores pre\u00e7os e ofertas aqui e ter\u00e1 uma oferta individual criada para um evento maior. N\u00f3s vamos ajud\u00e1-lo ..<\/p>\n<\/div>\n<p>[\/vc_column_text][\/vc_column][\/vc_row][vc_row full_width=&#8221;stretch_row&#8221; css=&#8221;.vc_custom_1586676812962{margin-top: 0px !important;padding-top: 0px !important;padding-bottom: 55px !important;background-color: #f2f2f2 !important;}&#8221;][vc_column width=&#8221;1\/2&#8243;][vc_column_text css=&#8221;.vc_custom_1587184200576{margin-top: 0px !important;margin-right: 0px !important;margin-bottom: 0px !important;margin-left: 0px !important;border-top-width: 0px !important;padding-top: 0px !important;padding-right: 0px !important;padding-bottom: 0px !important;padding-left: 0px !important;}&#8221;]<\/p>\n<div style=\"float: left; width: 100px; height: 120px; margin-right: 15px;\"><img loading=\"lazy\" decoding=\"async\" class=\"size-full wp-image-29568 alignnone\" src=\"https:\/\/www.conferento.com\/wp-content\/uploads\/2020\/04\/correct.svg\" alt=\"\" width=\"80\" height=\"80\" \/><\/div>\n<div>\n<h3>Sem taxas de reserva<\/h3>\n<p>A reserva de uma sala de confer\u00eancia ou reuni\u00e3o via conferento \u00e9 sempre gratuita, sem taxas de reserva, comiss\u00f5es, taxas de ag\u00eancia ou outros custos ..<\/p>\n<\/div>\n<p>[\/vc_column_text][\/vc_column][vc_column width=&#8221;1\/2&#8243;][vc_column_text css=&#8221;.vc_custom_1587184063609{margin-top: 0px !important;margin-right: 0px !important;margin-bottom: 0px !important;margin-left: 0px !important;border-top-width: 0px !important;padding-top: 0px !important;padding-right: 0px !important;padding-bottom: 0px !important;padding-left: 0px !important;}&#8221;]<\/p>\n<div style=\"float: left; width: 100px; height: 120px; margin-right: 15px;\"><img loading=\"lazy\" decoding=\"async\" class=\"size-full wp-image-29568 alignnone\" src=\"https:\/\/www.conferento.com\/wp-content\/uploads\/2020\/04\/correct.svg\" alt=\"\" width=\"80\" height=\"80\" \/><\/div>\n<div>\n<h3>Reservas diretamente<\/h3>\n<p>Voc\u00ea sempre reserva diretamente com o seu provedor ou propriet\u00e1rio e tamb\u00e9m se comunica diretamente com a respectiva pessoa de contato a partir do momento da reserva ..<\/p>\n<\/div>\n<p>[\/vc_column_text][\/vc_column][\/vc_row][vc_row full_width=&#8221;stretch_row&#8221; css=&#8221;.vc_custom_1504066126742{background-color: #f8f8f8 !important;}&#8221;][vc_column][vc_empty_space height=&#8221;40px&#8221;][\/vc_column][\/vc_row][vc_row][vc_column][vc_column_text]<\/p>\n<h1 style=\"text-align: center;\"><span style=\"color: rgba(0,0,0,0.87);\">R\u00e1pido e f\u00e1cil<\/span><\/h1>\n<p>[\/vc_column_text][vc_separator color=&#8221;custom&#8221; border_width=&#8221;3&#8243; el_width=&#8221;10&#8243; accent_color=&#8221;#6e98e3&#8243; css=&#8221;.vc_custom_1586593179923{margin-top: -15px !important;}&#8221;][vc_empty_space height=&#8221;20px&#8221;][\/vc_column][\/vc_row][vc_row][vc_column width=&#8221;1\/2&#8243;][vc_column_text]<\/p>\n<h3>Reserve diretamente e economize!<\/h3>\n<p>Quando voc\u00ea encontrar o local certo da confer\u00eancia, sala de confer\u00eancia ou reuni\u00e3o, reserve ou reserve esta oferta diretamente e sem desvios do respectivo fornecedor. Voc\u00ea pode encontrar uma vis\u00e3o geral de todos os provedores no diret\u00f3rio do provedor. Obtenha uma vis\u00e3o geral r\u00e1pida das ofertas atuais. Basta digitar sua palavra de pesquisa ou a categoria e o local apropriados e voc\u00ea encontrar\u00e1 ofertas adequadas.<\/p>\n<p><strong>Pesquisa por categoria ou setor:<\/strong> pesquise fornecedores com t\u00f3picos espec\u00edficos, como um servi\u00e7o de catering para uma confer\u00eancia ou a tecnologia de eventos ou provedor de servi\u00e7os certo, como um servi\u00e7o de traslado para seus convidados, simplesmente navegue pela categoria de diret\u00f3rio. Encontre o parceiro certo de forma r\u00e1pida e f\u00e1cil aqui.[\/vc_column_text][\/vc_column][vc_column width=&#8221;1\/2&#8243;][vc_single_image image=&#8221;29674&#8243; img_size=&#8221;350&#215;350&#8243; alignment=&#8221;center&#8221;][\/vc_column][\/vc_row][vc_row][vc_column][vc_empty_space height=&#8221;62px&#8221;][\/vc_column][\/vc_row][vc_row][vc_column width=&#8221;1\/2&#8243;][vc_single_image image=&#8221;29680&#8243; img_size=&#8221;350&#215;350&#8243; alignment=&#8221;center&#8221;][\/vc_column][vc_column width=&#8221;1\/2&#8243;][vc_column_text]<\/p>\n<h3>Use nosso servi\u00e7o!<\/h3>\n<p>Basta solicitar informa\u00e7\u00f5es gratuitamente e voc\u00ea receber\u00e1 ofertas personalizadas e personalizadas para op\u00e7\u00f5es de confer\u00eancia e reuni\u00e3o no local desejado. Al\u00e9m disso, voc\u00ea receber\u00e1 uma oferta individual e personalizada do respectivo fornecedor. Um evento s\u00f3 pode ser t\u00e3o bom quanto os fornecedores por tr\u00e1s dele e quem organiza tudo. Nossos fornecedores s\u00e3o apenas parceiros respeit\u00e1veis e verificados. Assim, voc\u00ea tem uma melhor orienta\u00e7\u00e3o e garantia de qualidade ao pesquisar. Jogue com seguran\u00e7a para que seu evento seja um sucesso completo. Informa\u00e7\u00f5es adicionais tamb\u00e9m est\u00e3o dispon\u00edveis nas perguntas frequentes \u279c[\/vc_column_text][\/vc_column][\/vc_row][vc_row][vc_column][vc_column_text]<\/p>\n<p style=\"text-align: center;\"><a style=\"background: #fa2121; border-radius: 3px; padding: 8px 20px; color: white; font-size: 14px; font-weight: 600; text-align: center; text-decoration: none; display: inline-block;\" href=\"https:\/\/www.conferento.com\/pt-pt\/faq-haeufige-fragen\">FAQ &#8211; Perguntas frequentes<\/a><\/p>\n<p>[\/vc_column_text][vc_empty_space height=&#8221;62px&#8221;][\/vc_column][\/vc_row][vc_row][vc_column width=&#8221;1\/2&#8243;][vc_column_text css=&#8221;.vc_custom_1586676099008{margin-top: 0px !important;margin-right: 0px !important;margin-bottom: 0px !important;margin-left: 0px !important;border-top-width: 0px !important;padding-top: 0px !important;padding-right: 0px !important;padding-bottom: 0px !important;padding-left: 0px !important;}&#8221;]<!---\n\n\n<div style=\"float: left; width: 100px; height: 120px; margin-right: 15px;\"><img loading=\"lazy\" decoding=\"async\" class=\"size-full wp-image-29568 alignnone\" src=\"https:\/\/www.conferento.com\/wp-content\/uploads\/2020\/04\/verified.svg\" alt=\"\" width=\"80\" height=\"80\" \/><\/div>\n\n\n\n\n<div>\n\n\n<h3>Stundenweise mieten<\/h3>\n\n\nMieten und buchen Sie Ihren Tagungs- oder Besprechungsraum sofort und jederzeit und das bereits ab einer Stunde Mietzeit mit vollem Service und in professioneller Umgebung ..<\/div>\n\n\n-->[\/vc_column_text][\/vc_column][vc_column width=&#8221;1\/2&#8243;][vc_column_text css=&#8221;.vc_custom_1586676135255{margin-top: 0px !important;margin-right: 0px !important;margin-bottom: 0px !important;margin-left: 0px !important;border-top-width: 0px !important;padding-top: 0px !important;padding-right: 0px !important;padding-bottom: 0px !important;padding-left: 0px !important;}&#8221;]<!---\n\n\n<div style=\"float: left; width: 100px; height: 120px; margin-right: 15px;\"><img loading=\"lazy\" decoding=\"async\" class=\"size-full wp-image-29568 alignnone\" src=\"https:\/\/www.conferento.com\/wp-content\/uploads\/2020\/04\/yes.svg\" alt=\"\" width=\"80\" height=\"80\" \/><\/div>\n\n\n\n\n<div>\n\n\n<h3>Freie Termine & Kapazit\u00e4ten<\/h3>\n\n\nDurch unser Online Buchungstool und unser Echtzeitsystem sehen Sie sofort, wann ein gew\u00fcnschter Raum nicht belegt ist und durch Sie gebucht bzw. gemietet werden kann ..<\/div>\n\n\n--->[\/vc_column_text][\/vc_column][\/vc_row][vc_row][vc_column][vc_empty_space height=&#8221;62px&#8221;][\/vc_column][\/vc_row]<\/p>\n<\/div>","protected":false},"excerpt":{"rendered":"<p>[vc_row full_width=&#8221;stretch_row&#8221; css=&#8221;.vc_custom_1586593140832{margin-top: 35px !important;}&#8221;][vc_column][vc_column_text] Encontre o local perfeito para o seu evento ou trabalho de reuni\u00e3o [\/vc_column_text][vc_separator color=&#8221;custom&#8221; border_width=&#8221;3&#8243; el_width=&#8221;10&#8243; accent_color=&#8221;#6e98e3&#8243; css=&#8221;.vc_custom_1586593179923{margin-top: -15px !important;}&#8221;][\/vc_column][\/vc_row][vc_row][vc_column width=&#8221;1\/2&#8243;][vc_single_image image=&#8221;29698&#8243; img_size=&#8221;350&#215;350&#8243; alignment=&#8221;center&#8221;][\/vc_column][vc_column width=&#8221;1\/2&#8243;][vc_column_text]Aqui voc\u00ea encontrar\u00e1 uma vis\u00e3o geral dos provedores para todos os tipos de salas de confer\u00eancia. De uma pequena sala de reuni\u00f5es em um centro de &hellip; <br \/><a href=\"https:\/\/www.conferento.com\/pt-pt\/e-assim-que-funciona\/\" class=\"more-link\">Continue reading <span class=\"screen-reader-text\">\u00c9 assim que funciona<\/span><\/a><\/p>\n","protected":false},"author":1,"featured_media":0,"parent":0,"menu_order":0,"comment_status":"closed","ping_status":"closed","template":"","meta":{"inline_featured_image":false,"footnotes":""},"class_list":["post-25275","page","type-page","status-publish","hentry"],"_links":{"self":[{"href":"https:\/\/www.conferento.com\/pt-pt\/wp-json\/wp\/v2\/pages\/25275","targetHints":{"allow":["GET"]}}],"collection":[{"href":"https:\/\/www.conferento.com\/pt-pt\/wp-json\/wp\/v2\/pages"}],"about":[{"href":"https:\/\/www.conferento.com\/pt-pt\/wp-json\/wp\/v2\/types\/page"}],"author":[{"embeddable":true,"href":"https:\/\/www.conferento.com\/pt-pt\/wp-json\/wp\/v2\/users\/1"}],"replies":[{"embeddable":true,"href":"https:\/\/www.conferento.com\/pt-pt\/wp-json\/wp\/v2\/comments?post=25275"}],"version-history":[{"count":0,"href":"https:\/\/www.conferento.com\/pt-pt\/wp-json\/wp\/v2\/pages\/25275\/revisions"}],"wp:attachment":[{"href":"https:\/\/www.conferento.com\/pt-pt\/wp-json\/wp\/v2\/media?parent=25275"}],"curies":[{"name":"wp","href":"https:\/\/api.w.org\/{rel}","templated":true}]}}