{"id":25269,"date":"2017-09-06T09:31:07","date_gmt":"2017-09-06T09:31:07","guid":{"rendered":"https:\/\/www.conferento.com\/my-listings"},"modified":"2020-04-06T15:07:19","modified_gmt":"2020-04-06T15:07:19","slug":"my-listings","status":"publish","type":"page","link":"https:\/\/www.conferento.com\/pt-pt\/my-listings\/","title":{"rendered":"Meus an\u00fancios"},"content":{"rendered":"<div id=\"job-manager-job-dashboard\">\n\n\t<p class=\"account-sign-in\">Tem de ter a sess\u00e3o iniciada para poder gerir os seus an\u00fancios. <a class=\"button\" href=\"https:\/\/www.conferento.com\/pt-pt\/anmelden\/?redirect_to=https%3A%2F%2Fwww.conferento.com%2Fpt-pt%2Fmy-listings%2F\">Inicie a sess\u00e3o<\/a><\/p>\n\n<\/div>\n\n","protected":false},"excerpt":{"rendered":"Tem de ter a sess\u00e3o iniciada para poder gerir os seus an\u00fancios. Inicie a sess\u00e3o","protected":false},"author":1,"featured_media":0,"parent":0,"menu_order":0,"comment_status":"closed","ping_status":"closed","template":"","meta":{"inline_featured_image":false,"footnotes":""},"class_list":["post-25269","page","type-page","status-publish","hentry"],"_links":{"self":[{"href":"https:\/\/www.conferento.com\/pt-pt\/wp-json\/wp\/v2\/pages\/25269","targetHints":{"allow":["GET"]}}],"collection":[{"href":"https:\/\/www.conferento.com\/pt-pt\/wp-json\/wp\/v2\/pages"}],"about":[{"href":"https:\/\/www.conferento.com\/pt-pt\/wp-json\/wp\/v2\/types\/page"}],"author":[{"embeddable":true,"href":"https:\/\/www.conferento.com\/pt-pt\/wp-json\/wp\/v2\/users\/1"}],"replies":[{"embeddable":true,"href":"https:\/\/www.conferento.com\/pt-pt\/wp-json\/wp\/v2\/comments?post=25269"}],"version-history":[{"count":0,"href":"https:\/\/www.conferento.com\/pt-pt\/wp-json\/wp\/v2\/pages\/25269\/revisions"}],"wp:attachment":[{"href":"https:\/\/www.conferento.com\/pt-pt\/wp-json\/wp\/v2\/media?parent=25269"}],"curies":[{"name":"wp","href":"https:\/\/api.w.org\/{rel}","templated":true}]}}