{"id":25241,"date":"2017-08-31T09:23:37","date_gmt":"2017-08-31T09:23:37","guid":{"rendered":"https:\/\/www.conferento.com\/faq-haeufige-fragen"},"modified":"2020-04-18T04:46:23","modified_gmt":"2020-04-18T04:46:23","slug":"faq-haeufige-fragen","status":"publish","type":"page","link":"https:\/\/www.conferento.com\/pt-pt\/faq-haeufige-fragen\/","title":{"rendered":"FAQ &#8211; Perguntas frequentes"},"content":{"rendered":"<div class=\"wpb-content-wrapper\"><p>[vc_row css=&#8221;.vc_custom_1586842131690{margin-top: 80px !important;}&#8221;][vc_column][vc_column_text]<\/p>\n<h1 style=\"text-align: center;\"><span style=\"color: rgba(0,0,0,0.87);\">FAQ &#8211; Perguntas frequentes<\/span><\/h1>\n<p>[\/vc_column_text][vc_separator color=&#8221;custom&#8221; border_width=&#8221;3&#8243; el_width=&#8221;10&#8243; accent_color=&#8221;#6e98e3&#8243; css=&#8221;.vc_custom_1586763293017{margin-top: -15px !important;}&#8221;][\/vc_column][\/vc_row][vc_row full_width=&#8221;stretch_row&#8221;][vc_column width=&#8221;1\/6&#8243; offset=&#8221;vc_col-lg-2 vc_hidden-md vc_hidden-sm vc_hidden-xs&#8221;][\/vc_column][vc_column offset=&#8221;vc_col-lg-8 vc_col-md-12&#8243;][vc_empty_space height=&#8221;20px&#8221;][vc_tta_tabs][vc_tta_section title=&#8221;Geral &#8211; suporte&#8221; tab_id=&#8221;1504174688151-7590db2a-2cdf&#8221;][vc_toggle title=&#8221;Eu quero organizar um evento maior! Existe alguma ajuda?&#8221; style=&#8221;simple&#8221; open=&#8221;true&#8221; css=&#8221;.vc_custom_1587184701902{margin-bottom: 28px !important;}&#8221;]N\u00e3o hesite em entrar em contato com nossa equipe de suporte. Basta usar nosso servi\u00e7o de suporte para que possamos fornecer seu suporte pessoal. Digite sua solicita\u00e7\u00e3o com todos os detalhes sobre o evento em nosso formul\u00e1rio de contato e entraremos em contato o mais breve poss\u00edvel.[\/vc_toggle][vc_toggle title=&#8221;\u00c9 poss\u00edvel entrar em contato com o provedor?&#8221; style=&#8221;simple&#8221; css=&#8221;.vc_custom_1587184792486{margin-bottom: 28px !important;}&#8221;]\u00c9 poss\u00edvel entrar em contato com o respectivo fornecedor a qualquer momento e sem problemas, por exemplo, para esclarecer qualquer d\u00favida restante. Para fazer isso, voc\u00ea pode endere\u00e7ar o provedor diretamente usando os detalhes de contato vis\u00edveis nas respectivas p\u00e1ginas de detalhes.[\/vc_toggle][vc_toggle title=&#8221;Quero reservar a curto prazo &#8211; isso \u00e9 poss\u00edvel?&#8221; style=&#8221;simple&#8221; css=&#8221;.vc_custom_1587184827963{margin-bottom: 28px !important;}&#8221;]Reservas de curto prazo geralmente s\u00e3o poss\u00edveis e s\u00e3o oferecidas por muitos fornecedores. Em alguns casos, as reservas tamb\u00e9m podem ser feitas no mesmo dia.[\/vc_toggle][vc_toggle title=&#8221;Com quem eu reservo um espa\u00e7o?&#8221; style=&#8221;simple&#8221; css=&#8221;.vc_custom_1587184873419{margin-bottom: 28px !important;}&#8221;]O CONFERENTO \u00e9 uma plataforma de reservas para salas de reuni\u00e3o, salas de confer\u00eancia, escrit\u00f3rios diurnos e locais de confer\u00eancia onde o usu\u00e1rio pode reservar um servi\u00e7o ou espa\u00e7o diretamente com o respectivo provedor. O servi\u00e7o reservado n\u00e3o \u00e9 oferecido ou fornecido pela pr\u00f3pria CONFERENTO. Uma rela\u00e7\u00e3o contratual surge exclusivamente entre o usu\u00e1rio e o respectivo fornecedor. O CONFERENTO fornece apenas as op\u00e7\u00f5es t\u00e9cnicas de reserva e pagamento.[\/vc_toggle][vc_toggle title=&#8221;Qual \u00e9 o processo exato de reserva?&#8221; style=&#8221;simple&#8221; css=&#8221;.vc_custom_1587184980696{margin-bottom: 28px !important;}&#8221;]A maioria das ofertas aqui pode ser reservada diretamente online. Ap\u00f3s a reserva, o usu\u00e1rio recebe uma confirma\u00e7\u00e3o de reserva do respectivo provedor por e-mail com os detalhes e as op\u00e7\u00f5es de pagamento. Em muitos casos, o pagamento tamb\u00e9m \u00e9 solicitado no momento da reserva; nesse caso, o pagamento \u00e9 feito por paypal, cart\u00e3o de cr\u00e9dito ou fatura com transfer\u00eancia banc\u00e1ria diretamente para o respectivo provedor.[\/vc_toggle][vc_toggle title=&#8221;Como posso ver os detalhes da minha reserva depois de concluir a reserva?&#8221; style=&#8221;simple&#8221; css=&#8221;.vc_custom_1587185014503{margin-bottom: 28px !important;}&#8221;]Assim que voc\u00ea concluir a reserva, voc\u00ea receber\u00e1 um e-mail de confirma\u00e7\u00e3o com todos os detalhes da oferta, informando que a reserva foi recebida e que o pagamento pode ter sido feito.[\/vc_toggle][vc_toggle title=&#8221;Posso cancelar minha reserva gratuitamente?&#8221; style=&#8221;simple&#8221; css=&#8221;.vc_custom_1587185083895{margin-bottom: 28px !important;}&#8221;]N\u00e3o temos influ\u00eancia direta nas pol\u00edticas de cancelamento de fornecedores individuais. Verifique isso nos detalhes respectivos e ofere\u00e7a p\u00e1ginas dos respectivos propriet\u00e1rios que armazenaram as informa\u00e7\u00f5es l\u00e1.[\/vc_toggle][vc_toggle title=&#8221;Gostaria de reservar a curto prazo &#8211; isso \u00e9 poss\u00edvel?&#8221; style=&#8221;simple&#8221; css=&#8221;.vc_custom_1587185129733{margin-bottom: 28px !important;}&#8221;]Reservas de curto prazo geralmente s\u00e3o poss\u00edveis e s\u00e3o oferecidas por muitos fornecedores. Em alguns casos, as reservas tamb\u00e9m podem ser feitas no mesmo dia.[\/vc_toggle][\/vc_tta_section][\/vc_tta_tabs][vc_empty_space][\/vc_column][vc_column width=&#8221;1\/12&#8243; offset=&#8221;vc_col-lg-2 vc_hidden-md vc_hidden-sm vc_hidden-xs&#8221;][\/vc_column][\/vc_row][vc_row][vc_column][vc_column_text css=&#8221;.vc_custom_1587185169491{margin-top: 20px !important;margin-bottom: 20px !important;}&#8221;]<\/p>\n<div class=\"cell heading\">\n<div class=\"ac-text\">\n<h3 style=\"text-align: center;\">Atendimento pessoal ao cliente?<\/h3>\n<p>&nbsp;<\/p>\n<\/div>\n<\/div>\n<div class=\"cell text-area\">\n<div class=\"ac-text\">\n<p>Mais alguma pergunta? N\u00e3o encontrou um local adequado? Entre em contato com o servi\u00e7o de atendimento ao cliente a qualquer momento, via email em support@conferento.com. Estamos felizes em ajud\u00e1-lo a reservar e alugar sua sala de confer\u00eancia ou reuni\u00e3o a qualquer momento. Use nosso servi\u00e7o! Isso \u00e9 gratuito para voc\u00ea!<\/p>\n<\/div>\n<\/div>\n<p>[\/vc_column_text][vc_empty_space height=&#8221;62px&#8221;][\/vc_column][\/vc_row][vc_row][vc_column][vc_column_text]<\/p>\n<p>[\/vc_column_text][\/vc_column][\/vc_row]<\/p>\n<\/div>","protected":false},"excerpt":{"rendered":"<p>[vc_row css=&#8221;.vc_custom_1586842131690{margin-top: 80px !important;}&#8221;][vc_column][vc_column_text] FAQ &#8211; Perguntas frequentes [\/vc_column_text][vc_separator color=&#8221;custom&#8221; border_width=&#8221;3&#8243; el_width=&#8221;10&#8243; accent_color=&#8221;#6e98e3&#8243; css=&#8221;.vc_custom_1586763293017{margin-top: -15px !important;}&#8221;][\/vc_column][\/vc_row][vc_row full_width=&#8221;stretch_row&#8221;][vc_column width=&#8221;1\/6&#8243; offset=&#8221;vc_col-lg-2 vc_hidden-md vc_hidden-sm vc_hidden-xs&#8221;][\/vc_column][vc_column offset=&#8221;vc_col-lg-8 vc_col-md-12&#8243;][vc_empty_space height=&#8221;20px&#8221;][vc_tta_tabs][vc_tta_section title=&#8221;Geral &#8211; suporte&#8221; tab_id=&#8221;1504174688151-7590db2a-2cdf&#8221;][vc_toggle title=&#8221;Eu quero organizar um evento maior! Existe alguma ajuda?&#8221; style=&#8221;simple&#8221; open=&#8221;true&#8221; css=&#8221;.vc_custom_1587184701902{margin-bottom: 28px !important;}&#8221;]N\u00e3o hesite em entrar em contato com nossa equipe de suporte. Basta usar &hellip; <br \/><a href=\"https:\/\/www.conferento.com\/pt-pt\/faq-haeufige-fragen\/\" class=\"more-link\">Continue reading <span class=\"screen-reader-text\">FAQ &#8211; Perguntas frequentes<\/span><\/a><\/p>\n","protected":false},"author":1,"featured_media":0,"parent":0,"menu_order":0,"comment_status":"closed","ping_status":"closed","template":"","meta":{"inline_featured_image":false,"footnotes":""},"class_list":["post-25241","page","type-page","status-publish","hentry"],"_links":{"self":[{"href":"https:\/\/www.conferento.com\/pt-pt\/wp-json\/wp\/v2\/pages\/25241","targetHints":{"allow":["GET"]}}],"collection":[{"href":"https:\/\/www.conferento.com\/pt-pt\/wp-json\/wp\/v2\/pages"}],"about":[{"href":"https:\/\/www.conferento.com\/pt-pt\/wp-json\/wp\/v2\/types\/page"}],"author":[{"embeddable":true,"href":"https:\/\/www.conferento.com\/pt-pt\/wp-json\/wp\/v2\/users\/1"}],"replies":[{"embeddable":true,"href":"https:\/\/www.conferento.com\/pt-pt\/wp-json\/wp\/v2\/comments?post=25241"}],"version-history":[{"count":0,"href":"https:\/\/www.conferento.com\/pt-pt\/wp-json\/wp\/v2\/pages\/25241\/revisions"}],"wp:attachment":[{"href":"https:\/\/www.conferento.com\/pt-pt\/wp-json\/wp\/v2\/media?parent=25241"}],"curies":[{"name":"wp","href":"https:\/\/api.w.org\/{rel}","templated":true}]}}