{"id":29434,"date":"2020-04-10T09:37:11","date_gmt":"2020-04-10T09:37:11","guid":{"rendered":"https:\/\/www.conferento.com\/?page_id=29434"},"modified":"2025-02-03T10:02:20","modified_gmt":"2025-02-03T10:02:20","slug":"note-legali","status":"publish","type":"page","link":"https:\/\/www.conferento.com\/it\/note-legali\/","title":{"rendered":"Note legali"},"content":{"rendered":"<div class=\"wpb-content-wrapper\"><p>[vc_row full_width=&#8221;stretch_row&#8221; css=&#8221;.vc_custom_1586338568590{background-color: #ffffff !important;}&#8221;][vc_column width=&#8221;1\/2&#8243;][vc_raw_html]JTNDaDElMjBzdHlsZSUzRCUyMnRleHQtYWxpZ24lM0ElMjBsZWZ0JTNCJTIyJTNFJTNDc3BhbiUyMHN0eWxlJTNEJTIyY29sb3IlM0ElMjByZ2JhJTI4MCUyQzAlMkMwJTJDMC44NyUyOSUzQiUyMiUzRURldHRhZ2xpJTIwZGklMjBjb250YXR0byUzQyUyRnNwYW4lM0UlM0MlMkZoMSUzRQ==[\/vc_raw_html][vc_separator color=&#8221;custom&#8221; align=&#8221;align_left&#8221; border_width=&#8221;3&#8243; el_width=&#8221;10&#8243; css=&#8221;.vc_custom_1586336971411{margin-top: -15px !important;}&#8221; accent_color=&#8221;#6e98e3&#8243;][vc_column_text]<img loading=\"lazy\" decoding=\"async\" class=\"alignleft wp-image-29399 size-full\" src=\"https:\/\/www.conferento.com\/wp-content\/uploads\/2020\/04\/conf-contact5.svg\" alt=\"\" width=\"40\" height=\"55\" \/> <b style=\"font-size: 16px;\">Telefono<\/b><br \/>\n+49 176 377 090 70[\/vc_column_text][vc_column_text]<img loading=\"lazy\" decoding=\"async\" class=\"alignleft wp-image-29399 size-full\" src=\"https:\/\/www.conferento.com\/wp-content\/uploads\/2020\/04\/conf-contact3.svg\" alt=\"\" width=\"40\" height=\"55\" \/> <b style=\"font-size: 16px;\">E-mail<\/b><br \/>\ninfo@conferento.com[\/vc_column_text][vc_column_text]<img loading=\"lazy\" decoding=\"async\" class=\"alignleft wp-image-29399 size-full\" src=\"https:\/\/www.conferento.com\/wp-content\/uploads\/2020\/04\/conf-contact2.svg\" alt=\"\" width=\"40\" height=\"55\" \/> <b style=\"font-size: 16px;\">Sito web<\/b><br \/>\nwww.conferento.com[\/vc_column_text][vc_column_text css=&#8221;&#8221;]<img loading=\"lazy\" decoding=\"async\" class=\"alignleft wp-image-29399 size-full\" src=\"https:\/\/www.conferento.com\/wp-content\/uploads\/2020\/04\/conf-contact4.svg\" alt=\"\" width=\"40\" height=\"55\" \/> <b style=\"font-size: 16px;\">Indirizzo<\/b><br \/>\nInnsbrucker Bundesstra\u00dfe 36\/3 \u2022 A-5020 Salisburgo[\/vc_column_text][vc_column_text]<img loading=\"lazy\" decoding=\"async\" class=\"alignleft wp-image-29399 size-full\" src=\"https:\/\/www.conferento.com\/wp-content\/uploads\/2020\/04\/conf-contact1.svg\" alt=\"\" width=\"40\" height=\"55\" \/> <b style=\"font-size: 16px;\">Orari di ufficio<\/b><br \/>\nLunedi &#8211; Venerd\u00ec 9:00-17:00[\/vc_column_text][\/vc_column][vc_column width=&#8221;1\/2&#8243;][vc_raw_html]JTNDaDElMjBzdHlsZSUzRCUyMnRleHQtYWxpZ24lM0ElMjBsZWZ0JTNCJTIyJTNFJTNDc3BhbiUyMHN0eWxlJTNEJTIyY29sb3IlM0ElMjByZ2JhJTI4MCUyQzAlMkMwJTJDMC44NyUyOSUzQiUyMiUzRU5vdGUlMjBsZWdhbGklM0MlMkZzcGFuJTNFJTNDJTJGaDElM0U=[\/vc_raw_html][vc_separator color=&#8221;custom&#8221; align=&#8221;align_left&#8221; border_width=&#8221;3&#8243; el_width=&#8221;10&#8243; css=&#8221;.vc_custom_1586336982078{margin-top: -15px !important;}&#8221; accent_color=&#8221;#6e98e3&#8243;][vc_column_text css=&#8221;&#8221;]<img loading=\"lazy\" decoding=\"async\" class=\"alignnone size-full wp-image-29440\" src=\"https:\/\/www.conferento.com\/wp-content\/uploads\/2020\/04\/cinco-logo.svg\" alt=\"\" width=\"239\" height=\"34\" \/><\/p>\n<p>Software GmbH<br \/>\nInnsbrucker Bundesstra\u00dfe 36\/3<br \/>\nA-5020 Salisburgo<\/p>\n<p><strong>Direttore amministrativo:<\/strong><br \/>\n<img loading=\"lazy\" decoding=\"async\" class=\"alignnone size-full wp-image-29448\" src=\"https:\/\/www.conferento.com\/wp-content\/uploads\/2020\/04\/GF.png\" alt=\"\" width=\"85\" height=\"14\" srcset=\"https:\/\/www.conferento.com\/wp-content\/uploads\/2020\/04\/GF.png 85w, https:\/\/www.conferento.com\/wp-content\/uploads\/2020\/04\/GF-24x4.png 24w, https:\/\/www.conferento.com\/wp-content\/uploads\/2020\/04\/GF-36x6.png 36w, https:\/\/www.conferento.com\/wp-content\/uploads\/2020\/04\/GF-48x8.png 48w\" sizes=\"auto, (max-width: 85px) 100vw, 85px\" \/><\/p>\n<p><strong>Registro delle imprese:<\/strong><br \/>\nTribunale regionale di Salisburgo<\/p>\n<p><strong>Numero del registro di commercio:<\/strong><br \/>\nFN 36 11 49 b<\/p>\n<p><strong>Numeri fiscali:<\/strong><br \/>\nUID: ATU66522355<br \/>\nSt-Nr.: 149\/0589[\/vc_column_text][\/vc_column][\/vc_row][vc_row][vc_column][vc_separator css=&#8221;.vc_custom_1586349285541{margin-top: -15px !important;margin-bottom: 25px !important;}&#8221;][vc_column_text]<strong>Informazioni obbligatorie ai sensi dell\u2019articolo 13 GDPR <\/strong><\/p>\n<p style=\"font-size: 12px; line-height: 14px;\">In caso di contatto iniziale, siamo tenuti ai sensi degli articoli 12, 13 GDPR a fornire le seguenti informazioni obbligatorie sulla protezione dei dati: Se ci contattate via e-mail, trattiamo i vostri dati personali solo nella misura in cui l\u2019elaborazione esiste un interesse legittimo (Articolo 6 (1) (f) GDPR), hai acconsentito al trattamento dei dati (Articolo 6 (1) (a) GDPR), al trattamento per l\u2019avvio, la giustificazione, il contenuto o la modifica di una relazione legale tra Tu e noi siamo tenuti (Articolo 6 (1) (b) GDPR) o qualsiasi altro standard legale che consenta il trattamento. I tuoi dati personali rimangono con noi fino a quando non ci chiedi di eliminare, revocare il tuo consenso all\u2019archiviazione o omettere lo scopo per l\u2019archiviazione dei dati (ad esempio dopo il completamento della tua preoccupazione). Le disposizioni di legge obbligatorie \u2013 in particolare i periodi di conservazione fiscale e commerciale \u2013 rimangono inalterati. Hai il diritto in qualsiasi momento di ricevere informazioni sull\u2019origine, il destinatario e lo scopo dei tuoi dati personali memorizzati gratuitamente. Hai anche il diritto di opposizione, la portabilit\u00e0 dei dati e il diritto di presentare ricorso all\u2019autorit\u00e0 di regolamentazione competente. \u00c8 inoltre possibile richiedere la rettifica, la cancellazione e, in determinate circostanze, la limitazione del trattamento dei dati personali. Per i dettagli, consulta la nostra <a href=\"https:\/\/www.conferento.com\/it\/privacy-policy\">Informativa sulla privacy<\/a>. Puoi contattare il nostro responsabile della protezione dei dati all\u2019indirizzo datenschutz@cincomedia.eu<\/p>\n<p>[\/vc_column_text][vc_raw_html]JTNDaDElMjBzdHlsZSUzRCUyMnRleHQtYWxpZ24lM0ElMjBsZWZ0JTNCJTIyJTNFJTNDc3BhbiUyMHN0eWxlJTNEJTIyY29sb3IlM0ElMjByZ2JhJTI4MCUyQzAlMkMwJTJDMC44NyUyOSUzQiUyMiUzRUNyZWRpdGklMjBmb3RvZ3JhZmljaSUzQyUyRnNwYW4lM0UlM0MlMkZoMSUzRQ==[\/vc_raw_html][vc_separator color=&#8221;custom&#8221; align=&#8221;align_left&#8221; border_width=&#8221;3&#8243; el_width=&#8221;10&#8243; css=&#8221;.vc_custom_1586336982078{margin-top: -15px !important;}&#8221; accent_color=&#8221;#6e98e3&#8243;][vc_column_text]<\/p>\n<div style=\"font-size: 12px; line-height: 14px;\">Home Immagine del cursore Home \u00a9 monkeybusinessimages | www.istockphoto.com Schermata iniziale \u00a9 courtneyk | www.istockphoto.com Sala conferenze \u00a9 Dmitry Koksharov | Fotolia.com Hotel \u00a9 kasto &#8211; Fotolia.com Office Center \u00a9 mooshny &#8211; Fotolia.com Localit\u00e0 \u00a9 pisotskii &#8211; Fotolia.com \u00a9 mooshny | Fotolia.com \u00a9 kasto | Fotolia.com Avvia immagine \/ banner \u00a9 monkeybusinessimages | istockphoto.com Panorama di Berlino sul lato di Berlino: Panorama con il ponte Oberbaum a Berlino \u00a9 draghicich &#8211; Fotolia.com Berlino &#8211; Porta di Brandeburgo \u00a9 noppasin wongchum &#8211; Bigstock\u00ae Dresda Panorama sul lato di Dresda: Panorama Dresda \u00a9 Immagini di viaggio dal mondo &#8211; Fotolia.com D\u00fcsseldorf Panorama sul lato di D\u00fcsseldorf: Panorama di D\u00fcsseldorf \u00a9 Igor Tarasov &#8211; Fotolia.com Panorama di Francoforte sul lato di Francoforte: Panorama di Francoforte \u00a9 eyetronic &#8211; Fotolia.com Panorama di Amburgo sul lato di Amburgo: Panorama di Amburgo \u00a9 thorabeti &#8211; Fotolia.com Panorama di Colonia sul lato di Colonia : Panorama Colonia \u00a9 SeanPavonePhoto &#8211; Fotolia.com Panorama di Lipsia sul lato Lipsia: Panorama Lipsia \u00a9 industrieblick &#8211; Fotolia.com Panorama di Maiorca sul lato Maiorca: Panorama Mallorca \u00a9 photobeginner &#8211; Fotolia.com Panorama di Monaco sul lato Monaco: Panorama Monaco \u00a9 davis &#8211; Fotolia.com Stuttgart Panorama sul versante di Stoccarda: Panorama Stuttgart \u00a9 thorabeti &#8211; Fotolia.com Come funziona Gr oup Concetto di lavoro di strategia di discussione di riunione \u00a9 Rawpixel.com | Fotolia.com Home inglese &#8211; Singapore \u00a9 pixabay.com Graham-H CC0 Creative Commons Home inglese &#8211; New York \u00a9 pixabay.com Free-Photos CC0 Creative Commons Home Francese &#8211; Parigi \u00a9 pixabay.com TheDigitalArtist CC0 Creative Commons Home Francese &#8211; Marsiglia \u00a9 pixabay .com Samueles CC0 Pagina iniziale di Creative Commons Francese &#8211; Lione \u00a9 pixabay.com akmd CC0 Pagina iniziale di Creative Commons Francese &#8211; Bruxelles \u00a9 pixabay.com dimitrisvetsikas1969 CC0 Pagina iniziale di Creative Commons Francese &#8211; Bruxelles \u00a9 pixabay.com dimitrisvetsikas1969 Pubblico Creative Commons homepage Francese &#8211; Nizza \u00a9 pixabay.com hpgruesen CC0 Creative Commons Home italiano &#8211; Genova \u00a9 pixabay.com neufal54 CC0 Creative Commons Home italiano &#8211; Genova \u00a9 pixabay.com neufal54 CC0 Creative Commons Home italiano &#8211; Torino \u00a9 pixabay.com SplitShire CC0 Creative Commons Home spagnolo &#8211; Malaga \u00a9 pixabay.com postcardtrip CC0 Creative Commons S tartseite English &#8211; New York \u00a9 pixabay.com Pexels CC0 Creative Commons Home Inglese &#8211; Singapore \u00a9 pixabay.com tpsdave CC0 Creative Commons Home Italiano &#8211; Bologna \u00a9 pixabay.com alex1965 CC0 Creative Commons Home Italiano &#8211; Bologna \u00a9 pixabay.com RitaMichelon CC0 Creative Commons Home Italiano &#8211; Bologna \u00a9 pixabay.com DEZALB CC0 Pagina iniziale di Creative Commons Italiano &#8211; Genova \u00a9 pixabay.com dexmac CC0 Pagina iniziale di Creative Commons Italiano &#8211; Genova \u00a9 pixabay.com dexmac CC0 Pagina iniziale di Creative Commons Inglese &#8211; Budapest \u00a9 pixabay.com nextvoyage Pubblico Creative Commons homepage Inglese &#8211; Budapest \u00a9 pixabay.com AdamHillTravel CC0 Creative Commons Home Inglese &#8211; Budapest \u00a9 pixabay.com DUOTONE_ CC0 Creative Commons &#8211; Come funziona &#8211; 2mmedia &#8211; stock.adobe.com Photographee.eu &#8211; stock.adobe.com NDABCREATIVITY &#8211; stock.adobe.com<\/div>\n<p>[\/vc_column_text][\/vc_column][\/vc_row]<\/p>\n<\/div>","protected":false},"excerpt":{"rendered":"<p>[vc_row full_width=&#8221;stretch_row&#8221; css=&#8221;.vc_custom_1586338568590{background-color: #ffffff !important;}&#8221;][vc_column width=&#8221;1\/2&#8243;][vc_raw_html]JTNDaDElMjBzdHlsZSUzRCUyMnRleHQtYWxpZ24lM0ElMjBsZWZ0JTNCJTIyJTNFJTNDc3BhbiUyMHN0eWxlJTNEJTIyY29sb3IlM0ElMjByZ2JhJTI4MCUyQzAlMkMwJTJDMC44NyUyOSUzQiUyMiUzRURldHRhZ2xpJTIwZGklMjBjb250YXR0byUzQyUyRnNwYW4lM0UlM0MlMkZoMSUzRQ==[\/vc_raw_html][vc_separator color=&#8221;custom&#8221; align=&#8221;align_left&#8221; border_width=&#8221;3&#8243; el_width=&#8221;10&#8243; css=&#8221;.vc_custom_1586336971411{margin-top: -15px !important;}&#8221; accent_color=&#8221;#6e98e3&#8243;][vc_column_text] Telefono +49 176 377 090 70[\/vc_column_text][vc_column_text] E-mail info@conferento.com[\/vc_column_text][vc_column_text] Sito web www.conferento.com[\/vc_column_text][vc_column_text css=&#8221;&#8221;] Indirizzo Innsbrucker Bundesstra\u00dfe 36\/3 \u2022 A-5020 Salisburgo[\/vc_column_text][vc_column_text] Orari di ufficio Lunedi &#8211; Venerd\u00ec 9:00-17:00[\/vc_column_text][\/vc_column][vc_column width=&#8221;1\/2&#8243;][vc_raw_html]JTNDaDElMjBzdHlsZSUzRCUyMnRleHQtYWxpZ24lM0ElMjBsZWZ0JTNCJTIyJTNFJTNDc3BhbiUyMHN0eWxlJTNEJTIyY29sb3IlM0ElMjByZ2JhJTI4MCUyQzAlMkMwJTJDMC44NyUyOSUzQiUyMiUzRU5vdGUlMjBsZWdhbGklM0MlMkZzcGFuJTNFJTNDJTJGaDElM0U=[\/vc_raw_html][vc_separator color=&#8221;custom&#8221; align=&#8221;align_left&#8221; border_width=&#8221;3&#8243; el_width=&#8221;10&#8243; css=&#8221;.vc_custom_1586336982078{margin-top: -15px !important;}&#8221; accent_color=&#8221;#6e98e3&#8243;][vc_column_text css=&#8221;&#8221;] Software GmbH Innsbrucker Bundesstra\u00dfe 36\/3 &hellip; <br \/><a href=\"https:\/\/www.conferento.com\/it\/note-legali\/\" class=\"more-link\">Continue reading <span class=\"screen-reader-text\">Note legali<\/span><\/a><\/p>\n","protected":false},"author":1,"featured_media":0,"parent":0,"menu_order":0,"comment_status":"closed","ping_status":"closed","template":"","meta":{"inline_featured_image":false,"footnotes":""},"class_list":["post-29434","page","type-page","status-publish","hentry"],"_links":{"self":[{"href":"https:\/\/www.conferento.com\/it\/wp-json\/wp\/v2\/pages\/29434","targetHints":{"allow":["GET"]}}],"collection":[{"href":"https:\/\/www.conferento.com\/it\/wp-json\/wp\/v2\/pages"}],"about":[{"href":"https:\/\/www.conferento.com\/it\/wp-json\/wp\/v2\/types\/page"}],"author":[{"embeddable":true,"href":"https:\/\/www.conferento.com\/it\/wp-json\/wp\/v2\/users\/1"}],"replies":[{"embeddable":true,"href":"https:\/\/www.conferento.com\/it\/wp-json\/wp\/v2\/comments?post=29434"}],"version-history":[{"count":1,"href":"https:\/\/www.conferento.com\/it\/wp-json\/wp\/v2\/pages\/29434\/revisions"}],"predecessor-version":[{"id":39299,"href":"https:\/\/www.conferento.com\/it\/wp-json\/wp\/v2\/pages\/29434\/revisions\/39299"}],"wp:attachment":[{"href":"https:\/\/www.conferento.com\/it\/wp-json\/wp\/v2\/media?parent=29434"}],"curies":[{"name":"wp","href":"https:\/\/api.w.org\/{rel}","templated":true}]}}