{"id":29802,"date":"2020-04-16T17:12:00","date_gmt":"2020-04-16T17:12:00","guid":{"rendered":"https:\/\/www.conferento.com\/anbieter-login-dashboard"},"modified":"2020-04-17T04:56:09","modified_gmt":"2020-04-17T04:56:09","slug":"tableau-de-bord-de-connexion-du-fournisseur","status":"publish","type":"page","link":"https:\/\/www.conferento.com\/fr\/tableau-de-bord-de-connexion-du-fournisseur\/","title":{"rendered":"Tableau de bord de connexion du fournisseur"},"content":{"rendered":"<div class=\"wpb-content-wrapper\"><p>[vc_row css=\u00a0\u00bb.vc_custom_1587057541820{margin-top: 90px !important;}\u00a0\u00bb][vc_column][vc_column_text]<\/p>\n<h1 style=\"text-align: center;\"><span style=\"color: rgba(0,0,0,0.87);\">Tableau de bord du fournisseur<\/span><\/h1>\n<p>[\/vc_column_text][vc_separator color=\u00a0\u00bbcustom\u00a0\u00bb border_width=\u00a0\u00bb3&Prime; el_width=\u00a0\u00bb10&Prime; accent_color=\u00a0\u00bb#6e98e3&Prime; css=\u00a0\u00bb.vc_custom_1587057087180{margin-top: -15px !important;}\u00a0\u00bb][\/vc_column][\/vc_row][vc_row][vc_column width=\u00a0\u00bb1\/6&Prime;][\/vc_column][vc_column width=\u00a0\u00bb4\/6&Prime;][vc_column_text]<\/p>\n<p style=\"text-align: center; font-size: 18px;\">Si vous \u00eates d\u00e9j\u00e0 inscrit, vous pouvez vous connecter directement avec le bouton ci-dessous. Cliquez ensuite sur l&rsquo;ic\u00f4ne utilisateur ci-dessus pour utiliser le tableau de bord. Ou inscrivez-vous pour un nouveau compte d&rsquo;utilisateur en quelques \u00e9tapes seulement.<\/p>\n<p>[\/vc_column_text][\/vc_column][vc_column width=\u00a0\u00bb1\/6&Prime;][\/vc_column][\/vc_row][vc_row][vc_column][vc_column_text]<\/p>\n<div style=\"text-align: center;\"><a class=\"apus-user-register wel-user add-listing\" href=\"#apus_register_tab\">Connectez-vous maintenant ou inscrivez-vous<\/a><\/div>\n<p>[\/vc_column_text][\/vc_column][\/vc_row][vc_row][vc_column][vc_empty_space height=\u00a0\u00bb100px\u00a0\u00bb][\/vc_column][\/vc_row]<\/p>\n<\/div>","protected":false},"excerpt":{"rendered":"<p>[vc_row css=\u00a0\u00bb.vc_custom_1587057541820{margin-top: 90px !important;}\u00a0\u00bb][vc_column][vc_column_text] Tableau de bord du fournisseur [\/vc_column_text][vc_separator color=\u00a0\u00bbcustom\u00a0\u00bb border_width=\u00a0\u00bb3&Prime; el_width=\u00a0\u00bb10&Prime; accent_color=\u00a0\u00bb#6e98e3&Prime; css=\u00a0\u00bb.vc_custom_1587057087180{margin-top: -15px !important;}\u00a0\u00bb][\/vc_column][\/vc_row][vc_row][vc_column width=\u00a0\u00bb1\/6&Prime;][\/vc_column][vc_column width=\u00a0\u00bb4\/6&Prime;][vc_column_text] Si vous \u00eates d\u00e9j\u00e0 inscrit, vous pouvez vous connecter directement avec le bouton ci-dessous. Cliquez ensuite sur l&rsquo;ic\u00f4ne utilisateur ci-dessus pour utiliser le tableau de bord. Ou inscrivez-vous pour un nouveau compte d&rsquo;utilisateur en quelques \u00e9tapes &hellip; <br \/><a href=\"https:\/\/www.conferento.com\/fr\/tableau-de-bord-de-connexion-du-fournisseur\/\" class=\"more-link\">Continue reading <span class=\"screen-reader-text\">Tableau de bord de connexion du fournisseur<\/span><\/a><\/p>\n","protected":false},"author":1,"featured_media":0,"parent":0,"menu_order":0,"comment_status":"closed","ping_status":"closed","template":"","meta":{"inline_featured_image":false,"footnotes":""},"class_list":["post-29802","page","type-page","status-publish","hentry"],"_links":{"self":[{"href":"https:\/\/www.conferento.com\/fr\/wp-json\/wp\/v2\/pages\/29802","targetHints":{"allow":["GET"]}}],"collection":[{"href":"https:\/\/www.conferento.com\/fr\/wp-json\/wp\/v2\/pages"}],"about":[{"href":"https:\/\/www.conferento.com\/fr\/wp-json\/wp\/v2\/types\/page"}],"author":[{"embeddable":true,"href":"https:\/\/www.conferento.com\/fr\/wp-json\/wp\/v2\/users\/1"}],"replies":[{"embeddable":true,"href":"https:\/\/www.conferento.com\/fr\/wp-json\/wp\/v2\/comments?post=29802"}],"version-history":[{"count":0,"href":"https:\/\/www.conferento.com\/fr\/wp-json\/wp\/v2\/pages\/29802\/revisions"}],"wp:attachment":[{"href":"https:\/\/www.conferento.com\/fr\/wp-json\/wp\/v2\/media?parent=29802"}],"curies":[{"name":"wp","href":"https:\/\/api.w.org\/{rel}","templated":true}]}}