{"id":29435,"date":"2020-04-12T06:38:49","date_gmt":"2020-04-12T06:38:49","guid":{"rendered":"https:\/\/www.conferento.com\/?page_id=29435"},"modified":"2025-02-03T09:57:20","modified_gmt":"2025-02-03T09:57:20","slug":"mentions-legales","status":"publish","type":"page","link":"https:\/\/www.conferento.com\/fr\/mentions-legales\/","title":{"rendered":"Mentions l\u00e9gales"},"content":{"rendered":"<div class=\"wpb-content-wrapper\"><p>[vc_row full_width=\u00a0\u00bbstretch_row\u00a0\u00bb css=\u00a0\u00bb.vc_custom_1586338568590{background-color: #ffffff !important;}\u00a0\u00bb][vc_column width=\u00a0\u00bb1\/2&Prime;][vc_raw_html]JTNDaDElMjBzdHlsZSUzRCUyMnRleHQtYWxpZ24lM0ElMjBsZWZ0JTNCJTIyJTNFJTNDc3BhbiUyMHN0eWxlJTNEJTIyY29sb3IlM0ElMjByZ2JhJTI4MCUyQzAlMkMwJTJDMC44NyUyOSUzQiUyMiUzRUNvbnRhY3Rlei1ub3VzJTNDJTJGc3BhbiUzRSUzQyUyRmgxJTNF[\/vc_raw_html][vc_separator color=\u00a0\u00bbcustom\u00a0\u00bb align=\u00a0\u00bbalign_left\u00a0\u00bb border_width=\u00a0\u00bb3&Prime; el_width=\u00a0\u00bb10&Prime; css=\u00a0\u00bb.vc_custom_1586336971411{margin-top: -15px !important;}\u00a0\u00bb accent_color=\u00a0\u00bb#6e98e3&Prime;][vc_column_text]<img loading=\"lazy\" decoding=\"async\" class=\"alignleft wp-image-29399 size-full\" src=\"https:\/\/www.conferento.com\/wp-content\/uploads\/2020\/04\/conf-contact5.svg\" alt=\"\" width=\"40\" height=\"55\" \/> <b style=\"font-size: 16px;\">T\u00e9l\u00e9phone<\/b><br \/>\n+49 176 377 090 70[\/vc_column_text][vc_column_text]<img loading=\"lazy\" decoding=\"async\" class=\"alignleft wp-image-29399 size-full\" src=\"https:\/\/www.conferento.com\/wp-content\/uploads\/2020\/04\/conf-contact3.svg\" alt=\"\" width=\"40\" height=\"55\" \/> <b style=\"font-size: 16px;\">Courriel<\/b><br \/>\ninfo@conferento.com[\/vc_column_text][vc_column_text]<img loading=\"lazy\" decoding=\"async\" class=\"alignleft wp-image-29399 size-full\" src=\"https:\/\/www.conferento.com\/wp-content\/uploads\/2020\/04\/conf-contact2.svg\" alt=\"\" width=\"40\" height=\"55\" \/> <b style=\"font-size: 16px;\">Site Internet<\/b><br \/>\nwww.conferento.com[\/vc_column_text][vc_column_text css=\u00a0\u00bb\u00a0\u00bb]<img loading=\"lazy\" decoding=\"async\" class=\"alignleft wp-image-29399 size-full\" src=\"https:\/\/www.conferento.com\/wp-content\/uploads\/2020\/04\/conf-contact4.svg\" alt=\"\" width=\"40\" height=\"55\" \/> <b style=\"font-size: 16px;\">Adresse<\/b><br \/>\nInnsbrucker Bundesstra\u00dfe 36\/3 \u2022 A-5020 Salzbourg[\/vc_column_text][vc_column_text]<img loading=\"lazy\" decoding=\"async\" class=\"alignleft wp-image-29399 size-full\" src=\"https:\/\/www.conferento.com\/wp-content\/uploads\/2020\/04\/conf-contact1.svg\" alt=\"\" width=\"40\" height=\"55\" \/> <b style=\"font-size: 16px;\">Heures de bureau<\/b><br \/>\nLundi &#8211; vendredi 9 h &#8211; 17 h[\/vc_column_text][\/vc_column][vc_column width=\u00a0\u00bb1\/2&Prime;][vc_raw_html]JTNDaDElMjBzdHlsZSUzRCUyMnRleHQtYWxpZ24lM0ElMjBsZWZ0JTNCJTIyJTNFJTNDc3BhbiUyMHN0eWxlJTNEJTIyY29sb3IlM0ElMjByZ2JhJTI4MCUyQzAlMkMwJTJDMC44NyUyOSUzQiUyMiUzRU1lbnRpb25zJTIwbCVDMyVBOWdhbGVzJTNDJTJGc3BhbiUzRSUzQyUyRmgxJTNF[\/vc_raw_html][vc_separator color=\u00a0\u00bbcustom\u00a0\u00bb align=\u00a0\u00bbalign_left\u00a0\u00bb border_width=\u00a0\u00bb3&Prime; el_width=\u00a0\u00bb10&Prime; css=\u00a0\u00bb.vc_custom_1586336982078{margin-top: -15px !important;}\u00a0\u00bb accent_color=\u00a0\u00bb#6e98e3&Prime;][vc_column_text css=\u00a0\u00bb\u00a0\u00bb]<img loading=\"lazy\" decoding=\"async\" class=\"alignnone size-full wp-image-29440\" src=\"https:\/\/www.conferento.com\/wp-content\/uploads\/2020\/04\/cinco-logo.svg\" alt=\"\" width=\"239\" height=\"34\" \/><\/p>\n<p>Software GmbH<br \/>\nInnsbrucker Bundesstra\u00dfe 36\/3<br \/>\nA-5020 Salzbourg<\/p>\n<p><strong>Chef d\u2019entreprise:<\/strong><br \/>\n<img loading=\"lazy\" decoding=\"async\" class=\"alignnone size-full wp-image-29448\" src=\"https:\/\/www.conferento.com\/wp-content\/uploads\/2020\/04\/GF.png\" alt=\"\" width=\"85\" height=\"14\" srcset=\"https:\/\/www.conferento.com\/wp-content\/uploads\/2020\/04\/GF.png 85w, https:\/\/www.conferento.com\/wp-content\/uploads\/2020\/04\/GF-24x4.png 24w, https:\/\/www.conferento.com\/wp-content\/uploads\/2020\/04\/GF-36x6.png 36w, https:\/\/www.conferento.com\/wp-content\/uploads\/2020\/04\/GF-48x8.png 48w\" sizes=\"auto, (max-width: 85px) 100vw, 85px\" \/><\/p>\n<p><strong>Registre de l\u2019entreprise:<\/strong><br \/>\nLandesgericht Salzbourg<\/p>\n<p><strong>Num\u00e9ro d\u2019enregistrement d\u2019entreprise:<\/strong><br \/>\nFN 36 11 49 b<\/p>\n<p><strong>Num\u00e9ros fiscaux:<\/strong><br \/>\nUID: ATU66522355<br \/>\nSt-Nr.: 149\/0589[\/vc_column_text][\/vc_column][\/vc_row][vc_row][vc_column][vc_separator css=\u00a0\u00bb.vc_custom_1586349285541{margin-top: -15px !important;margin-bottom: 25px !important;}\u00a0\u00bb][vc_column_text]<strong>Informations obligatoires conform\u00e9ment \u00e0 l\u2019article 13 du RPGD <\/strong><\/p>\n<p style=\"font-size: 12px; line-height: 14px;\">En cas de premier contact, nous sommes tenus, en vertu de l\u2019article 12, du RPGP 13, de vous fournir les informations obligatoires suivantes relatives \u00e0 la protection des donn\u00e9es: Si vous nous contactez par e-mail, nous ne traiterons vos donn\u00e9es \u00e0 caract\u00e8re personnel un int\u00e9r\u00eat l\u00e9gitime existe (article 6 (1) (f) du GDPR), vous avez consenti au traitement de donn\u00e9es (article 6 (1) a) du GDPR), au traitement pour l\u2019initiation, la justification, le contenu ou la modification d\u2019un rapport juridique entre Vous et nous sommes tenus de respecter (article 6 (1) b) du RGPD) ou tout autre crit\u00e8re juridique autorisant le traitement. Vos donn\u00e9es personnelles restent avec nous jusqu\u2019\u00e0 ce que vous nous demandiez de les supprimer, de r\u00e9voquer votre consentement au stockage ou que le but du stockage des donn\u00e9es soit omis (par exemple, une fois que votre probl\u00e8me a \u00e9t\u00e9 trait\u00e9). Les dispositions l\u00e9gales obligatoires \u2013 en particulier les p\u00e9riodes de r\u00e9tention fiscale et commerciale \u2013 restent inchang\u00e9es. Vous devez toujours obtenir gratuitement des informations sur l\u2019origine, le destinataire et le but de vos donn\u00e9es personnelles stock\u00e9es le droit. Vous disposez \u00e9galement d\u2019un droit d\u2019appel, \u00e0 la portabilit\u00e9 des donn\u00e9es et le droit de faire appel \u00e0 l\u2019autorit\u00e9 de surveillance comp\u00e9tente. Vous pouvez \u00e9galement demander la rectification, la suppression et, dans certaines circonstances, la limitation du traitement de vos donn\u00e9es personnelles. Veuillez consulter notre <a href=\"https:\/\/www.conferento.com\/fr\/datenschutz\">R\u00e8gles de confidentialit\u00e9<\/a> pour plus de d\u00e9tails. Vous pouvez contacter notre responsable de la protection des donn\u00e9es \u00e0 datenschutz@cincomedia.eu.<\/p>\n<p>[\/vc_column_text][vc_raw_html]JTNDaDElMjBzdHlsZSUzRCUyMnRleHQtYWxpZ24lM0ElMjBsZWZ0JTNCJTIyJTNFJTNDc3BhbiUyMHN0eWxlJTNEJTIyY29sb3IlM0ElMjByZ2JhJTI4MCUyQzAlMkMwJTJDMC44NyUyOSUzQiUyMiUzRUNyJUMzJUE5ZGl0cyUyMHBob3RvcyUzQyUyRnNwYW4lM0UlM0MlMkZoMSUzRQ==[\/vc_raw_html][vc_separator color=\u00a0\u00bbcustom\u00a0\u00bb align=\u00a0\u00bbalign_left\u00a0\u00bb border_width=\u00a0\u00bb3&Prime; el_width=\u00a0\u00bb10&Prime; css=\u00a0\u00bb.vc_custom_1586336982078{margin-top: -15px !important;}\u00a0\u00bb accent_color=\u00a0\u00bb#6e98e3&Prime;][vc_column_text]<\/p>\n<div style=\"font-size: 12px; line-height: 14px;\">Accueil Slider Image Home \u00a9 monkeybusinessimages | www.istockphoto.com \u00c9cran de d\u00e9marrage \u00a9 courtneyk | www.istockphoto.com Salle de conf\u00e9rence \u00a9 Dmitry Koksharov | H\u00f4tels Fotolia.com \u00a9 kasto &#8211; Centre Office Fotolia.com \u00a9 mooshny &#8211; Sites Fotolia.com \u00a9 pisotskii &#8211; Fotolia.com \u00a9 mooshny | Fotolia.com \u00a9 kasto | Fotolia.com D\u00e9marrer l&rsquo;image \/ banni\u00e8re \u00a9 monkeybusinessimages | istockphoto.com Panorama de Berlin du c\u00f4t\u00e9 de Berlin: Panorama avec le pont Oberbaum \u00e0 Berlin \u00a9 draghicich &#8211; Fotolia.com Berlin &#8211; Porte de Brandebourg \u00a9 noppasin wongchum &#8211; Bigstock\u00ae Dresde Panorama du c\u00f4t\u00e9 de Dresde: Panorama Dresde \u00a9 World travel images &#8211; Fotolia.com Panorama de D\u00fcsseldorf c\u00f4t\u00e9 D\u00fcsseldorf: Panorama D\u00fcsseldorf \u00a9 Igor Tarasov &#8211; Fotolia.com Francfort Panorama c\u00f4t\u00e9 Francfort: Panorama Francfort \u00a9 eyetronic &#8211; Fotolia.com Hambourg Panorama c\u00f4t\u00e9 Hambourg: Panorama Hambourg \u00a9 thorabeti &#8211; Fotolia.com Cologne Panorama c\u00f4t\u00e9 Cologne : Panorama Cologne \u00a9 SeanPavonePhoto &#8211; Fotolia.com Panorama de Leipzig du c\u00f4t\u00e9 de Leipzig: Panorama Leipzig \u00a9 industrieblick &#8211; Fotolia.com Panorama de Majorque du c\u00f4t\u00e9 de Majorque: Panorama de Majorque \u00a9 photobeginner &#8211; Fotolia.com Panorama de Munich du c\u00f4t\u00e9 de Munich: Panorama de Munich \u00a9 davis &#8211; Fotolia.com Panorama de Stuttgart du c\u00f4t\u00e9 de Stuttgart: Panorama Stuttgart \u00a9 thorabeti &#8211; Fotolia.com How `s Business Gr Concept de travail de strat\u00e9gie de discussion de r\u00e9union oup \u00a9 Rawpixel.com | Fotolia.com Accueil Anglais &#8211; Singapour \u00a9 pixabay.com Graham-H CC0 Creative Commons Accueil Anglais &#8211; New York \u00a9 pixabay.com Free-Photos CC0 Creative Commons Accueil Fran\u00e7ais &#8211; Paris \u00a9 pixabay.com TheDigitalArtist CC0 Creative Commons Accueil Fran\u00e7ais &#8211; Marseille \u00a9 pixabay .com Samueles CC0 page d&rsquo;accueil Creative Commons fran\u00e7ais &#8211; Lyon \u00a9 pixabay.com akmd CC0 page d&rsquo;accueil Creative Commons fran\u00e7ais &#8211; Bruxelles \u00a9 pixabay.com dimitrisvetsikas1969 page d&rsquo;accueil CC0 Creative Commons fran\u00e7ais &#8211; Bruxelles \u00a9 pixabay.com dimitrisvetsikas1969 page d&rsquo;accueil CC0 Creative Commons fran\u00e7ais &#8211; Nice \u00a9 pixabay.com hpgruesen CC0 Creative Commons Home Italien &#8211; G\u00eanes \u00a9 pixabay.com neufal54 CC0 Creative Commons Home Italien &#8211; G\u00eanes \u00a9 pixabay.com neufal54 CC0 Creative Commons Home Italien &#8211; Turin \u00a9 pixabay.com SplitShire CC0 Creative Commons Home Espagnol &#8211; Malaga \u00a9 pixabay.com postcardtrip CC0 Creative Commons S tartseite Anglais &#8211; New York \u00a9 pixabay.com Pexels CC0 Creative Commons Home Anglais &#8211; Singapour \u00a9 pixabay.com tpsdave CC0 Creative Commons Home Italien &#8211; Bologne \u00a9 pixabay.com alex1965 CC0 Creative Commons Home Italien &#8211; Bologne \u00a9 pixabay.com RitaMichelon CC0 Creative Commons Home Italien &#8211; Bologne \u00a9 pixabay.com DEZALB CC0 page d&rsquo;accueil Creative Commons Italien &#8211; G\u00eanes \u00a9 pixabay.com page d&rsquo;accueil de Creative Commons italien &#8211; G\u00eanes \u00a9 pixabay.com dexmac CC0 page d&rsquo;accueil Creative Commons anglais &#8211; Budapest \u00a9 pixabay.com nextvoyage CC0 page d&rsquo;accueil Creative Commons anglais &#8211; Budapest \u00a9 pixabay.com AdamHillTravel CC0 Creative Commons Accueil Fran\u00e7ais &#8211; Budapest \u00a9 pixabay.com DUOTONE_ CC0 Creative Commons &#8211; Fonctionnement &#8211; 2mmedia &#8211; stock.adobe.com Photographee.eu &#8211; stock.adobe.com NDABCREATIVITY &#8211; stock.adobe.com<\/div>\n<p>[\/vc_column_text][\/vc_column][\/vc_row]<\/p>\n<\/div>","protected":false},"excerpt":{"rendered":"<p>[vc_row full_width=\u00a0\u00bbstretch_row\u00a0\u00bb css=\u00a0\u00bb.vc_custom_1586338568590{background-color: #ffffff !important;}\u00a0\u00bb][vc_column width=\u00a0\u00bb1\/2&Prime;][vc_raw_html]JTNDaDElMjBzdHlsZSUzRCUyMnRleHQtYWxpZ24lM0ElMjBsZWZ0JTNCJTIyJTNFJTNDc3BhbiUyMHN0eWxlJTNEJTIyY29sb3IlM0ElMjByZ2JhJTI4MCUyQzAlMkMwJTJDMC44NyUyOSUzQiUyMiUzRUNvbnRhY3Rlei1ub3VzJTNDJTJGc3BhbiUzRSUzQyUyRmgxJTNF[\/vc_raw_html][vc_separator color=\u00a0\u00bbcustom\u00a0\u00bb align=\u00a0\u00bbalign_left\u00a0\u00bb border_width=\u00a0\u00bb3&Prime; el_width=\u00a0\u00bb10&Prime; css=\u00a0\u00bb.vc_custom_1586336971411{margin-top: -15px !important;}\u00a0\u00bb accent_color=\u00a0\u00bb#6e98e3&Prime;][vc_column_text] T\u00e9l\u00e9phone +49 176 377 090 70[\/vc_column_text][vc_column_text] Courriel info@conferento.com[\/vc_column_text][vc_column_text] Site Internet www.conferento.com[\/vc_column_text][vc_column_text css=\u00a0\u00bb\u00a0\u00bb] Adresse Innsbrucker Bundesstra\u00dfe 36\/3 \u2022 A-5020 Salzbourg[\/vc_column_text][vc_column_text] Heures de bureau Lundi &#8211; vendredi 9 h &#8211; 17 h[\/vc_column_text][\/vc_column][vc_column width=\u00a0\u00bb1\/2&Prime;][vc_raw_html]JTNDaDElMjBzdHlsZSUzRCUyMnRleHQtYWxpZ24lM0ElMjBsZWZ0JTNCJTIyJTNFJTNDc3BhbiUyMHN0eWxlJTNEJTIyY29sb3IlM0ElMjByZ2JhJTI4MCUyQzAlMkMwJTJDMC44NyUyOSUzQiUyMiUzRU1lbnRpb25zJTIwbCVDMyVBOWdhbGVzJTNDJTJGc3BhbiUzRSUzQyUyRmgxJTNF[\/vc_raw_html][vc_separator color=\u00a0\u00bbcustom\u00a0\u00bb align=\u00a0\u00bbalign_left\u00a0\u00bb border_width=\u00a0\u00bb3&Prime; el_width=\u00a0\u00bb10&Prime; css=\u00a0\u00bb.vc_custom_1586336982078{margin-top: -15px !important;}\u00a0\u00bb accent_color=\u00a0\u00bb#6e98e3&Prime;][vc_column_text css=\u00a0\u00bb\u00a0\u00bb] Software &hellip; <br \/><a href=\"https:\/\/www.conferento.com\/fr\/mentions-legales\/\" class=\"more-link\">Continue reading <span class=\"screen-reader-text\">Mentions l\u00e9gales<\/span><\/a><\/p>\n","protected":false},"author":1,"featured_media":0,"parent":0,"menu_order":0,"comment_status":"closed","ping_status":"closed","template":"","meta":{"inline_featured_image":false,"footnotes":""},"class_list":["post-29435","page","type-page","status-publish","hentry"],"_links":{"self":[{"href":"https:\/\/www.conferento.com\/fr\/wp-json\/wp\/v2\/pages\/29435","targetHints":{"allow":["GET"]}}],"collection":[{"href":"https:\/\/www.conferento.com\/fr\/wp-json\/wp\/v2\/pages"}],"about":[{"href":"https:\/\/www.conferento.com\/fr\/wp-json\/wp\/v2\/types\/page"}],"author":[{"embeddable":true,"href":"https:\/\/www.conferento.com\/fr\/wp-json\/wp\/v2\/users\/1"}],"replies":[{"embeddable":true,"href":"https:\/\/www.conferento.com\/fr\/wp-json\/wp\/v2\/comments?post=29435"}],"version-history":[{"count":1,"href":"https:\/\/www.conferento.com\/fr\/wp-json\/wp\/v2\/pages\/29435\/revisions"}],"predecessor-version":[{"id":39295,"href":"https:\/\/www.conferento.com\/fr\/wp-json\/wp\/v2\/pages\/29435\/revisions\/39295"}],"wp:attachment":[{"href":"https:\/\/www.conferento.com\/fr\/wp-json\/wp\/v2\/media?parent=29435"}],"curies":[{"name":"wp","href":"https:\/\/api.w.org\/{rel}","templated":true}]}}