{"id":25425,"date":"2017-09-01T01:45:35","date_gmt":"2017-09-01T01:45:35","guid":{"rendered":"https:\/\/www.conferento.com\/anbieter-informationen"},"modified":"2020-07-03T05:18:44","modified_gmt":"2020-07-03T05:18:44","slug":"salle-de-conference-espace-de-bureau-espace-de-coworking-annoncez-et-louez-gratuitement","status":"publish","type":"page","link":"https:\/\/www.conferento.com\/fr\/salle-de-conference-espace-de-bureau-espace-de-coworking-annoncez-et-louez-gratuitement\/","title":{"rendered":"Salle de conf\u00e9rence espace de bureau espace de coworking annoncez et louez gratuitement"},"content":{"rendered":"<div class=\"wpb-content-wrapper\"><p>[vc_row][vc_column][vc_empty_space height=\u00a0\u00bb30px\u00a0\u00bb][vc_raw_html css=\u00a0\u00bb.vc_custom_1586513635758{margin-top: -15px !important;}\u00a0\u00bb]JTNDaDElMjBzdHlsZSUzRCUyMnRleHQtYWxpZ24lM0ElMjBjZW50ZXIlM0IlMjIlM0UlM0NzcGFuJTIwc3R5bGUlM0QlMjJjb2xvciUzQSUyMHJnYmElMjgwJTJDMCUyQzAlMkMwLjg3JTI5JTNCJTIyJTNFUHVibGlleiUyMGxhJTIwc2FsbGUlMjBkZSUyMGNvbmYlQzMlQTlyZW5jZSUyMGVuJTIwMyUyMCVDMyVBOXRhcGVzJTNDJTJGc3BhbiUzRSUzQyUyRmgxJTNF[\/vc_raw_html][vc_separator color=\u00a0\u00bbcustom\u00a0\u00bb border_width=\u00a0\u00bb3&Prime; el_width=\u00a0\u00bb10&Prime; accent_color=\u00a0\u00bb#6e98e3&Prime; css=\u00a0\u00bb.vc_custom_1586163362749{margin-top: -15px !important;}\u00a0\u00bb][vc_empty_space height=\u00a0\u00bb5px\u00a0\u00bb][\/vc_column][\/vc_row][vc_row full_width=\u00a0\u00bbstretch_row\u00a0\u00bb equal_height=\u00a0\u00bbyes\u00a0\u00bb css=\u00a0\u00bb.vc_custom_1586162603580{background-color: #f2f2f2 !important;}\u00a0\u00bb][vc_column][vc_row_inner][vc_column_inner width=\u00a0\u00bb3\/12&Prime;][vc_empty_space height=\u00a0\u00bb60px\u00a0\u00bb el_class=\u00a0\u00bbhidden-sm hidden-xs\u00a0\u00bb][vc_empty_space height=\u00a0\u00bb70px\u00a0\u00bb][apus_steps_work title=\u00a0\u00bbInscription \u00a0\u00bb image=\u00a0\u00bb241&Prime; style=\u00a0\u00bbtop\u00a0\u00bb description=\u00a0\u00bbTout d&rsquo;abord, inscrivez-vous avec le formulaire d&rsquo;inscription ou envoyez-nous un e-mail avec vos coordonn\u00e9es!\u00a0\u00bb][\/vc_column_inner][vc_column_inner width=\u00a0\u00bb2\/12&Prime;][vc_empty_space height=\u00a0\u00bb60px\u00a0\u00bb el_class=\u00a0\u00bbhidden-sm hidden-xs\u00a0\u00bb][vc_empty_space height=\u00a0\u00bb80px\u00a0\u00bb][vc_single_image image=\u00a0\u00bb244&Prime; img_size=\u00a0\u00bbfull\u00a0\u00bb el_class=\u00a0\u00bbhidden-sm hidden-xs\u00a0\u00bb][\/vc_column_inner][vc_column_inner width=\u00a0\u00bb2\/12&Prime;][apus_steps_work title=\u00a0\u00bbEntrez l&rsquo;offre\u00a0\u00bb image=\u00a0\u00bb242&Prime; style=\u00a0\u00bbbottom\u00a0\u00bb description=\u00a0\u00bbS\u00e9lectionnez votre cat\u00e9gorie et listez-y vos chambres, services et offres!\u00a0\u00bb][\/vc_column_inner][vc_column_inner width=\u00a0\u00bb2\/12&Prime;][vc_empty_space height=\u00a0\u00bb80px\u00a0\u00bb el_class=\u00a0\u00bbhidden-sm hidden-xs\u00a0\u00bb][vc_empty_space height=\u00a0\u00bb90px\u00a0\u00bb el_class=\u00a0\u00bbhidden-sm hidden-xs\u00a0\u00bb][vc_empty_space height=\u00a0\u00bb90px\u00a0\u00bb][vc_single_image image=\u00a0\u00bb245&Prime; img_size=\u00a0\u00bbfull\u00a0\u00bb el_class=\u00a0\u00bbhidden-sm hidden-xs\u00a0\u00bb][\/vc_column_inner][vc_column_inner width=\u00a0\u00bb3\/12&Prime;][vc_empty_space height=\u00a0\u00bb70px\u00a0\u00bb el_class=\u00a0\u00bbhidden-sm hidden-xs\u00a0\u00bb][vc_empty_space height=\u00a0\u00bb60px\u00a0\u00bb][apus_steps_work title=\u00a0\u00bbPublier\u00a0\u00bb image=\u00a0\u00bb243&Prime; style=\u00a0\u00bbtop\u00a0\u00bb description=\u00a0\u00bbMettez ces offres en ligne en un clic de souris et d\u00e9sormais vous \u00eates pr\u00e9sent avec notre offre pour nos clients.\u00a0\u00bb][\/vc_column_inner][\/vc_row_inner][vc_column_text]<!--?php esc_html_e( 'Register','apuslisting' ); ?-->[\/vc_column_text][\/vc_column][\/vc_row][vc_row][vc_column][vc_raw_html]JTNDZGl2JTIwc3R5bGUlM0QlMjJ0ZXh0LWFsaWduJTNBY2VudGVyJTNCJTIyJTNFJTBBJTNDYSUyMGhyZWYlM0QlMjJodHRwcyUzQSUyRiUyRnd3dy5jb25mZXJlbnRvLmNvbSUyRmZyJTJGcmVnaXN0cmllcmVuJTIyJTIwY2xhc3MlM0QlMjJhcHVzLXVzZXItcmVnaXN0ZXIlMjB3ZWwtdXNlciUyMGFkZC1saXN0aW5nJTIyJTNFSW5zY3JpdmV6LXZvdXMlMjBtYWludGVuYW50JTNDJTJGYSUzRSUwQSUzQyUyRmRpdiUzRSUwQQ==[\/vc_raw_html][vc_empty_space height=\u00a0\u00bb95px\u00a0\u00bb][\/vc_column][\/vc_row]<\/p>\n<\/div>","protected":false},"excerpt":{"rendered":"<p>[vc_row][vc_column][vc_empty_space height=\u00a0\u00bb30px\u00a0\u00bb][vc_raw_html css=\u00a0\u00bb.vc_custom_1586513635758{margin-top: -15px !important;}\u00a0\u00bb]JTNDaDElMjBzdHlsZSUzRCUyMnRleHQtYWxpZ24lM0ElMjBjZW50ZXIlM0IlMjIlM0UlM0NzcGFuJTIwc3R5bGUlM0QlMjJjb2xvciUzQSUyMHJnYmElMjgwJTJDMCUyQzAlMkMwLjg3JTI5JTNCJTIyJTNFUHVibGlleiUyMGxhJTIwc2FsbGUlMjBkZSUyMGNvbmYlQzMlQTlyZW5jZSUyMGVuJTIwMyUyMCVDMyVBOXRhcGVzJTNDJTJGc3BhbiUzRSUzQyUyRmgxJTNF[\/vc_raw_html][vc_separator color=\u00a0\u00bbcustom\u00a0\u00bb border_width=\u00a0\u00bb3&Prime; el_width=\u00a0\u00bb10&Prime; accent_color=\u00a0\u00bb#6e98e3&Prime; css=\u00a0\u00bb.vc_custom_1586163362749{margin-top: -15px !important;}\u00a0\u00bb][vc_empty_space height=\u00a0\u00bb5px\u00a0\u00bb][\/vc_column][\/vc_row][vc_row full_width=\u00a0\u00bbstretch_row\u00a0\u00bb equal_height=\u00a0\u00bbyes\u00a0\u00bb css=\u00a0\u00bb.vc_custom_1586162603580{background-color: #f2f2f2 !important;}\u00a0\u00bb][vc_column][vc_row_inner][vc_column_inner width=\u00a0\u00bb3\/12&Prime;][vc_empty_space height=\u00a0\u00bb60px\u00a0\u00bb el_class=\u00a0\u00bbhidden-sm hidden-xs\u00a0\u00bb][vc_empty_space height=\u00a0\u00bb70px\u00a0\u00bb][apus_steps_work title=\u00a0\u00bbInscription \u00a0\u00bb image=\u00a0\u00bb241&Prime; style=\u00a0\u00bbtop\u00a0\u00bb description=\u00a0\u00bbTout d&rsquo;abord, inscrivez-vous avec le formulaire d&rsquo;inscription ou envoyez-nous un e-mail avec vos coordonn\u00e9es!\u00a0\u00bb][\/vc_column_inner][vc_column_inner width=\u00a0\u00bb2\/12&Prime;][vc_empty_space height=\u00a0\u00bb60px\u00a0\u00bb el_class=\u00a0\u00bbhidden-sm hidden-xs\u00a0\u00bb][vc_empty_space height=\u00a0\u00bb80px\u00a0\u00bb][vc_single_image image=\u00a0\u00bb244&Prime; img_size=\u00a0\u00bbfull\u00a0\u00bb el_class=\u00a0\u00bbhidden-sm hidden-xs\u00a0\u00bb][\/vc_column_inner][vc_column_inner width=\u00a0\u00bb2\/12&Prime;][apus_steps_work title=\u00a0\u00bbEntrez l&rsquo;offre\u00a0\u00bb image=\u00a0\u00bb242&Prime; style=\u00a0\u00bbbottom\u00a0\u00bb &hellip; <br \/><a href=\"https:\/\/www.conferento.com\/fr\/salle-de-conference-espace-de-bureau-espace-de-coworking-annoncez-et-louez-gratuitement\/\" class=\"more-link\">Continue reading <span class=\"screen-reader-text\">Salle de conf\u00e9rence espace de bureau espace de coworking annoncez et louez gratuitement<\/span><\/a><\/p>\n","protected":false},"author":1,"featured_media":0,"parent":0,"menu_order":0,"comment_status":"closed","ping_status":"closed","template":"","meta":{"inline_featured_image":false,"footnotes":""},"class_list":["post-25425","page","type-page","status-publish","hentry"],"_links":{"self":[{"href":"https:\/\/www.conferento.com\/fr\/wp-json\/wp\/v2\/pages\/25425","targetHints":{"allow":["GET"]}}],"collection":[{"href":"https:\/\/www.conferento.com\/fr\/wp-json\/wp\/v2\/pages"}],"about":[{"href":"https:\/\/www.conferento.com\/fr\/wp-json\/wp\/v2\/types\/page"}],"author":[{"embeddable":true,"href":"https:\/\/www.conferento.com\/fr\/wp-json\/wp\/v2\/users\/1"}],"replies":[{"embeddable":true,"href":"https:\/\/www.conferento.com\/fr\/wp-json\/wp\/v2\/comments?post=25425"}],"version-history":[{"count":0,"href":"https:\/\/www.conferento.com\/fr\/wp-json\/wp\/v2\/pages\/25425\/revisions"}],"wp:attachment":[{"href":"https:\/\/www.conferento.com\/fr\/wp-json\/wp\/v2\/media?parent=25425"}],"curies":[{"name":"wp","href":"https:\/\/api.w.org\/{rel}","templated":true}]}}