{"id":25262,"date":"2017-08-31T08:30:52","date_gmt":"2017-08-31T08:30:52","guid":{"rendered":"https:\/\/www.conferento.com\/kontakt"},"modified":"2020-04-12T07:02:05","modified_gmt":"2020-04-12T07:02:05","slug":"kontakt","status":"publish","type":"page","link":"https:\/\/www.conferento.com\/fr\/kontakt\/","title":{"rendered":"Votre contact avec nous"},"content":{"rendered":"<div class=\"wpb-content-wrapper\"><p>[vc_row full_width=\u00a0\u00bbstretch_row\u00a0\u00bb css=\u00a0\u00bb.vc_custom_1586338568590{background-color: #ffffff !important;}\u00a0\u00bb][vc_column width=\u00a0\u00bb1\/2&Prime;][vc_raw_html]JTNDaDElMjBzdHlsZSUzRCUyMnRleHQtYWxpZ24lM0ElMjBsZWZ0JTNCJTIyJTNFJTNDc3BhbiUyMHN0eWxlJTNEJTIyY29sb3IlM0ElMjByZ2JhJTI4MCUyQzAlMkMwJTJDMC44NyUyOSUzQiUyMiUzRUNvb3Jkb25uJUMzJUE5ZXMlM0MlMkZzcGFuJTNFJTNDJTJGaDElM0U=[\/vc_raw_html][vc_separator color=\u00a0\u00bbcustom\u00a0\u00bb align=\u00a0\u00bbalign_left\u00a0\u00bb border_width=\u00a0\u00bb3&Prime; el_width=\u00a0\u00bb10&Prime; accent_color=\u00a0\u00bb#6e98e3&Prime; css=\u00a0\u00bb.vc_custom_1586336971411{margin-top: -15px !important;}\u00a0\u00bb][vc_column_text]<\/p>\n<p>Utilisez le formulaire de contact pour toutes les questions. Nous prendrons en charge votre demande dans les meilleurs d\u00e9lais et vous r\u00e9pondrons.<\/p>\n<p>[\/vc_column_text][vc_column_text]<img loading=\"lazy\" decoding=\"async\" class=\"alignleft wp-image-29399 size-full\" src=\"https:\/\/www.conferento.com\/wp-content\/uploads\/2020\/04\/conf-contact5.svg\" alt=\"\" width=\"40\" height=\"55\" \/> <b style=\"font-size: 16px;\">T\u00e9l\u00e9phone<\/b><br \/>\n+49 176 377 090 70[\/vc_column_text][vc_column_text]<img loading=\"lazy\" decoding=\"async\" class=\"alignleft wp-image-29399 size-full\" src=\"https:\/\/www.conferento.com\/wp-content\/uploads\/2020\/04\/conf-contact3.svg\" alt=\"\" width=\"40\" height=\"55\" \/> <b style=\"font-size: 16px;\">Courriel<\/b><br \/>\ninfo@conferento.com[\/vc_column_text][vc_column_text]<img loading=\"lazy\" decoding=\"async\" class=\"alignleft wp-image-29399 size-full\" src=\"https:\/\/www.conferento.com\/wp-content\/uploads\/2020\/04\/conf-contact2.svg\" alt=\"\" width=\"40\" height=\"55\" \/> <b style=\"font-size: 16px;\">Site Internet<\/b><br \/>\nwww.conferento.com[\/vc_column_text][vc_column_text]<img loading=\"lazy\" decoding=\"async\" class=\"alignleft wp-image-29399 size-full\" src=\"https:\/\/www.conferento.com\/wp-content\/uploads\/2020\/04\/conf-contact4.svg\" alt=\"\" width=\"40\" height=\"55\" \/> <b style=\"font-size: 16px;\">Adresse<\/b><br \/>\nRosa-Hoffmann-Stra\u00dfe 33 \u2022 A-5020 Salzbourg[\/vc_column_text][vc_column_text]<img loading=\"lazy\" decoding=\"async\" class=\"alignleft wp-image-29399 size-full\" src=\"https:\/\/www.conferento.com\/wp-content\/uploads\/2020\/04\/conf-contact1.svg\" alt=\"\" width=\"40\" height=\"55\" \/> <b style=\"font-size: 16px;\">Heures de bureau<\/b><br \/>\nLundi &#8211; vendredi 9 h &#8211; 17 h[\/vc_column_text][\/vc_column][vc_column width=\u00a0\u00bb1\/2&Prime;][vc_raw_html]JTNDaDElMjBzdHlsZSUzRCUyMnRleHQtYWxpZ24lM0ElMjBsZWZ0JTNCJTIyJTNFJTNDc3BhbiUyMHN0eWxlJTNEJTIyY29sb3IlM0ElMjByZ2JhJTI4MCUyQzAlMkMwJTJDMC44NyUyOSUzQiUyMiUzRUZvcm11bGFpcmUlMjBkZSUyMGNvbnRhY3QlM0MlMkZzcGFuJTNFJTNDJTJGaDElM0U=[\/vc_raw_html][vc_separator color=\u00a0\u00bbcustom\u00a0\u00bb align=\u00a0\u00bbalign_left\u00a0\u00bb border_width=\u00a0\u00bb3&Prime; el_width=\u00a0\u00bb10&Prime; accent_color=\u00a0\u00bb#6e98e3&Prime; css=\u00a0\u00bb.vc_custom_1586336982078{margin-top: -15px !important;}\u00a0\u00bb]<div class=\"wpforms-container wpforms-container-full\" id=\"wpforms-29624\"><form id=\"wpforms-form-29624\" class=\"wpforms-validate wpforms-form\" data-formid=\"29624\" method=\"post\" enctype=\"multipart\/form-data\" action=\"\/fr\/wp-json\/wp\/v2\/pages\/25262\" data-token=\"8331925c0275aeb50fb239ac3a9f4ba8\" data-token-time=\"1776846935\"><noscript class=\"wpforms-error-noscript\">Veuillez activer JavaScript dans votre navigateur pour remplir ce formulaire.<\/noscript><div class=\"wpforms-field-container\"><div id=\"wpforms-29624-field_0-container\" class=\"wpforms-field wpforms-field-name\" data-field-id=\"0\"><label class=\"wpforms-field-label\">Nom <span class=\"wpforms-required-label\">*<\/span><\/label><div class=\"wpforms-field-row wpforms-field-medium\"><div class=\"wpforms-field-row-block wpforms-first wpforms-one-half\"><input type=\"text\" id=\"wpforms-29624-field_0\" class=\"wpforms-field-name-first wpforms-field-required\" name=\"wpforms[fields][0][first]\" required><label for=\"wpforms-29624-field_0\" class=\"wpforms-field-sublabel after\">Pr\u00e9nom<\/label><\/div><div class=\"wpforms-field-row-block wpforms-one-half\"><input type=\"text\" id=\"wpforms-29624-field_0-last\" class=\"wpforms-field-name-last wpforms-field-required\" name=\"wpforms[fields][0][last]\" required><label for=\"wpforms-29624-field_0-last\" class=\"wpforms-field-sublabel after\">Nom<\/label><\/div><\/div><\/div><div id=\"wpforms-29624-field_1-container\" class=\"wpforms-field wpforms-field-email\" data-field-id=\"1\"><label class=\"wpforms-field-label\" for=\"wpforms-29624-field_1\">\u00c9mail <span class=\"wpforms-required-label\">*<\/span><\/label><input type=\"email\" id=\"wpforms-29624-field_1\" class=\"wpforms-field-medium wpforms-field-required\" name=\"wpforms[fields][1]\" spellcheck=\"false\" required><\/div><div id=\"wpforms-29624-field_2-container\" class=\"wpforms-field wpforms-field-textarea\" data-field-id=\"2\"><label class=\"wpforms-field-label\" for=\"wpforms-29624-field_2\">Commentaire ou message <span class=\"wpforms-required-label\">*<\/span><\/label><textarea id=\"wpforms-29624-field_2\" class=\"wpforms-field-medium wpforms-field-required\" name=\"wpforms[fields][2]\" required><\/textarea><\/div><div id=\"wpforms-29624-field_3-container\" class=\"wpforms-field wpforms-field-checkbox\" data-field-id=\"3\"><label class=\"wpforms-field-label\">Politique de confidentialit\u00e9<\/label><ul id=\"wpforms-29624-field_3\"><li class=\"choice-1 depth-1\"><input type=\"checkbox\" id=\"wpforms-29624-field_3_1\" name=\"wpforms[fields][3][]\" value=\"Je reconnais la politique de confidentialit\u00e9\"  ><label class=\"wpforms-field-label-inline\" for=\"wpforms-29624-field_3_1\">Je reconnais la politique de confidentialit\u00e9<\/label><\/li><\/ul><\/div><\/div><!-- .wpforms-field-container --><div class=\"wpforms-recaptcha-container wpforms-is-recaptcha wpforms-is-recaptcha-type-v2\" ><div class=\"g-recaptcha\" data-sitekey=\"6Ld4EugUAAAAAJvYZTFZFw4yvPEV5y9V3WrVPe14\"><\/div><input type=\"text\" name=\"g-recaptcha-hidden\" class=\"wpforms-recaptcha-hidden\" style=\"position:absolute!important;clip:rect(0,0,0,0)!important;height:1px!important;width:1px!important;border:0!important;overflow:hidden!important;padding:0!important;margin:0!important;\" data-rule-recaptcha=\"1\"><\/div><div class=\"wpforms-submit-container\" ><input type=\"hidden\" name=\"wpforms[id]\" value=\"29624\"><input type=\"hidden\" name=\"page_title\" value=\"\"><input type=\"hidden\" name=\"page_url\" value=\"https:\/\/www.conferento.com\/fr\/wp-json\/wp\/v2\/pages\/25262\"><button type=\"submit\" name=\"wpforms[submit]\" id=\"wpforms-submit-29624\" class=\"wpforms-submit\" data-alt-text=\"Envoyer ...\" data-submit-text=\"Envoyer\" aria-live=\"assertive\" value=\"wpforms-submit\">Envoyer<\/button><\/div><label class=\"apbct_special_field\" id=\"apbct_label_id52744\" for=\"apbct__email_id__wp_wpforms_52744\">52744<\/label><input\n            id=\"apbct__email_id__wp_wpforms_52744\"\n            class=\"apbct_special_field apbct__email_id__wp_wpforms\"\n            name=\"apbct__email_id__wp_wpforms_52744\"\n            type=\"text\" size=\"30\" maxlength=\"200\" autocomplete=\"off\"\n            value=\"52744\" apbct_event_id=\"52744\"\n            \/><input id=\"apbct_event_id_wp_wpforms_52744\"\n                class=\"apbct_special_field\" name=\"apbct_event_id\" type=\"hidden\" value=\"52744\" \/><\/form><\/div>  <!-- .wpforms-container -->[vc_separator css=\u00a0\u00bb.vc_custom_1586338773925{margin-top: 25px !important;margin-bottom: 25px !important;}\u00a0\u00bb][vc_column_text]<strong>Informations obligatoires conform\u00e9ment \u00e0 l\u2019article 13 du RPGD <\/strong><\/p>\n<p style=\"font-size: 10px; line-height: 12px;\">En cas de premier contact, nous sommes tenus, en vertu de l\u2019article 12, du RPGP 13, de vous fournir les informations obligatoires suivantes relatives \u00e0 la protection des donn\u00e9es: Si vous nous contactez par e-mail, nous ne traiterons vos donn\u00e9es \u00e0 caract\u00e8re personnel un int\u00e9r\u00eat l\u00e9gitime existe (article 6 (1) (f) du GDPR), vous avez consenti au traitement de donn\u00e9es (article 6 (1) a) du GDPR), au traitement pour l\u2019initiation, la justification, le contenu ou la modification d\u2019un rapport juridique entre Vous et nous sommes tenus de respecter (article 6 (1) b) du RGPD) ou tout autre crit\u00e8re juridique autorisant le traitement. Vos donn\u00e9es personnelles restent avec nous jusqu\u2019\u00e0 ce que vous nous demandiez de les supprimer, de r\u00e9voquer votre consentement au stockage ou que le but du stockage des donn\u00e9es soit omis (par exemple, une fois que votre probl\u00e8me a \u00e9t\u00e9 trait\u00e9). Les dispositions l\u00e9gales obligatoires \u2013 en particulier les p\u00e9riodes de r\u00e9tention fiscale et commerciale \u2013 restent inchang\u00e9es. Vous devez toujours obtenir gratuitement des informations sur l\u2019origine, le destinataire et le but de vos donn\u00e9es personnelles stock\u00e9es le droit. Vous disposez \u00e9galement d\u2019un droit d\u2019appel, \u00e0 la portabilit\u00e9 des donn\u00e9es et le droit de faire appel \u00e0 l\u2019autorit\u00e9 de surveillance comp\u00e9tente. Vous pouvez \u00e9galement demander la rectification, la suppression et, dans certaines circonstances, la limitation du traitement de vos donn\u00e9es personnelles. Veuillez consulter notre <a href=\"https:\/\/www.conferento.com\/fr\/datenschutz\">R\u00e8gles de confidentialit\u00e9<\/a> pour plus de d\u00e9tails. Vous pouvez contacter notre responsable de la protection des donn\u00e9es \u00e0 datenschutz@cincomedia.eu.<\/p>\n<p>[\/vc_column_text][\/vc_column][\/vc_row]<\/p>\n<\/div>","protected":false},"excerpt":{"rendered":"<p>[vc_row full_width=\u00a0\u00bbstretch_row\u00a0\u00bb css=\u00a0\u00bb.vc_custom_1586338568590{background-color: #ffffff !important;}\u00a0\u00bb][vc_column width=\u00a0\u00bb1\/2&Prime;][vc_raw_html]JTNDaDElMjBzdHlsZSUzRCUyMnRleHQtYWxpZ24lM0ElMjBsZWZ0JTNCJTIyJTNFJTNDc3BhbiUyMHN0eWxlJTNEJTIyY29sb3IlM0ElMjByZ2JhJTI4MCUyQzAlMkMwJTJDMC44NyUyOSUzQiUyMiUzRUNvb3Jkb25uJUMzJUE5ZXMlM0MlMkZzcGFuJTNFJTNDJTJGaDElM0U=[\/vc_raw_html][vc_separator color=\u00a0\u00bbcustom\u00a0\u00bb align=\u00a0\u00bbalign_left\u00a0\u00bb border_width=\u00a0\u00bb3&Prime; el_width=\u00a0\u00bb10&Prime; accent_color=\u00a0\u00bb#6e98e3&Prime; css=\u00a0\u00bb.vc_custom_1586336971411{margin-top: -15px !important;}\u00a0\u00bb][vc_column_text] Utilisez le formulaire de contact pour toutes les questions. Nous prendrons en charge votre demande dans les meilleurs d\u00e9lais et vous r\u00e9pondrons. [\/vc_column_text][vc_column_text] T\u00e9l\u00e9phone +49 176 377 090 70[\/vc_column_text][vc_column_text] Courriel info@conferento.com[\/vc_column_text][vc_column_text] Site Internet www.conferento.com[\/vc_column_text][vc_column_text] Adresse Rosa-Hoffmann-Stra\u00dfe 33 \u2022 A-5020 Salzbourg[\/vc_column_text][vc_column_text] Heures &hellip; <br \/><a href=\"https:\/\/www.conferento.com\/fr\/kontakt\/\" class=\"more-link\">Continue reading <span class=\"screen-reader-text\">Votre contact avec nous<\/span><\/a><\/p>\n","protected":false},"author":1,"featured_media":0,"parent":0,"menu_order":0,"comment_status":"closed","ping_status":"closed","template":"","meta":{"inline_featured_image":false,"footnotes":""},"class_list":["post-25262","page","type-page","status-publish","hentry"],"_links":{"self":[{"href":"https:\/\/www.conferento.com\/fr\/wp-json\/wp\/v2\/pages\/25262","targetHints":{"allow":["GET"]}}],"collection":[{"href":"https:\/\/www.conferento.com\/fr\/wp-json\/wp\/v2\/pages"}],"about":[{"href":"https:\/\/www.conferento.com\/fr\/wp-json\/wp\/v2\/types\/page"}],"author":[{"embeddable":true,"href":"https:\/\/www.conferento.com\/fr\/wp-json\/wp\/v2\/users\/1"}],"replies":[{"embeddable":true,"href":"https:\/\/www.conferento.com\/fr\/wp-json\/wp\/v2\/comments?post=25262"}],"version-history":[{"count":0,"href":"https:\/\/www.conferento.com\/fr\/wp-json\/wp\/v2\/pages\/25262\/revisions"}],"wp:attachment":[{"href":"https:\/\/www.conferento.com\/fr\/wp-json\/wp\/v2\/media?parent=25262"}],"curies":[{"name":"wp","href":"https:\/\/api.w.org\/{rel}","templated":true}]}}