{"id":7583,"date":"2017-08-31T08:30:52","date_gmt":"2017-08-31T08:30:52","guid":{"rendered":"https:\/\/conferento.com\/kontakt"},"modified":"2020-04-11T05:50:36","modified_gmt":"2020-04-11T05:50:36","slug":"contacto","status":"publish","type":"page","link":"https:\/\/www.conferento.com\/es\/contacto\/","title":{"rendered":"Su contacto con nosotros"},"content":{"rendered":"<div class=\"wpb-content-wrapper\"><p>[vc_row full_width=\u00bbstretch_row\u00bb css=\u00bb.vc_custom_1586338568590{background-color: #ffffff !important;}\u00bb][vc_column width=\u00bb1\/2&#8243;][vc_raw_html]JTNDaDElMjBzdHlsZSUzRCUyMnRleHQtYWxpZ24lM0ElMjBsZWZ0JTNCJTIyJTNFJTNDc3BhbiUyMHN0eWxlJTNEJTIyY29sb3IlM0ElMjByZ2JhJTI4MCUyQzAlMkMwJTJDMC44NyUyOSUzQiUyMiUzRURhdG9zJTIwZGUlMjBjb250YWN0byUzQyUyRnNwYW4lM0UlM0MlMkZoMSUzRQ==[\/vc_raw_html][vc_separator color=\u00bbcustom\u00bb align=\u00bbalign_left\u00bb border_width=\u00bb3&#8243; el_width=\u00bb10&#8243; accent_color=\u00bb#6e98e3&#8243; css=\u00bb.vc_custom_1586336971411{margin-top: -15px !important;}\u00bb][vc_column_text]<\/p>\n<p>Use el formulario de contacto para todas las preguntas. Nos ocuparemos de su solicitud lo antes posible y le responderemos.<\/p>\n<p>[\/vc_column_text][vc_column_text]<img loading=\"lazy\" decoding=\"async\" class=\"alignleft wp-image-29399 size-full\" src=\"https:\/\/www.conferento.com\/wp-content\/uploads\/2020\/04\/conf-contact5.svg\" alt=\"\" width=\"40\" height=\"55\" \/> <b style=\"font-size: 16px;\">Tel\u00e9fono<\/b><br \/>\n+49 176 377 090 70[\/vc_column_text][vc_column_text]<img loading=\"lazy\" decoding=\"async\" class=\"alignleft wp-image-29399 size-full\" src=\"https:\/\/www.conferento.com\/wp-content\/uploads\/2020\/04\/conf-contact3.svg\" alt=\"\" width=\"40\" height=\"55\" \/> <b style=\"font-size: 16px;\">Correo electr\u00f3nico<\/b><br \/>\ninfo@conferento.com[\/vc_column_text][vc_column_text]<img loading=\"lazy\" decoding=\"async\" class=\"alignleft wp-image-29399 size-full\" src=\"https:\/\/www.conferento.com\/wp-content\/uploads\/2020\/04\/conf-contact2.svg\" alt=\"\" width=\"40\" height=\"55\" \/> <b style=\"font-size: 16px;\">Sitio web<\/b><br \/>\nwww.conferento.com[\/vc_column_text][vc_column_text]<img loading=\"lazy\" decoding=\"async\" class=\"alignleft wp-image-29399 size-full\" src=\"https:\/\/www.conferento.com\/wp-content\/uploads\/2020\/04\/conf-contact4.svg\" alt=\"\" width=\"40\" height=\"55\" \/> <b style=\"font-size: 16px;\">Direcci\u00f3n<\/b><br \/>\nRosa-Hoffmann-Stra\u00dfe 33 \u2022 A-5020 Salzburgo[\/vc_column_text][vc_column_text]<img loading=\"lazy\" decoding=\"async\" class=\"alignleft wp-image-29399 size-full\" src=\"https:\/\/www.conferento.com\/wp-content\/uploads\/2020\/04\/conf-contact1.svg\" alt=\"\" width=\"40\" height=\"55\" \/> <b style=\"font-size: 16px;\">Horario de oficina<\/b><br \/>\nLunes a viernes de 9 a.m. a 5 p.m.[\/vc_column_text][\/vc_column][vc_column width=\u00bb1\/2&#8243;][vc_raw_html]JTNDaDElMjBzdHlsZSUzRCUyMnRleHQtYWxpZ24lM0ElMjBsZWZ0JTNCJTIyJTNFJTNDc3BhbiUyMHN0eWxlJTNEJTIyY29sb3IlM0ElMjByZ2JhJTI4MCUyQzAlMkMwJTJDMC44NyUyOSUzQiUyMiUzRUZvcm11bGFyaW8lMjBkZSUyMGNvbnRhY3RvJTNDJTJGc3BhbiUzRSUzQyUyRmgxJTNF[\/vc_raw_html][vc_separator color=\u00bbcustom\u00bb align=\u00bbalign_left\u00bb border_width=\u00bb3&#8243; el_width=\u00bb10&#8243; accent_color=\u00bb#6e98e3&#8243; css=\u00bb.vc_custom_1586336982078{margin-top: -15px !important;}\u00bb]<div class=\"wpforms-container wpforms-container-full\" id=\"wpforms-29524\"><form id=\"wpforms-form-29524\" class=\"wpforms-validate wpforms-form\" data-formid=\"29524\" method=\"post\" enctype=\"multipart\/form-data\" action=\"\/es\/wp-json\/wp\/v2\/pages\/7583\" data-token=\"7114407992758f47ae0a7c4f8bb6ab9b\" data-token-time=\"1776334707\"><noscript class=\"wpforms-error-noscript\">Por favor, activa JavaScript en tu navegador para completar este formulario.<\/noscript><div class=\"wpforms-field-container\"><div id=\"wpforms-29524-field_0-container\" class=\"wpforms-field wpforms-field-name\" data-field-id=\"0\"><label class=\"wpforms-field-label\">Nombre <span class=\"wpforms-required-label\">*<\/span><\/label><div class=\"wpforms-field-row wpforms-field-medium\"><div class=\"wpforms-field-row-block wpforms-first wpforms-one-half\"><input type=\"text\" id=\"wpforms-29524-field_0\" class=\"wpforms-field-name-first wpforms-field-required\" name=\"wpforms[fields][0][first]\" required><label for=\"wpforms-29524-field_0\" class=\"wpforms-field-sublabel after\">Nombre<\/label><\/div><div class=\"wpforms-field-row-block wpforms-one-half\"><input type=\"text\" id=\"wpforms-29524-field_0-last\" class=\"wpforms-field-name-last wpforms-field-required\" name=\"wpforms[fields][0][last]\" required><label for=\"wpforms-29524-field_0-last\" class=\"wpforms-field-sublabel after\">Apellidos<\/label><\/div><\/div><\/div><div id=\"wpforms-29524-field_1-container\" class=\"wpforms-field wpforms-field-email\" data-field-id=\"1\"><label class=\"wpforms-field-label\" for=\"wpforms-29524-field_1\">E-Mail <span class=\"wpforms-required-label\">*<\/span><\/label><input type=\"email\" id=\"wpforms-29524-field_1\" class=\"wpforms-field-medium wpforms-field-required\" name=\"wpforms[fields][1]\" spellcheck=\"false\" required><\/div><div id=\"wpforms-29524-field_2-container\" class=\"wpforms-field wpforms-field-textarea\" data-field-id=\"2\"><label class=\"wpforms-field-label\" for=\"wpforms-29524-field_2\">Comentario o mensaje <span class=\"wpforms-required-label\">*<\/span><\/label><textarea id=\"wpforms-29524-field_2\" class=\"wpforms-field-medium wpforms-field-required\" name=\"wpforms[fields][2]\" required><\/textarea><\/div><div id=\"wpforms-29524-field_3-container\" class=\"wpforms-field wpforms-field-checkbox\" data-field-id=\"3\"><label class=\"wpforms-field-label\">Pol\u00edtica de privacidad<\/label><ul id=\"wpforms-29524-field_3\"><li class=\"choice-1 depth-1\"><input type=\"checkbox\" id=\"wpforms-29524-field_3_1\" name=\"wpforms[fields][3][]\" value=\"Acepto la politica de privacidad\"  ><label class=\"wpforms-field-label-inline\" for=\"wpforms-29524-field_3_1\">Acepto la politica de privacidad<\/label><\/li><\/ul><\/div><\/div><!-- .wpforms-field-container --><div class=\"wpforms-recaptcha-container wpforms-is-recaptcha wpforms-is-recaptcha-type-v2\" ><div class=\"g-recaptcha\" data-sitekey=\"6Ld4EugUAAAAAJvYZTFZFw4yvPEV5y9V3WrVPe14\"><\/div><input type=\"text\" name=\"g-recaptcha-hidden\" class=\"wpforms-recaptcha-hidden\" style=\"position:absolute!important;clip:rect(0,0,0,0)!important;height:1px!important;width:1px!important;border:0!important;overflow:hidden!important;padding:0!important;margin:0!important;\" data-rule-recaptcha=\"1\"><\/div><div class=\"wpforms-submit-container\" ><input type=\"hidden\" name=\"wpforms[id]\" value=\"29524\"><input type=\"hidden\" name=\"page_title\" value=\"\"><input type=\"hidden\" name=\"page_url\" value=\"https:\/\/www.conferento.com\/es\/wp-json\/wp\/v2\/pages\/7583\"><button type=\"submit\" name=\"wpforms[submit]\" id=\"wpforms-submit-29524\" class=\"wpforms-submit\" data-alt-text=\"Enviar ...\" data-submit-text=\"Enviar\" aria-live=\"assertive\" value=\"wpforms-submit\">Enviar<\/button><\/div><label class=\"apbct_special_field\" id=\"apbct_label_id72204\" for=\"apbct__email_id__wp_wpforms_72204\">72204<\/label><input\n            id=\"apbct__email_id__wp_wpforms_72204\"\n            class=\"apbct_special_field apbct__email_id__wp_wpforms\"\n            name=\"apbct__email_id__wp_wpforms_72204\"\n            type=\"text\" size=\"30\" maxlength=\"200\" autocomplete=\"off\"\n            value=\"72204\" apbct_event_id=\"72204\"\n            \/><input id=\"apbct_event_id_wp_wpforms_72204\"\n                class=\"apbct_special_field\" name=\"apbct_event_id\" type=\"hidden\" value=\"72204\" \/><\/form><\/div>  <!-- .wpforms-container -->[vc_separator css=\u00bb.vc_custom_1586338773925{margin-top: 25px !important;margin-bottom: 25px !important;}\u00bb][vc_column_text]<strong>Informaci\u00f3n obligatoria de conformidad con el art\u00edculo 13 del RGPD <\/strong><\/p>\n<p style=\"font-size: 10px; line-height: 12px;\">En el caso del contacto inicial, estamos obligados, de conformidad con el art\u00edculo 12, 13 del RGPD, a proporcionarle la siguiente informaci\u00f3n obligatoria de protecci\u00f3n de datos: si se comunica con nosotros por correo electr\u00f3nico, procesaremos sus datos personales solo en la medida en que el procesamiento existe un inter\u00e9s leg\u00edtimo (Art\u00edculo 6 (1) (f) GDPR), usted ha dado su consentimiento para el procesamiento de datos (Art\u00edculo 6 (1) (a) GDPR), el procesamiento para el inicio, justificaci\u00f3n, contenido o modificaci\u00f3n de una relaci\u00f3n legal entre Usted y nosotros estamos obligados (Art\u00edculo 6 (1) (b) GDPR) o cualquier otra norma legal que permita el procesamiento. Sus datos personales permanecen con nosotros hasta que nos solicite la eliminaci\u00f3n, revoque su consentimiento para el almacenamiento o se omita el prop\u00f3sito para el almacenamiento de datos (por ejemplo, despu\u00e9s de completar su inquietud). Las disposiciones legales obligatorias, en particular los per\u00edodos de retenci\u00f3n fiscal y comercial, no se ven afectadas. Tiene derecho en cualquier momento a recibir informaci\u00f3n sobre el origen, el destinatario y el prop\u00f3sito de sus datos personales almacenados de forma gratuita. Tambi\u00e9n tiene derecho de oposici\u00f3n, portabilidad de datos y derecho de apelaci\u00f3n ante la autoridad reguladora correspondiente. Tambi\u00e9n puede solicitar la rectificaci\u00f3n, eliminaci\u00f3n y, en determinadas circunstancias, la restricci\u00f3n del procesamiento de sus datos personales. Consulte nuestra <a href=\"https:\/\/www.conferento.com\/es\/politica-de-privacidad\">Pol\u00edtica de privacidad<\/a> para obtener m\u00e1s informaci\u00f3n. Puede comunicarse con nuestro oficial de protecci\u00f3n de datos en datenschutz@cincomedia.eu.<\/p>\n<p>[\/vc_column_text][\/vc_column][\/vc_row]<\/p>\n<\/div>","protected":false},"excerpt":{"rendered":"<p>[vc_row full_width=\u00bbstretch_row\u00bb css=\u00bb.vc_custom_1586338568590{background-color: #ffffff !important;}\u00bb][vc_column width=\u00bb1\/2&#8243;][vc_raw_html]JTNDaDElMjBzdHlsZSUzRCUyMnRleHQtYWxpZ24lM0ElMjBsZWZ0JTNCJTIyJTNFJTNDc3BhbiUyMHN0eWxlJTNEJTIyY29sb3IlM0ElMjByZ2JhJTI4MCUyQzAlMkMwJTJDMC44NyUyOSUzQiUyMiUzRURhdG9zJTIwZGUlMjBjb250YWN0byUzQyUyRnNwYW4lM0UlM0MlMkZoMSUzRQ==[\/vc_raw_html][vc_separator color=\u00bbcustom\u00bb align=\u00bbalign_left\u00bb border_width=\u00bb3&#8243; el_width=\u00bb10&#8243; accent_color=\u00bb#6e98e3&#8243; css=\u00bb.vc_custom_1586336971411{margin-top: -15px !important;}\u00bb][vc_column_text] Use el formulario de contacto para todas las preguntas. Nos ocuparemos de su solicitud lo antes posible y le responderemos. [\/vc_column_text][vc_column_text] Tel\u00e9fono +49 176 377 090 70[\/vc_column_text][vc_column_text] Correo electr\u00f3nico info@conferento.com[\/vc_column_text][vc_column_text] Sitio web www.conferento.com[\/vc_column_text][vc_column_text] Direcci\u00f3n Rosa-Hoffmann-Stra\u00dfe 33 \u2022 A-5020 Salzburgo[\/vc_column_text][vc_column_text] Horario de &hellip; <br \/><a href=\"https:\/\/www.conferento.com\/es\/contacto\/\" class=\"more-link\">Continue reading <span class=\"screen-reader-text\">Su contacto con nosotros<\/span><\/a><\/p>\n","protected":false},"author":1,"featured_media":0,"parent":0,"menu_order":0,"comment_status":"closed","ping_status":"closed","template":"","meta":{"inline_featured_image":false,"footnotes":""},"class_list":["post-7583","page","type-page","status-publish","hentry"],"_links":{"self":[{"href":"https:\/\/www.conferento.com\/es\/wp-json\/wp\/v2\/pages\/7583","targetHints":{"allow":["GET"]}}],"collection":[{"href":"https:\/\/www.conferento.com\/es\/wp-json\/wp\/v2\/pages"}],"about":[{"href":"https:\/\/www.conferento.com\/es\/wp-json\/wp\/v2\/types\/page"}],"author":[{"embeddable":true,"href":"https:\/\/www.conferento.com\/es\/wp-json\/wp\/v2\/users\/1"}],"replies":[{"embeddable":true,"href":"https:\/\/www.conferento.com\/es\/wp-json\/wp\/v2\/comments?post=7583"}],"version-history":[{"count":0,"href":"https:\/\/www.conferento.com\/es\/wp-json\/wp\/v2\/pages\/7583\/revisions"}],"wp:attachment":[{"href":"https:\/\/www.conferento.com\/es\/wp-json\/wp\/v2\/media?parent=7583"}],"curies":[{"name":"wp","href":"https:\/\/api.w.org\/{rel}","templated":true}]}}