{"id":7510,"date":"2017-09-01T01:45:35","date_gmt":"2017-09-01T01:45:35","guid":{"rendered":"https:\/\/conferento.com\/anbieter-informationen"},"modified":"2020-07-03T05:35:15","modified_gmt":"2020-07-03T05:35:15","slug":"publica-sus-espacios","status":"publish","type":"page","link":"https:\/\/www.conferento.com\/es\/publica-sus-espacios\/","title":{"rendered":"Publica su(s) Espacio(s)"},"content":{"rendered":"<div class=\"wpb-content-wrapper\"><p>[vc_row][vc_column][vc_empty_space height=\u00bb30px\u00bb][vc_raw_html]JTNDaDElMjBzdHlsZSUzRCUyMnRleHQtYWxpZ24lM0ElMjBjZW50ZXIlM0IlMjIlM0UlM0NzcGFuJTIwc3R5bGUlM0QlMjJjb2xvciUzQSUyMHJnYmElMjgwJTJDMCUyQzAlMkMwLjg3JTI5JTNCJTIyJTNFSW5jbHV5ZSUyMHN1JTIwZXNwYWNpbyUyMGVuJTIwY29uZmVyZW50byUzQyUyRnNwYW4lM0UlM0MlMkZoMSUzRQ==[\/vc_raw_html][vc_separator color=\u00bbcustom\u00bb border_width=\u00bb3&#8243; el_width=\u00bb10&#8243; accent_color=\u00bb#6e98e3&#8243; css=\u00bb.vc_custom_1586336014764{margin-top: -15px !important;}\u00bb][vc_empty_space height=\u00bb5px\u00bb][\/vc_column][\/vc_row][vc_row full_width=\u00bbstretch_row\u00bb css=\u00bb.vc_custom_1586336032645{background-color: #f2f2f2 !important;}\u00bb][vc_column][vc_row_inner][vc_column_inner width=\u00bb3\/12&#8243;][vc_empty_space height=\u00bb60px\u00bb el_class=\u00bbhidden-sm hidden-xs\u00bb][vc_empty_space height=\u00bb70px\u00bb][apus_steps_work title=\u00bbRegistro\u00bb image=\u00bb241&#8243; style=\u00bbtop\u00bb description=\u00bb\u00a1Primero, reg\u00edstrese con el formulario de registro o env\u00edenos un correo electr\u00f3nico con sus datos de contacto!\u00bb][\/vc_column_inner][vc_column_inner width=\u00bb2\/12&#8243;][vc_empty_space height=\u00bb60px\u00bb el_class=\u00bbhidden-sm hidden-xs\u00bb][vc_empty_space height=\u00bb80px\u00bb][vc_single_image image=\u00bb244&#8243; img_size=\u00bbfull\u00bb el_class=\u00bbhidden-sm hidden-xs\u00bb][\/vc_column_inner][vc_column_inner width=\u00bb2\/12&#8243;][apus_steps_work title=\u00bbAnuncia su espacio gratis\u00bb image=\u00bb242&#8243; style=\u00bbbottom\u00bb description=\u00bb\u00a1Elija su categor\u00eda y enumere sus espacios, servicios y ofertas!\u00bb][\/vc_column_inner][vc_column_inner width=\u00bb2\/12&#8243;][vc_empty_space height=\u00bb80px\u00bb el_class=\u00bbhidden-sm hidden-xs\u00bb][vc_empty_space height=\u00bb90px\u00bb el_class=\u00bbhidden-sm hidden-xs\u00bb][vc_empty_space height=\u00bb90px\u00bb][vc_single_image image=\u00bb245&#8243; img_size=\u00bbfull\u00bb el_class=\u00bbhidden-sm hidden-xs\u00bb][\/vc_column_inner][vc_column_inner width=\u00bb3\/12&#8243;][vc_empty_space height=\u00bb70px\u00bb el_class=\u00bbhidden-sm hidden-xs\u00bb][vc_empty_space height=\u00bb60px\u00bb][apus_steps_work title=\u00bbPublicar\u00bb image=\u00bb243&#8243; style=\u00bbtop\u00bb description=\u00bbHaga estas ofertas en l\u00ednea con un clic del mouse y de ahora en adelante estar\u00e1 presente con nuestra oferta para nuestros clientes.\u00bb][\/vc_column_inner][\/vc_row_inner][\/vc_column][\/vc_row][vc_row][vc_column][vc_raw_html]JTNDZGl2JTIwc3R5bGUlM0QlMjJ0ZXh0LWFsaWduJTNBY2VudGVyJTNCJTIyJTNFJTBBJTNDYSUyMGhyZWYlM0QlMjJodHRwcyUzQSUyRiUyRnd3dy5jb25mZXJlbnRvLmNvbSUyRmVzJTJGcmVnaXN0cmllcmVuJTIyJTIwY2xhc3MlM0QlMjJhcHVzLXVzZXItcmVnaXN0ZXIlMjB3ZWwtdXNlciUyMGFkZC1saXN0aW5nJTIyJTNFUmVnJUMzJUFEc3RyYXRlJTIwYWhvcmElM0MlMkZhJTNFJTBBJTNDJTJGZGl2JTNF[\/vc_raw_html][vc_empty_space height=\u00bb95px\u00bb el_class=\u00bbhidden-sm hidden-xs\u00bb][\/vc_column][\/vc_row]<\/p>\n<\/div>","protected":false},"excerpt":{"rendered":"<p>[vc_row][vc_column][vc_empty_space height=\u00bb30px\u00bb][vc_raw_html]JTNDaDElMjBzdHlsZSUzRCUyMnRleHQtYWxpZ24lM0ElMjBjZW50ZXIlM0IlMjIlM0UlM0NzcGFuJTIwc3R5bGUlM0QlMjJjb2xvciUzQSUyMHJnYmElMjgwJTJDMCUyQzAlMkMwLjg3JTI5JTNCJTIyJTNFSW5jbHV5ZSUyMHN1JTIwZXNwYWNpbyUyMGVuJTIwY29uZmVyZW50byUzQyUyRnNwYW4lM0UlM0MlMkZoMSUzRQ==[\/vc_raw_html][vc_separator color=\u00bbcustom\u00bb border_width=\u00bb3&#8243; el_width=\u00bb10&#8243; accent_color=\u00bb#6e98e3&#8243; css=\u00bb.vc_custom_1586336014764{margin-top: -15px !important;}\u00bb][vc_empty_space height=\u00bb5px\u00bb][\/vc_column][\/vc_row][vc_row full_width=\u00bbstretch_row\u00bb css=\u00bb.vc_custom_1586336032645{background-color: #f2f2f2 !important;}\u00bb][vc_column][vc_row_inner][vc_column_inner width=\u00bb3\/12&#8243;][vc_empty_space height=\u00bb60px\u00bb el_class=\u00bbhidden-sm hidden-xs\u00bb][vc_empty_space height=\u00bb70px\u00bb][apus_steps_work title=\u00bbRegistro\u00bb image=\u00bb241&#8243; style=\u00bbtop\u00bb description=\u00bb\u00a1Primero, reg\u00edstrese con el formulario de registro o env\u00edenos un correo electr\u00f3nico con sus datos de contacto!\u00bb][\/vc_column_inner][vc_column_inner width=\u00bb2\/12&#8243;][vc_empty_space height=\u00bb60px\u00bb el_class=\u00bbhidden-sm hidden-xs\u00bb][vc_empty_space height=\u00bb80px\u00bb][vc_single_image image=\u00bb244&#8243; img_size=\u00bbfull\u00bb el_class=\u00bbhidden-sm hidden-xs\u00bb][\/vc_column_inner][vc_column_inner width=\u00bb2\/12&#8243;][apus_steps_work title=\u00bbAnuncia su espacio gratis\u00bb image=\u00bb242&#8243; style=\u00bbbottom\u00bb &hellip; <br \/><a href=\"https:\/\/www.conferento.com\/es\/publica-sus-espacios\/\" class=\"more-link\">Continue reading <span class=\"screen-reader-text\">Publica su(s) Espacio(s)<\/span><\/a><\/p>\n","protected":false},"author":1,"featured_media":0,"parent":0,"menu_order":0,"comment_status":"closed","ping_status":"closed","template":"","meta":{"inline_featured_image":false,"footnotes":""},"class_list":["post-7510","page","type-page","status-publish","hentry"],"_links":{"self":[{"href":"https:\/\/www.conferento.com\/es\/wp-json\/wp\/v2\/pages\/7510","targetHints":{"allow":["GET"]}}],"collection":[{"href":"https:\/\/www.conferento.com\/es\/wp-json\/wp\/v2\/pages"}],"about":[{"href":"https:\/\/www.conferento.com\/es\/wp-json\/wp\/v2\/types\/page"}],"author":[{"embeddable":true,"href":"https:\/\/www.conferento.com\/es\/wp-json\/wp\/v2\/users\/1"}],"replies":[{"embeddable":true,"href":"https:\/\/www.conferento.com\/es\/wp-json\/wp\/v2\/comments?post=7510"}],"version-history":[{"count":0,"href":"https:\/\/www.conferento.com\/es\/wp-json\/wp\/v2\/pages\/7510\/revisions"}],"wp:attachment":[{"href":"https:\/\/www.conferento.com\/es\/wp-json\/wp\/v2\/media?parent=7510"}],"curies":[{"name":"wp","href":"https:\/\/api.w.org\/{rel}","templated":true}]}}