{"id":7485,"date":"2018-04-13T11:03:28","date_gmt":"2018-04-13T11:03:28","guid":{"rendered":"https:\/\/conferento.com\/so-funktioniert-es"},"modified":"2020-04-16T05:02:47","modified_gmt":"2020-04-16T05:02:47","slug":"como-funciona","status":"publish","type":"page","link":"https:\/\/www.conferento.com\/es\/como-funciona\/","title":{"rendered":"\u00bfC\u00f3mo funciona?"},"content":{"rendered":"<div class=\"wpb-content-wrapper\"><p>[vc_row full_width=\u00bbstretch_row\u00bb css=\u00bb.vc_custom_1586593140832{margin-top: 35px !important;}\u00bb][vc_column][vc_column_text]<\/p>\n<h1 style=\"text-align: center;\"><span style=\"color: rgba(0,0,0,0.87);\">Encuentre el lugar perfecto para su evento de reuni\u00f3n o trabajo<\/span><\/h1>\n<p>[\/vc_column_text][vc_separator color=\u00bbcustom\u00bb border_width=\u00bb3&#8243; el_width=\u00bb10&#8243; accent_color=\u00bb#6e98e3&#8243; css=\u00bb.vc_custom_1586593179923{margin-top: -15px !important;}\u00bb][\/vc_column][\/vc_row][vc_row][vc_column width=\u00bb1\/2&#8243;][vc_single_image image=\u00bb29698&#8243; img_size=\u00bb350&#215;350&#8243; alignment=\u00bbcenter\u00bb][\/vc_column][vc_column width=\u00bb1\/2&#8243;][vc_column_text]<strong>Aqu\u00ed encontrar\u00e1 una descripci\u00f3n general de los proveedores para todo tipo de salas de conferencias. Desde una peque\u00f1a sala de reuniones en un centro de oficina, una sala de conferencias en un hotel, una sala en un espacio de trabajo compartido o un gran sal\u00f3n para un evento especial. Queremos hacer la b\u00fasqueda lo m\u00e1s f\u00e1cil posible para usted.<\/strong><\/p>\n<p>A continuaci\u00f3n encontrar\u00e1 informaci\u00f3n importante y consejos \u00fatiles sobre c\u00f3mo llegar a la sala de reuniones o ubicaci\u00f3n de conferencia deseada con solo unos pocos clics del mouse. Tambi\u00e9n nos complacer\u00e1 ayudarlo si no puede obtener la informaci\u00f3n que necesita aqu\u00ed.<\/p>\n<p>Reserve directamente y ahorre! Si ha encontrado la ubicaci\u00f3n correcta de la conferencia, la sala de conferencias o reuniones, reserve esta oferta directamente y sin desv\u00edos del proveedor respectivo.[\/vc_column_text][\/vc_column][\/vc_row][vc_row css=\u00bb.vc_custom_1586593922483{margin-top: 30px !important;}\u00bb][vc_column][vc_column_text]<\/p>\n<h1 style=\"text-align: center;\"><span style=\"color: rgba(0,0,0,0.87);\">As\u00ed es como funciona<\/span><\/h1>\n<p>[\/vc_column_text][vc_separator color=\u00bbcustom\u00bb border_width=\u00bb3&#8243; el_width=\u00bb10&#8243; accent_color=\u00bb#6e98e3&#8243; css=\u00bb.vc_custom_1586593179923{margin-top: -15px !important;}\u00bb][\/vc_column][\/vc_row][vc_row full_width=\u00bbstretch_row\u00bb css=\u00bb.vc_custom_1586596235532{margin-top: 20px !important;}\u00bb][vc_column width=\u00bb1\/3&#8243;][vc_single_image image=\u00bb24819&#8243; img_size=\u00bbfull\u00bb alignment=\u00bbcenter\u00bb][vc_column_text]<img loading=\"lazy\" decoding=\"async\" class=\"alignnone size-full wp-image-24801 imgab\" src=\"https:\/\/www.conferento.com\/wp-content\/uploads\/2020\/01\/step4.png\" alt=\"\" width=\"155\" height=\"35\" srcset=\"https:\/\/www.conferento.com\/wp-content\/uploads\/2020\/01\/step4.png 155w, https:\/\/www.conferento.com\/wp-content\/uploads\/2020\/01\/step4-150x35.png 150w, https:\/\/www.conferento.com\/wp-content\/uploads\/2020\/01\/step4-24x5.png 24w, https:\/\/www.conferento.com\/wp-content\/uploads\/2020\/01\/step4-36x8.png 36w, https:\/\/www.conferento.com\/wp-content\/uploads\/2020\/01\/step4-48x11.png 48w\" sizes=\"auto, (max-width: 155px) 100vw, 155px\" \/>[\/vc_column_text][vc_column_text]<\/p>\n<h3 style=\"text-align: center;\">Establecer la ubicaci\u00f3n<\/h3>\n<p style=\"text-align: center;\">Simplemente ingrese el pa\u00eds, regi\u00f3n o c\u00f3digo postal, ciudad o una direcci\u00f3n planificada y seleccione y especifique la ubicaci\u00f3n deseada ..<\/p>\n<p>[\/vc_column_text][vc_empty_space height=\u00bb20px\u00bb][\/vc_column][vc_column width=\u00bb1\/3&#8243;][vc_single_image image=\u00bb24813&#8243; img_size=\u00bbfull\u00bb alignment=\u00bbcenter\u00bb][vc_column_text]<img loading=\"lazy\" decoding=\"async\" class=\"alignnone size-full wp-image-24801 imgab\" src=\"https:\/\/www.conferento.com\/wp-content\/uploads\/2020\/01\/step4.png\" alt=\"\" width=\"155\" height=\"35\" srcset=\"https:\/\/www.conferento.com\/wp-content\/uploads\/2020\/01\/step4.png 155w, https:\/\/www.conferento.com\/wp-content\/uploads\/2020\/01\/step4-150x35.png 150w, https:\/\/www.conferento.com\/wp-content\/uploads\/2020\/01\/step4-24x5.png 24w, https:\/\/www.conferento.com\/wp-content\/uploads\/2020\/01\/step4-36x8.png 36w, https:\/\/www.conferento.com\/wp-content\/uploads\/2020\/01\/step4-48x11.png 48w\" sizes=\"auto, (max-width: 155px) 100vw, 155px\" \/>[\/vc_column_text][vc_column_text]<\/p>\n<h3 style=\"text-align: center;\">Selecciona el espacio<\/h3>\n<p style=\"text-align: center;\">Aproveche nuestras ofertas especiales, para optimizar su b\u00fasqueda y solic\u00edtenos un presupuesto online a tan solo unos clics ..<\/p>\n<p>[\/vc_column_text][vc_empty_space height=\u00bb20px\u00bb][\/vc_column][vc_column width=\u00bb1\/3&#8243;][vc_single_image image=\u00bb24807&#8243; img_size=\u00bbfull\u00bb alignment=\u00bbcenter\u00bb][vc_column_text]<\/p>\n<h3 style=\"text-align: center;\">Reserva en l\u00ednea<\/h3>\n<p style=\"text-align: center;\">Busque, encuentre y reserve los espacios adaptados para sus actividades de formaci\u00f3n, juntas del consejo, reuniones comerciales ..<\/p>\n<p>[\/vc_column_text][vc_empty_space height=\u00bb20px\u00bb][\/vc_column][\/vc_row][vc_row][vc_column][vc_column_text]<\/p>\n<p style=\"text-align: center;\"><a style=\"background: #fa2121; border-radius: 3px; padding: 8px 20px; color: white; font-size: 14px; font-weight: 600; text-align: center; text-decoration: none; display: inline-block;\" href=\"https:\/\/www.conferento.com\/es\/listings\">Todos los anuncios<\/a><\/p>\n<p>[\/vc_column_text][vc_empty_space height=\u00bb60px\u00bb][\/vc_column][\/vc_row][vc_row][vc_column][vc_column_text]<\/p>\n<h1 style=\"text-align: center;\"><span style=\"color: rgba(0,0,0,0.87);\">Tus ventajas<\/span><\/h1>\n<p>[\/vc_column_text][vc_separator color=\u00bbcustom\u00bb border_width=\u00bb3&#8243; el_width=\u00bb10&#8243; accent_color=\u00bb#6e98e3&#8243; css=\u00bb.vc_custom_1586593179923{margin-top: -15px !important;}\u00bb][vc_empty_space height=\u00bb20px\u00bb][\/vc_column][\/vc_row][vc_row full_width=\u00bbstretch_row\u00bb css=\u00bb.vc_custom_1586676629140{margin-top: -20px !important;background-color: #f2f2f2 !important;}\u00bb][vc_column width=\u00bb1\/2&#8243;][vc_column_text css=\u00bb.vc_custom_1587012691754{margin-top: 0px !important;margin-right: 0px !important;margin-bottom: 0px !important;margin-left: 0px !important;border-top-width: 0px !important;padding-top: 0px !important;padding-right: 0px !important;padding-bottom: 0px !important;padding-left: 0px !important;}\u00bb]<\/p>\n<div style=\"float: left; width: 100px; height: 140px; margin-right: 15px;\"><img loading=\"lazy\" decoding=\"async\" class=\"size-full wp-image-29568 alignnone\" src=\"https:\/\/www.conferento.com\/wp-content\/uploads\/2020\/04\/correct.svg\" alt=\"\" width=\"80\" height=\"80\" \/><\/div>\n<div>\n<h3>Gran selecci\u00f3n<\/h3>\n<p>Elija en el men\u00fa las caracter\u00edsticas del espacio requeridas y le mostraremos los mejores resultados: Salas de conferencias \u2022 Salas de seminarios \u2022 Salas de reuniones \u2022 Hoteles para convenciones \u2022 Salones para eventos \u2022 Oficinas amuebladas ..<\/p><\/div>\n<p>[\/vc_column_text][\/vc_column][vc_column width=\u00bb1\/2&#8243;][vc_column_text css=\u00bb.vc_custom_1587012666955{margin-top: 0px !important;margin-right: 0px !important;margin-bottom: 0px !important;margin-left: 0px !important;border-top-width: 0px !important;padding-top: 0px !important;padding-right: 0px !important;padding-bottom: 0px !important;padding-left: 0px !important;}\u00bb]<\/p>\n<div style=\"float: left; width: 100px; height: 140px; margin-right: 15px;\"><img loading=\"lazy\" decoding=\"async\" class=\"size-full wp-image-29568 alignnone\" src=\"https:\/\/www.conferento.com\/wp-content\/uploads\/2020\/04\/correct.svg\" alt=\"\" width=\"80\" height=\"80\" \/><\/div>\n<div>\n<h3>Mejor precio garantizado<\/h3>\n<p>Necesita un espacio de manera flexible y barata para organizar reuniones, clases o conferencias? \u2013 Encuentre los mejores precios y ofertas aqu\u00ed y obtenga una oferta individual para un evento m\u00e1s grande. Estamos felices de ayudarlo a encontrar el mejor espacio ..<\/p><\/div>\n<p>[\/vc_column_text][\/vc_column][\/vc_row][vc_row full_width=\u00bbstretch_row\u00bb css=\u00bb.vc_custom_1586676812962{margin-top: 0px !important;padding-top: 0px !important;padding-bottom: 55px !important;background-color: #f2f2f2 !important;}\u00bb][vc_column width=\u00bb1\/2&#8243;][vc_column_text css=\u00bb.vc_custom_1587012770799{margin-top: 0px !important;margin-right: 0px !important;margin-bottom: 0px !important;margin-left: 0px !important;border-top-width: 0px !important;padding-top: 0px !important;padding-right: 0px !important;padding-bottom: 0px !important;padding-left: 0px !important;}\u00bb]<\/p>\n<div style=\"float: left; width: 100px; height: 120px; margin-right: 15px;\"><img loading=\"lazy\" decoding=\"async\" class=\"size-full wp-image-29568 alignnone\" src=\"https:\/\/www.conferento.com\/wp-content\/uploads\/2020\/04\/correct.svg\" alt=\"\" width=\"80\" height=\"80\" \/><\/div>\n<div>\n<h3>Sin tarifas de reserva<\/h3>\n<p>Benef\u00edciese de una reserva gratuita \u2013 Reservar una conferencia o sala de reuniones con conferento es siempre gratuito, no hay costos de reserva ni de otro tipo ..<\/p><\/div>\n<p>[\/vc_column_text][\/vc_column][vc_column width=\u00bb1\/2&#8243;][vc_column_text css=\u00bb.vc_custom_1587012804554{margin-top: 0px !important;margin-right: 0px !important;margin-bottom: 0px !important;margin-left: 0px !important;border-top-width: 0px !important;padding-top: 0px !important;padding-right: 0px !important;padding-bottom: 0px !important;padding-left: 0px !important;}\u00bb]<\/p>\n<div style=\"float: left; width: 100px; height: 120px; margin-right: 15px;\"><img loading=\"lazy\" decoding=\"async\" class=\"size-full wp-image-29568 alignnone\" src=\"https:\/\/www.conferento.com\/wp-content\/uploads\/2020\/04\/correct.svg\" alt=\"\" width=\"80\" height=\"80\" \/><\/div>\n<div>\n<h3>Reservar directamente<\/h3>\n<p>Siempre reserve directamente de su proveedor o propietario de espacio y se comunica directamente desde la reserva con la persona de contacto respectiva ..<\/p><\/div>\n<p>[\/vc_column_text][\/vc_column][\/vc_row][vc_row full_width=\u00bbstretch_row\u00bb css=\u00bb.vc_custom_1504066126742{background-color: #f8f8f8 !important;}\u00bb][vc_column][vc_empty_space height=\u00bb40px\u00bb][\/vc_column][\/vc_row][vc_row][vc_column][vc_column_text]<\/p>\n<h1 style=\"text-align: center;\"><span style=\"color: rgba(0,0,0,0.87);\">Simple y r\u00e1pido <\/span><\/h1>\n<p>[\/vc_column_text][vc_separator color=\u00bbcustom\u00bb border_width=\u00bb3&#8243; el_width=\u00bb10&#8243; accent_color=\u00bb#6e98e3&#8243; css=\u00bb.vc_custom_1586593179923{margin-top: -15px !important;}\u00bb][vc_empty_space height=\u00bb20px\u00bb][\/vc_column][\/vc_row][vc_row][vc_column width=\u00bb1\/2&#8243;][vc_column_text]<\/p>\n<h3>Queremos que la b\u00fasqueda sea lo m\u00e1s f\u00e1cil posible para usted.<\/h3>\n<p>C\u00f3mo funciona: A continuaci\u00f3n encontrar\u00e1 informaci\u00f3n importante y consejos \u00fatiles sobre c\u00f3mo llegar a la sala de reuniones deseada o a la ubicaci\u00f3n de la conferencia con solo unos pocos clics del mouse. Nos complace poder ayudarlo si no obtiene la informaci\u00f3n que necesita aqu\u00ed. Se puede encontrar m\u00e1s informaci\u00f3n en las preguntas m\u00e1s frecuentes \u279c Preguntas frecuentes. \u00a1Reserve directamente y ahorre! Si ha encontrado la ubicaci\u00f3n adecuada para la conferencia, una sala de conferencias o una sala de reuniones, reserve esta oferta directamente y sin desv\u00edos del proveedor respectivo. Puede encontrar una descripci\u00f3n general de todos los proveedores en el directorio de proveedores. Obtenga una descripci\u00f3n general r\u00e1pida de las ofertas actuales. Simplemente ingrese su palabra clave o la categor\u00eda apropiada y su lugar, y encontrar\u00e1 las ofertas adecuadas. Durante la b\u00fasqueda, solo ofertas que son gratuitas durante el per\u00edodo deseado y, por lo tanto, se pueden reservar \u2026[\/vc_column_text][\/vc_column][vc_column width=\u00bb1\/2&#8243;][vc_single_image image=\u00bb29674&#8243; img_size=\u00bb350&#215;350&#8243; alignment=\u00bbcenter\u00bb css=\u00bb.vc_custom_1587013358998{margin-top: 20px !important;}\u00bb][\/vc_column][\/vc_row][vc_row][vc_column][vc_empty_space height=\u00bb62px\u00bb][\/vc_column][\/vc_row][vc_row][vc_column width=\u00bb1\/2&#8243;][vc_single_image image=\u00bb29680&#8243; img_size=\u00bb350&#215;350&#8243; alignment=\u00bbcenter\u00bb][\/vc_column][vc_column width=\u00bb1\/2&#8243;][vc_column_text]<\/p>\n<h3>Le ayudamos a encontrar un espacio que se ajuste perfectamente a sus necesidades ..<\/h3>\n<p>Busque por categor\u00eda o industria: encuentre proveedores con temas espec\u00edficos, como: un catering para una conferencia, o la tecnolog\u00eda apropiada del evento o proveedores de servicios tales como un servicio de transporte para sus invitados, luego simplemente navegue por el directorio de categor\u00edas. Encuentra al socio adecuado aqu\u00ed de forma r\u00e1pida y f\u00e1cil. \u00a1Aproveche nuestro servicio! Solo solicite informaci\u00f3n gratuita y recibir\u00e1 ofertas personalizadas adaptadas a sus deseos con respecto a las instalaciones para conferencias en su ubicaci\u00f3n deseada. Adem\u00e1s, recibir\u00e1 una oferta individual y personalizada de los proveedores respectivos. Un evento solo puede ser tan bueno como los proveedores que est\u00e1n detr\u00e1s y organizan todo. Nuestros proveedores solo son socios confiables y verificados. Por lo tanto, tiene una mejor orientaci\u00f3n y garant\u00eda de calidad en la b\u00fasqueda. Juega seguro para que su evento sea un \u00e9xito.[\/vc_column_text][\/vc_column][\/vc_row][vc_row][vc_column][vc_column_text]<\/p>\n<p style=\"text-align: center;\"><a style=\"background: #fa2121; border-radius: 3px; padding: 8px 20px; color: white; font-size: 14px; font-weight: 600; text-align: center; text-decoration: none; display: inline-block;\" href=\"https:\/\/www.conferento.com\/es\/faqs-preguntas-formuladas-con-frecuencia\">FAQ &#8211; Preguntas frecuentes<\/a><\/p>\n<p>[\/vc_column_text][vc_empty_space height=\u00bb62px\u00bb][\/vc_column][\/vc_row][vc_row][vc_column width=\u00bb1\/2&#8243;][vc_column_text css=\u00bb.vc_custom_1586676099008{margin-top: 0px !important;margin-right: 0px !important;margin-bottom: 0px !important;margin-left: 0px !important;border-top-width: 0px !important;padding-top: 0px !important;padding-right: 0px !important;padding-bottom: 0px !important;padding-left: 0px !important;}\u00bb]<!---<\/p>\n\n\n\n\n<div style=\"float: left; width: 100px; height: 120px; margin-right: 15px;\"><img loading=\"lazy\" decoding=\"async\" class=\"size-full wp-image-29568 alignnone\" src=\"https:\/\/www.conferento.com\/wp-content\/uploads\/2020\/04\/verified.svg\" alt=\"\" width=\"80\" height=\"80\" \/><\/div>\n\n\n\n\n<div>\n\n\n<h3>Stundenweise mieten<\/h3>\n\n\n\n\n<p>Mieten und buchen Sie Ihren Tagungs- oder Besprechungsraum sofort und jederzeit und das bereits ab einer Stunde Mietzeit mit vollem Service und in professioneller Umgebung ..<\/p><\/div>\n\n\n\n\n<p>-->[\/vc_column_text][\/vc_column][vc_column width=\u00bb1\/2&#8243;][vc_column_text css=\u00bb.vc_custom_1586676135255{margin-top: 0px !important;margin-right: 0px !important;margin-bottom: 0px !important;margin-left: 0px !important;border-top-width: 0px !important;padding-top: 0px !important;padding-right: 0px !important;padding-bottom: 0px !important;padding-left: 0px !important;}\u00bb]<!---<\/p>\n\n\n\n\n<div style=\"float: left; width: 100px; height: 120px; margin-right: 15px;\"><img loading=\"lazy\" decoding=\"async\" class=\"size-full wp-image-29568 alignnone\" src=\"https:\/\/www.conferento.com\/wp-content\/uploads\/2020\/04\/yes.svg\" alt=\"\" width=\"80\" height=\"80\" \/><\/div>\n\n\n\n\n<div>\n\n\n<h3>Freie Termine & Kapazit\u00e4ten<\/h3>\n\n\n\n\n<p>Durch unser Online Buchungstool und unser Echtzeitsystem sehen Sie sofort, wann ein gew\u00fcnschter Raum nicht belegt ist und durch Sie gebucht bzw. gemietet werden kann ..<\/p><\/div>\n\n\n\n\n<p>--->[\/vc_column_text][\/vc_column][\/vc_row][vc_row][vc_column][vc_empty_space height=\u00bb62px\u00bb][\/vc_column][\/vc_row]<\/p>\n<\/div>","protected":false},"excerpt":{"rendered":"<p>[vc_row full_width=\u00bbstretch_row\u00bb css=\u00bb.vc_custom_1586593140832{margin-top: 35px !important;}\u00bb][vc_column][vc_column_text] Encuentre el lugar perfecto para su evento de reuni\u00f3n o trabajo [\/vc_column_text][vc_separator color=\u00bbcustom\u00bb border_width=\u00bb3&#8243; el_width=\u00bb10&#8243; accent_color=\u00bb#6e98e3&#8243; css=\u00bb.vc_custom_1586593179923{margin-top: -15px !important;}\u00bb][\/vc_column][\/vc_row][vc_row][vc_column width=\u00bb1\/2&#8243;][vc_single_image image=\u00bb29698&#8243; img_size=\u00bb350&#215;350&#8243; alignment=\u00bbcenter\u00bb][\/vc_column][vc_column width=\u00bb1\/2&#8243;][vc_column_text]Aqu\u00ed encontrar\u00e1 una descripci\u00f3n general de los proveedores para todo tipo de salas de conferencias. Desde una peque\u00f1a sala de reuniones en un centro de oficina, una &hellip; <br \/><a href=\"https:\/\/www.conferento.com\/es\/como-funciona\/\" class=\"more-link\">Continue reading <span class=\"screen-reader-text\">\u00bfC\u00f3mo funciona?<\/span><\/a><\/p>\n","protected":false},"author":1,"featured_media":0,"parent":0,"menu_order":0,"comment_status":"closed","ping_status":"closed","template":"","meta":{"inline_featured_image":false,"footnotes":""},"class_list":["post-7485","page","type-page","status-publish","hentry"],"_links":{"self":[{"href":"https:\/\/www.conferento.com\/es\/wp-json\/wp\/v2\/pages\/7485","targetHints":{"allow":["GET"]}}],"collection":[{"href":"https:\/\/www.conferento.com\/es\/wp-json\/wp\/v2\/pages"}],"about":[{"href":"https:\/\/www.conferento.com\/es\/wp-json\/wp\/v2\/types\/page"}],"author":[{"embeddable":true,"href":"https:\/\/www.conferento.com\/es\/wp-json\/wp\/v2\/users\/1"}],"replies":[{"embeddable":true,"href":"https:\/\/www.conferento.com\/es\/wp-json\/wp\/v2\/comments?post=7485"}],"version-history":[{"count":0,"href":"https:\/\/www.conferento.com\/es\/wp-json\/wp\/v2\/pages\/7485\/revisions"}],"wp:attachment":[{"href":"https:\/\/www.conferento.com\/es\/wp-json\/wp\/v2\/media?parent=7485"}],"curies":[{"name":"wp","href":"https:\/\/api.w.org\/{rel}","templated":true}]}}