{"id":29433,"date":"2020-04-09T07:24:10","date_gmt":"2020-04-09T07:24:10","guid":{"rendered":"https:\/\/www.conferento.com\/?page_id=29433"},"modified":"2025-02-03T09:58:25","modified_gmt":"2025-02-03T09:58:25","slug":"imprint","status":"publish","type":"page","link":"https:\/\/www.conferento.com\/en\/imprint\/","title":{"rendered":"Legal notices &#8211; Imprint"},"content":{"rendered":"<div class=\"wpb-content-wrapper\"><p>[vc_row full_width=&#8221;stretch_row&#8221; css=&#8221;.vc_custom_1586338568590{background-color: #ffffff !important;}&#8221;][vc_column width=&#8221;1\/2&#8243;][vc_raw_html]JTNDaDElMjBzdHlsZSUzRCUyMnRleHQtYWxpZ24lM0ElMjBsZWZ0JTNCJTIyJTNFJTNDc3BhbiUyMHN0eWxlJTNEJTIyY29sb3IlM0ElMjByZ2JhJTI4MCUyQzAlMkMwJTJDMC44NyUyOSUzQiUyMiUzRUNvbnRhY3QlMjBkZXRhaWxzJTNDJTJGc3BhbiUzRSUzQyUyRmgxJTNF[\/vc_raw_html][vc_separator color=&#8221;custom&#8221; align=&#8221;align_left&#8221; border_width=&#8221;3&#8243; el_width=&#8221;10&#8243; css=&#8221;.vc_custom_1586336971411{margin-top: -15px !important;}&#8221; accent_color=&#8221;#6e98e3&#8243;][vc_column_text]<img loading=\"lazy\" decoding=\"async\" class=\"alignleft wp-image-29399 size-full\" src=\"https:\/\/www.conferento.com\/wp-content\/uploads\/2020\/04\/conf-contact5.svg\" alt=\"\" width=\"40\" height=\"55\" \/> <b style=\"font-size: 16px;\">Phone<\/b><br \/>\n+49 176 377 090 70[\/vc_column_text][vc_column_text]<img loading=\"lazy\" decoding=\"async\" class=\"alignleft wp-image-29399 size-full\" src=\"https:\/\/www.conferento.com\/wp-content\/uploads\/2020\/04\/conf-contact3.svg\" alt=\"\" width=\"40\" height=\"55\" \/> <b style=\"font-size: 16px;\">E-mail<\/b><br \/>\ninfo@conferento.com[\/vc_column_text][vc_column_text]<img loading=\"lazy\" decoding=\"async\" class=\"alignleft wp-image-29399 size-full\" src=\"https:\/\/www.conferento.com\/wp-content\/uploads\/2020\/04\/conf-contact2.svg\" alt=\"\" width=\"40\" height=\"55\" \/> <b style=\"font-size: 16px;\">Homepage<\/b><br \/>\nwww.conferento.com[\/vc_column_text][vc_column_text css=&#8221;&#8221;]<img loading=\"lazy\" decoding=\"async\" class=\"alignleft wp-image-29399 size-full\" src=\"https:\/\/www.conferento.com\/wp-content\/uploads\/2020\/04\/conf-contact4.svg\" alt=\"\" width=\"40\" height=\"55\" \/> <b style=\"font-size: 16px;\">Address<\/b><br \/>\nInnsbrucker Bundesstra\u00dfe 36\/3 \u2022 A-5020 Salzburg[\/vc_column_text][vc_column_text]<img loading=\"lazy\" decoding=\"async\" class=\"alignleft wp-image-29399 size-full\" src=\"https:\/\/www.conferento.com\/wp-content\/uploads\/2020\/04\/conf-contact1.svg\" alt=\"\" width=\"40\" height=\"55\" \/> <b style=\"font-size: 16px;\">Office hours<\/b><br \/>\nMonday &#8211; Friday 9 a.m. &#8211; 5 p.m.[\/vc_column_text][\/vc_column][vc_column width=&#8221;1\/2&#8243;][vc_raw_html]JTNDaDElMjBzdHlsZSUzRCUyMnRleHQtYWxpZ24lM0ElMjBsZWZ0JTNCJTIyJTNFJTNDc3BhbiUyMHN0eWxlJTNEJTIyY29sb3IlM0ElMjByZ2JhJTI4MCUyQzAlMkMwJTJDMC44NyUyOSUzQiUyMiUzRUltcHJpbnQlMjAtJTIwTGVnYWwlMjBub3RpY2VzJTNDJTJGc3BhbiUzRSUzQyUyRmgxJTNF[\/vc_raw_html][vc_separator color=&#8221;custom&#8221; align=&#8221;align_left&#8221; border_width=&#8221;3&#8243; el_width=&#8221;10&#8243; css=&#8221;.vc_custom_1586336982078{margin-top: -15px !important;}&#8221; accent_color=&#8221;#6e98e3&#8243;][vc_column_text css=&#8221;&#8221;]<img loading=\"lazy\" decoding=\"async\" class=\"alignnone size-full wp-image-29440\" src=\"https:\/\/www.conferento.com\/wp-content\/uploads\/2020\/04\/cinco-logo.svg\" alt=\"\" width=\"239\" height=\"34\" \/><\/p>\n<p>Software GmbH<br \/>\nInnsbrucker Bundesstra\u00dfe 36\/3<br \/>\nA-5020 Salzburg<\/p>\n<p><strong>Managing Director:<\/strong><br \/>\n<img loading=\"lazy\" decoding=\"async\" class=\"alignnone size-full wp-image-29448\" src=\"https:\/\/www.conferento.com\/wp-content\/uploads\/2020\/04\/GF.png\" alt=\"\" width=\"85\" height=\"14\" srcset=\"https:\/\/www.conferento.com\/wp-content\/uploads\/2020\/04\/GF.png 85w, https:\/\/www.conferento.com\/wp-content\/uploads\/2020\/04\/GF-24x4.png 24w, https:\/\/www.conferento.com\/wp-content\/uploads\/2020\/04\/GF-36x6.png 36w, https:\/\/www.conferento.com\/wp-content\/uploads\/2020\/04\/GF-48x8.png 48w\" sizes=\"auto, (max-width: 85px) 100vw, 85px\" \/><\/p>\n<p><strong>Commercial register:<\/strong><br \/>\nSalzburg Regional Court<\/p>\n<p><strong>Commercial register number:<\/strong><br \/>\nFN 36 11 49 b<\/p>\n<p><strong>Tax numbers:<\/strong><br \/>\nUID: ATU66522355<br \/>\nTax-Nr.: 149\/0589[\/vc_column_text][\/vc_column][\/vc_row][vc_row][vc_column][vc_separator css=&#8221;.vc_custom_1586349285541{margin-top: -15px !important;margin-bottom: 25px !important;}&#8221;][vc_column_text]<strong>Compulsory information in accordance with Article 13 GDPR <\/strong><\/p>\n<p style=\"font-size: 12px; line-height: 14px;\">In the case of initial contact, we are obliged under Art. 12, 13 GDPR to provide you with the following data protection mandatory information: If you contact us by e-mail, we process your personal data only to the extent that processing legitimate interest exists (Article 6 (1) (f) GDPR), you have consented to the processing of data (Article 6 (1) (a) GDPR), the processing for the initiation, justification, content or modification of a legal relationship between You and us are required (Article 6 (1) (b) GDPR) or any other legal standard that permits processing. Your personal data will remain with us until you ask us to delete, revoke your consent to storage or the purpose for the data storage is omitted (eg after completion of your concern). Mandatory statutory provisions \u2013 in particular tax and commercial retention periods \u2013 remain unaffected. You have the right at any time to receive information about the origin, recipient and purpose of your stored personal data free of charge. You also have a right of opposition, data portability and the right of appeal to the appropriate regulatory authority. You may also request the rectification, deletion and, under certain circumstances, the restriction of the processing of your personal data. For details, please see our <a href=\"https:\/\/www.conferento.com\/en\/privacy-policy\">Privacy policy<\/a>. You can reach our data protection officer at datenschutz@cincomedia.eu.<\/p>\n<p>[\/vc_column_text][vc_raw_html]JTNDaDElMjBzdHlsZSUzRCUyMnRleHQtYWxpZ24lM0ElMjBsZWZ0JTNCJTIyJTNFJTNDc3BhbiUyMHN0eWxlJTNEJTIyY29sb3IlM0ElMjByZ2JhJTI4MCUyQzAlMkMwJTJDMC44NyUyOSUzQiUyMiUzRVBob3RvJTIwY3JlZGl0cyUzQyUyRnNwYW4lM0UlM0MlMkZoMSUzRQ==[\/vc_raw_html][vc_separator color=&#8221;custom&#8221; align=&#8221;align_left&#8221; border_width=&#8221;3&#8243; el_width=&#8221;10&#8243; css=&#8221;.vc_custom_1586336982078{margin-top: -15px !important;}&#8221; accent_color=&#8221;#6e98e3&#8243;][vc_column_text]<\/p>\n<div style=\"font-size: 12px; line-height: 14px;\">Home Slider Image Home \u00a9 monkeybusinessimages | www.istockphoto.com Start screen \u00a9 courtneyk | www.istockphoto.com Conference room \u00a9 Dmitry Koksharov | Fotolia.com Hotels \u00a9 kasto &#8211; Fotolia.com Office Center \u00a9 mooshny &#8211; Fotolia.com Locations \u00a9 pisotskii &#8211; Fotolia.com \u00a9 mooshny | Fotolia.com \u00a9 kasto | Fotolia.com Start image \/ banner \u00a9 monkeybusinessimages | istockphoto.com Berlin Panorama on Berlin side: Panorama with Oberbaum Bridge in Berlin \u00a9 draghicich &#8211; Fotolia.com Berlin &#8211; Brandenburg Gate \u00a9 noppasin wongchum &#8211; Bigstock\u00ae Dresden Panorama on Dresden side: Panorama Dresden \u00a9 World travel images &#8211; Fotolia.com D\u00fcsseldorf Panorama on D\u00fcsseldorf side: Panorama D\u00fcsseldorf \u00a9 Igor Tarasov &#8211; Fotolia.com Frankfurt Panorama on Frankfurt side: Panorama Frankfurt \u00a9 eyetronic &#8211; Fotolia.com Hamburg Panorama on Hamburg side: Panorama Hamburg \u00a9 thorabeti &#8211; Fotolia.com Cologne Panorama on Cologne side : Panorama Cologne \u00a9 SeanPavonePhoto &#8211; Fotolia.com Leipzig panorama on Leipzig side: Panorama Leipzig \u00a9 industrieblick &#8211; Fotolia.com Mallorca panorama on Mallorca side: Panorama Mallorca \u00a9 photobeginner &#8211; Fotolia.com Munich panorama on Munich side: Panorama Munich \u00a9 davis &#8211; Fotolia.com Stuttgart Panorama on the Stuttgart side: Panorama Stuttgart \u00a9 thorabeti &#8211; Fotolia.com How `s Business Gr oup Meeting Discussion Strategy Working Concept \u00a9 Rawpixel.com | Fotolia.com Home English &#8211; Singapore \u00a9 pixabay.com Graham-H CC0 Creative Commons Home English &#8211; New York \u00a9 pixabay.com Free-Photos CC0 Creative Commons Home French &#8211; Paris \u00a9 pixabay.com TheDigitalArtist CC0 Creative Commons Home French &#8211; Marseille \u00a9 pixabay .com Samueles CC0 Creative Commons homepage French &#8211; Lyon \u00a9 pixabay.com akmd CC0 Creative Commons homepage French &#8211; Brussels \u00a9 pixabay.com dimitrisvetsikas1969 CC0 Creative Commons homepage French &#8211; Brussels \u00a9 pixabay.com dimitrisvetsikas1969 CC0 Creative Commons homepage French &#8211; Nice \u00a9 pixabay.com hpgruesen CC0 Creative Commons Home Italian &#8211; Genoa \u00a9 pixabay.com neufal54 CC0 Creative Commons Home Italian &#8211; Genoa \u00a9 pixabay.com neufal54 CC0 Creative Commons Home Italian &#8211; Turin \u00a9 pixabay.com SplitShire CC0 Creative Commons Home Spanish &#8211; Malaga \u00a9 pixabay.com postcardtrip CC0 Creative Commons S tartseite English &#8211; New York \u00a9 pixabay.com Pexels CC0 Creative Commons Home English &#8211; Singapore \u00a9 pixabay.com tpsdave CC0 Creative Commons Home Italian &#8211; Bologna \u00a9 pixabay.com alex1965 CC0 Creative Commons Home Italian &#8211; Bologna \u00a9 pixabay.com RitaMichelon CC0 Creative Commons Home Italian &#8211; Bologna \u00a9 pixabay.com DEZALB CC0 Creative Commons homepage Italian &#8211; Genoa \u00a9 pixabay.com dexmac CC0 Creative Commons homepage Italian &#8211; Genoa \u00a9 pixabay.com dexmac CC0 Creative Commons homepage English &#8211; Budapest \u00a9 pixabay.com nextvoyage CC0 Creative Commons homepage English &#8211; Budapest \u00a9 pixabay.com AdamHillTravel CC0 Creative Commons Home English &#8211; Budapest \u00a9 pixabay.com DUOTONE_ CC0 Creative Commons How it works &#8211; 2mmedia &#8211; stock.adobe.com Photographee.eu &#8211; stock.adobe.com NDABCREATIVITY &#8211; stock.adobe.com<\/div>\n<p>[\/vc_column_text][\/vc_column][\/vc_row]<\/p>\n<\/div>","protected":false},"excerpt":{"rendered":"<p>[vc_row full_width=&#8221;stretch_row&#8221; css=&#8221;.vc_custom_1586338568590{background-color: #ffffff !important;}&#8221;][vc_column width=&#8221;1\/2&#8243;][vc_raw_html]JTNDaDElMjBzdHlsZSUzRCUyMnRleHQtYWxpZ24lM0ElMjBsZWZ0JTNCJTIyJTNFJTNDc3BhbiUyMHN0eWxlJTNEJTIyY29sb3IlM0ElMjByZ2JhJTI4MCUyQzAlMkMwJTJDMC44NyUyOSUzQiUyMiUzRUNvbnRhY3QlMjBkZXRhaWxzJTNDJTJGc3BhbiUzRSUzQyUyRmgxJTNF[\/vc_raw_html][vc_separator color=&#8221;custom&#8221; align=&#8221;align_left&#8221; border_width=&#8221;3&#8243; el_width=&#8221;10&#8243; css=&#8221;.vc_custom_1586336971411{margin-top: -15px !important;}&#8221; accent_color=&#8221;#6e98e3&#8243;][vc_column_text] Phone +49 176 377 090 70[\/vc_column_text][vc_column_text] E-mail info@conferento.com[\/vc_column_text][vc_column_text] Homepage www.conferento.com[\/vc_column_text][vc_column_text css=&#8221;&#8221;] Address Innsbrucker Bundesstra\u00dfe 36\/3 \u2022 A-5020 Salzburg[\/vc_column_text][vc_column_text] Office hours Monday &#8211; Friday 9 a.m. &#8211; 5 p.m.[\/vc_column_text][\/vc_column][vc_column width=&#8221;1\/2&#8243;][vc_raw_html]JTNDaDElMjBzdHlsZSUzRCUyMnRleHQtYWxpZ24lM0ElMjBsZWZ0JTNCJTIyJTNFJTNDc3BhbiUyMHN0eWxlJTNEJTIyY29sb3IlM0ElMjByZ2JhJTI4MCUyQzAlMkMwJTJDMC44NyUyOSUzQiUyMiUzRUltcHJpbnQlMjAtJTIwTGVnYWwlMjBub3RpY2VzJTNDJTJGc3BhbiUzRSUzQyUyRmgxJTNF[\/vc_raw_html][vc_separator color=&#8221;custom&#8221; align=&#8221;align_left&#8221; border_width=&#8221;3&#8243; el_width=&#8221;10&#8243; css=&#8221;.vc_custom_1586336982078{margin-top: -15px !important;}&#8221; accent_color=&#8221;#6e98e3&#8243;][vc_column_text css=&#8221;&#8221;] Software GmbH Innsbrucker &hellip; <br \/><a href=\"https:\/\/www.conferento.com\/en\/imprint\/\" class=\"more-link\">Continue reading <span class=\"screen-reader-text\">Legal notices &#8211; Imprint<\/span><\/a><\/p>\n","protected":false},"author":1,"featured_media":0,"parent":0,"menu_order":0,"comment_status":"closed","ping_status":"closed","template":"","meta":{"inline_featured_image":false,"footnotes":""},"class_list":["post-29433","page","type-page","status-publish","hentry"],"_links":{"self":[{"href":"https:\/\/www.conferento.com\/en\/wp-json\/wp\/v2\/pages\/29433","targetHints":{"allow":["GET"]}}],"collection":[{"href":"https:\/\/www.conferento.com\/en\/wp-json\/wp\/v2\/pages"}],"about":[{"href":"https:\/\/www.conferento.com\/en\/wp-json\/wp\/v2\/types\/page"}],"author":[{"embeddable":true,"href":"https:\/\/www.conferento.com\/en\/wp-json\/wp\/v2\/users\/1"}],"replies":[{"embeddable":true,"href":"https:\/\/www.conferento.com\/en\/wp-json\/wp\/v2\/comments?post=29433"}],"version-history":[{"count":2,"href":"https:\/\/www.conferento.com\/en\/wp-json\/wp\/v2\/pages\/29433\/revisions"}],"predecessor-version":[{"id":39296,"href":"https:\/\/www.conferento.com\/en\/wp-json\/wp\/v2\/pages\/29433\/revisions\/39296"}],"wp:attachment":[{"href":"https:\/\/www.conferento.com\/en\/wp-json\/wp\/v2\/media?parent=29433"}],"curies":[{"name":"wp","href":"https:\/\/api.w.org\/{rel}","templated":true}]}}